{"id":55343,"date":"2023-09-12T14:52:28","date_gmt":"2023-09-12T12:52:28","guid":{"rendered":"https:\/\/ak47.nu\/produkt\/borner-z122-4-5mm-luftpistol-co2\/"},"modified":"2025-12-04T00:00:25","modified_gmt":"2025-12-03T23:00:25","slug":"borner-z122-45mm-air-pistol-co2","status":"publish","type":"product","link":"https:\/\/ak47.nu\/en\/product\/luftvapen\/co2-airguns\/the-co2-airguns\/borner-z122-45mm-air-pistol-co2\/","title":{"rendered":"Borner Z122 4.5mm Air Pistol Co2 | Borner"},"content":{"rendered":"<h1>Borner Z122 4.5mm Air Pistol Co2<\/h1>\n<h2>A modern air pistol for hobby shooting<\/h2>\n<p>The Borner Z-122 is a CO2-powered 4.5mm caliber air pistol with a smooth bore barrel, designed to fire .177 (4.5 mm) steel BBs. This model is a modern take of the Sig-Sauer P226 combat model and is perfect for hobby shooting. You can use both pre-tensioned trigger and self-cocking to shoot. Discover the precision and power of this air pistol. Take your shooting to the next level with Borner Z122! Find <a href=\"https:\/\/ak47.nu\/en\/shop-2\/\">suitable ammunition here<\/a>.<\/p>\n<h3>Specifications and Features<\/h3>\n<ul>\n <li>Caliber: 4.5 mm (.177)<\/li>\n <li>Magazine capacity: 20 rounds<\/li>\n <li>Barrel type: Smooth bore<\/li>\n <li>Weight: 0.4 kg<\/li>\n <li>Color: Black<\/li>\n <li>Muzzle velocity: Up to 120 m\/s<\/li>\n <li>Total length: 7.7\"<\/li>\n <li>Function: Double action<\/li>\n <li>Mounting rail: Weaver\/Picatinny<\/li>\n <li>Barrel length: 4.3\"<\/li>\n <li>Ammunition: Steel BB<\/li>\n <li>Front sight: Adjustable<\/li>\n <li>Rear sight: Adjustable<\/li>\n <li>Action: Semi-automatic<\/li>\n <li>Power source: CO2<\/li>\n <li>Blowback: No<\/li>\n<\/ul>\n<p>With adjustable sights, you can fine-tune your precision, and thanks to the Weaver\/Picatinny rail, you can easily mount accessories. The semi-automatic function and 'double action' mechanism contribute to a realistic shooting experience. The Borner Z122 is powered by CO2, which provides smooth and powerful performance. Looking for more <a href=\"https:\/\/ak47.nu\/en\/luftvapen\/co2-airguns\/\">air pistols<\/a>? Don't miss our wide range. Visit <a href=\"https:\/\/ak47.nu\/en\/\">our website<\/a> to see our full range and find accessories that suit you.<\/p>","protected":false},"excerpt":{"rendered":"<p>K\u00f6p Borner Z122 4.5mm luftpistol Co2 online &#8211; b\u00e4sta priser och snabb leverans. Utforska v\u00e5rt breda sortiment av luftpistoler med h\u00f6g kvalitet och precision. Uppt\u00e4ck Borner Z122 luftpistol med Co2-teknologi f\u00f6r en optimal skjutupplevelse. Best\u00e4ll idag och njut av en fantastisk luftvapenupplevelse.<\/p>","protected":false},"featured_media":55339,"template":"","meta":[],"product_brand":[],"product_cat":[432],"product_tag":[],"class_list":{"0":"post-55343","1":"product","2":"type-product","3":"status-publish","4":"has-post-thumbnail","6":"product_cat-pistoler-co2-airguns","7":"pa_brand-borner","9":"first","10":"outofstock","11":"taxable","12":"shipping-taxable","13":"purchasable","14":"product-type-simple"},"_links":{"self":[{"href":"https:\/\/ak47.nu\/en\/wp-json\/wp\/v2\/product\/55343","targetHints":{"allow":["GET"]}}],"collection":[{"href":"https:\/\/ak47.nu\/en\/wp-json\/wp\/v2\/product"}],"about":[{"href":"https:\/\/ak47.nu\/en\/wp-json\/wp\/v2\/types\/product"}],"wp:featuredmedia":[{"embeddable":true,"href":"https:\/\/ak47.nu\/en\/wp-json\/wp\/v2\/media\/55339"}],"wp:attachment":[{"href":"https:\/\/ak47.nu\/en\/wp-json\/wp\/v2\/media?parent=55343"}],"wp:term":[{"taxonomy":"product_brand","embeddable":true,"href":"https:\/\/ak47.nu\/en\/wp-json\/wp\/v2\/product_brand?post=55343"},{"taxonomy":"product_cat","embeddable":true,"href":"https:\/\/ak47.nu\/en\/wp-json\/wp\/v2\/product_cat?post=55343"},{"taxonomy":"product_tag","embeddable":true,"href":"https:\/\/ak47.nu\/en\/wp-json\/wp\/v2\/product_tag?post=55343"}],"curies":[{"name":"wp","href":"https:\/\/api.w.org\/{rel}","templated":true}]}}