{"id":55580,"date":"2023-09-21T15:49:27","date_gmt":"2023-09-21T13:49:27","guid":{"rendered":"https:\/\/ak47.nu\/produkt\/kolser-replika-1700-tals-pistol-flintlas\/"},"modified":"2025-12-03T22:40:54","modified_gmt":"2025-12-03T21:40:54","slug":"kolser-replika-1700-tals-pistol-flintlas","status":"publish","type":"product","link":"https:\/\/ak47.nu\/en\/product\/replikor\/aldre-vapen\/kolser-replika-1700-tals-pistol-flintlas\/","title":{"rendered":"Kolser &#8211; Replika &#8211; 1700-tals pistol &#8211; flintl\u00e5s"},"content":{"rendered":"<p>1700-tals flintl\u00e5s pistol fr\u00e5n england. Reproduktion tillverkad av kolser i metall och harts. 27 cm l\u00e5ng. en unik pj\u00e4s av europeisk vapenhistoria v\u00e4l v\u00e4rt att ing\u00e5 i din samling. Hanen kan sp\u00e4nnas och avfyras<\/p>","protected":false},"excerpt":{"rendered":"<p>Hitta en exakt replika av en 1700-tals pistol med flintl\u00e5s hos Kolser. Utforska v\u00e5rt breda utbud av autentiska och h\u00f6gkvalitativa replikor f\u00f6r samlare och entusiaster. Uppt\u00e4ck den historiska sk\u00f6nheten och precisionen hos dessa klassiska vapen. K\u00f6p din egen 1700-tals pistol med flintl\u00e5s idag!<\/p>","protected":false},"featured_media":55581,"template":"","meta":[],"product_brand":[],"product_cat":[447],"product_tag":[],"class_list":{"0":"post-55580","1":"product","2":"type-product","3":"status-publish","4":"has-post-thumbnail","6":"product_cat-aldre-vapen","7":"pa_brand-kolser","8":"pa_modell-ben-och-massing","9":"pa_modell-ben-och-stal","11":"first","12":"instock","13":"sale","14":"taxable","15":"shipping-taxable","16":"purchasable","17":"product-type-variable"},"_links":{"self":[{"href":"https:\/\/ak47.nu\/en\/wp-json\/wp\/v2\/product\/55580","targetHints":{"allow":["GET"]}}],"collection":[{"href":"https:\/\/ak47.nu\/en\/wp-json\/wp\/v2\/product"}],"about":[{"href":"https:\/\/ak47.nu\/en\/wp-json\/wp\/v2\/types\/product"}],"wp:featuredmedia":[{"embeddable":true,"href":"https:\/\/ak47.nu\/en\/wp-json\/wp\/v2\/media\/55581"}],"wp:attachment":[{"href":"https:\/\/ak47.nu\/en\/wp-json\/wp\/v2\/media?parent=55580"}],"wp:term":[{"taxonomy":"product_brand","embeddable":true,"href":"https:\/\/ak47.nu\/en\/wp-json\/wp\/v2\/product_brand?post=55580"},{"taxonomy":"product_cat","embeddable":true,"href":"https:\/\/ak47.nu\/en\/wp-json\/wp\/v2\/product_cat?post=55580"},{"taxonomy":"product_tag","embeddable":true,"href":"https:\/\/ak47.nu\/en\/wp-json\/wp\/v2\/product_tag?post=55580"}],"curies":[{"name":"wp","href":"https:\/\/api.w.org\/{rel}","templated":true}]}}