{"id":55773,"date":"2023-10-10T14:29:33","date_gmt":"2023-10-10T12:29:33","guid":{"rendered":"https:\/\/ak47.nu\/produkt\/kolser-replika-colt-navy-1851-replika-11-75-pipa-2\/"},"modified":"2026-04-25T10:38:41","modified_gmt":"2026-04-25T08:38:41","slug":"kolser-replika-colt-navy-1851-replika-11-75-pipa-2","status":"publish","type":"product","link":"https:\/\/ak47.nu\/en\/product\/replikor\/revolvrar-replikor\/kolser-replika-colt-navy-1851-replika-11-75-pipa-2\/","title":{"rendered":"Kolser &#8211; Replika &#8211; Colt Navy 1851 Replika 1:1 &#8211; 7,5&#8243; Pipa"},"content":{"rendered":"<p>Colt Navy 1851 Replika 1:1 &#8211; ~33 CM l\u00e5ng, \u00c5ttkantig 7,5&#8243; Pipa<br \/>OBS Leksaksknallpulver (12 ringar) passar till denna replika!<br \/>Denna revolver kan ej skjuta riktiga kulor utan \u00e4r enbart till f\u00f6r dekoration, historisk reenactment eller dylikt. Det rekommenderas ej att anv\u00e4nda utan knallpulver skott d\u00e5 detta kan skada revolvern \u00f6ver tid, det rekommenderas \u00e4ven att olja in mekanismens delar till och fr\u00e5n.<\/p>\n<p>Kolsers replika av revolvern Colt Navy i kaliber .36 fr\u00e5n 1851 reproducerar Samuel Colts pistol som var i produktion fram till 1873. Denna replika \u00e4r tillverkad av metall med tr\u00e4grepp och har en funktionell trel\u00e4gesmekanism och en sexkammarcylinder och den har anpassats f\u00f6r knallpulverskott.<\/p>\n<p>Tidigare k\u00e4nd som Colt Belt Revolving Pistol, det var den f\u00f6redragna revolvern av anm\u00e4rkningsv\u00e4rda individer och majoriteten av rangers f\u00f6re inb\u00f6rdeskriget.<\/p>\n<p>Tillg\u00e4nglig i olika h\u00f6gkvalitativa ytbehandlingar som \u00e5ldrad svartad m\u00e4ssing eller vittrad metall, uppn\u00e5dd genom speciella metallbehandlingar, blir denna replika en autentisk historisk pj\u00e4s.<\/p>\n<p>Kolsers Colt Navy-replika speglar m\u00e5tten p\u00e5 den autentiska pistolen, vilket s\u00e4kerst\u00e4ller en trogen reproduktion, medan dess vikt st\u00e4mmer \u00f6verens med originalet fr\u00e5n 1851 \u00e5rs modell.<\/p>\n<p>Varum\u00e4rket Kolser har f\u00e5tt ett erk\u00e4nnande p\u00e5 marknaden f\u00f6r reproduktion av vapen f\u00f6r sitt exceptionella engagemang f\u00f6r \u00f6verl\u00e4gsen kvalitet och den anm\u00e4rkningsv\u00e4rda realismen i dess repliker. Detta uppn\u00e5s genom noggrann design bit f\u00f6r bit och en noggrann manuell monteringsprocess, vilket s\u00e4kerst\u00e4ller o\u00f6vertr\u00e4ffad uppm\u00e4rksamhet p\u00e5 detaljer.<\/p>","protected":false},"excerpt":{"rendered":"<p>K\u00f6p en h\u00f6gkvalitativ kolser replika av Colt Navy 1851 med en exakt 1:1 skala och en imponerande 7,5-tums pipa. Perfekt f\u00f6r samlare och historieentusiaster. Best\u00e4ll nu och njut av autentiskt utseende och k\u00e4nsla.<\/p>","protected":false},"featured_media":55774,"template":"","meta":[],"product_brand":[],"product_cat":[443],"product_tag":[],"class_list":{"0":"post-55773","1":"product","2":"type-product","3":"status-publish","4":"has-post-thumbnail","6":"product_cat-revolvrar-replikor","7":"pa_brand-kolser","8":"pa_modell-black-metal-and-brass-wood","9":"pa_modell-old-gray-and-brass-wood","10":"pa_modell-old-gray-wood","12":"first","13":"instock","14":"taxable","15":"shipping-taxable","16":"purchasable","17":"product-type-variable"},"_links":{"self":[{"href":"https:\/\/ak47.nu\/en\/wp-json\/wp\/v2\/product\/55773","targetHints":{"allow":["GET"]}}],"collection":[{"href":"https:\/\/ak47.nu\/en\/wp-json\/wp\/v2\/product"}],"about":[{"href":"https:\/\/ak47.nu\/en\/wp-json\/wp\/v2\/types\/product"}],"wp:featuredmedia":[{"embeddable":true,"href":"https:\/\/ak47.nu\/en\/wp-json\/wp\/v2\/media\/55774"}],"wp:attachment":[{"href":"https:\/\/ak47.nu\/en\/wp-json\/wp\/v2\/media?parent=55773"}],"wp:term":[{"taxonomy":"product_brand","embeddable":true,"href":"https:\/\/ak47.nu\/en\/wp-json\/wp\/v2\/product_brand?post=55773"},{"taxonomy":"product_cat","embeddable":true,"href":"https:\/\/ak47.nu\/en\/wp-json\/wp\/v2\/product_cat?post=55773"},{"taxonomy":"product_tag","embeddable":true,"href":"https:\/\/ak47.nu\/en\/wp-json\/wp\/v2\/product_tag?post=55773"}],"curies":[{"name":"wp","href":"https:\/\/api.w.org\/{rel}","templated":true}]}}