{"id":56227,"date":"2023-10-26T15:31:31","date_gmt":"2023-10-26T13:31:31","guid":{"rendered":"https:\/\/ak47.nu\/produkt\/kolser-replika-colt-navy-confederate-1862-replika-11-75-pipa-2\/"},"modified":"2025-12-17T13:59:54","modified_gmt":"2025-12-17T12:59:54","slug":"kolser-replika-colt-navy-confederate-1862-replika-11-75-pipa-2","status":"publish","type":"product","link":"https:\/\/ak47.nu\/en\/product\/replikor\/revolvrar-replikor\/kolser-replika-colt-navy-confederate-1862-replika-11-75-pipa-2\/","title":{"rendered":"Kolser &#8211; Replika &#8211; Colt Navy Confederate 1862 Replika 1:1 &#8211; 7,5&#8243; Pipa"},"content":{"rendered":"<p>Colt Navy Confederate 1862 Replika 1:1 &#8211; ~33 CM l\u00e5ng, Cylindrisk 7,5&#8243; Pipa<br \/>OBS Leksaksknallpulver (12 ringar) passar till denna replika!<br \/>Denna revolver kan ej skjuta riktiga kulor utan \u00e4r enbart till f\u00f6r dekoration, historisk reenactment eller dylikt. Det rekommenderas ej att anv\u00e4nda utan knallpulver skott d\u00e5 detta kan skada revolvern \u00f6ver tid, det rekommenderas \u00e4ven att olja in mekanismens delar till och fr\u00e5n.<\/p>\n<p>Kolsers replika av Colt Navy Confederate fr\u00e5n 1862 \u00e5terskapar troget revolvern som ursprungligen tillverkades av Samuel Colt och bars av konfedererade soldater under det amerikanska inb\u00f6rdeskriget. \u00c4ven om den \u00e4r baserad p\u00e5 1851 \u00e5rs modell, utm\u00e4rker sig denna replika med en cylindrisk cylinder ist\u00e4llet f\u00f6r den ikoniska \u00e5ttakantiga designen.<\/p>\n<p>Kolser tillverkar denna artikel av h\u00f6g kvalitet, noggrant tillverkad med specialbehandlingar f\u00f6r att framkalla en realistisk och uppslukande upplevelse. Dess solida metallram och tr\u00e4- eller hartsgrepp erbjuder b\u00e5de historisk noggrannhet och en bekv\u00e4m upplevelse.<\/p>\n<p>Kolsers Colt Navy-replika speglar m\u00e5tten p\u00e5 den autentiska pistolen, vilket s\u00e4kerst\u00e4ller en trogen reproduktion, samtidigt som dess vikt st\u00e4mmer \u00f6verens med originalets. Denna replika har en funktionell trel\u00e4gesmekanism och en sexkammarcylinder och den har anpassats f\u00f6r knallpulverskott.<\/p>\n<p>Varum\u00e4rket Kolser har f\u00e5tt ett erk\u00e4nnande p\u00e5 marknaden f\u00f6r reproduktion av vapen f\u00f6r sitt exceptionella engagemang, f\u00f6r \u00f6verl\u00e4gsen kvalitet och den anm\u00e4rkningsv\u00e4rda realismen i dess repliker. Detta uppn\u00e5s genom noggrann design bit f\u00f6r bit och en noggrann manuell monteringsprocess, vilket s\u00e4kerst\u00e4ller o\u00f6vertr\u00e4ffad uppm\u00e4rksamhet p\u00e5 detaljer.<\/p>","protected":false},"excerpt":{"rendered":"<p>K\u00f6p den exakta replikan av Colt Navy Confederate 1862 med 7,5&#8243; pipa fr\u00e5n Kolser. H\u00f6gkvalitativ replika till ett \u00f6verkomligt pris. Perfekt f\u00f6r samlare och historieentusiaster.<\/p>","protected":false},"featured_media":56238,"template":"","meta":[],"product_brand":[],"product_cat":[443],"product_tag":[],"class_list":{"0":"post-56227","1":"product","2":"type-product","3":"status-publish","4":"has-post-thumbnail","6":"product_cat-revolvrar-replikor","7":"pa_brand-kolser","8":"pa_modell-old-black-metal-and-brass-wood","9":"pa_modell-old-black-metal-wood","10":"pa_modell-old-gray-wood","12":"first","13":"instock","14":"sale","15":"taxable","16":"shipping-taxable","17":"purchasable","18":"product-type-variable"},"_links":{"self":[{"href":"https:\/\/ak47.nu\/en\/wp-json\/wp\/v2\/product\/56227","targetHints":{"allow":["GET"]}}],"collection":[{"href":"https:\/\/ak47.nu\/en\/wp-json\/wp\/v2\/product"}],"about":[{"href":"https:\/\/ak47.nu\/en\/wp-json\/wp\/v2\/types\/product"}],"wp:featuredmedia":[{"embeddable":true,"href":"https:\/\/ak47.nu\/en\/wp-json\/wp\/v2\/media\/56238"}],"wp:attachment":[{"href":"https:\/\/ak47.nu\/en\/wp-json\/wp\/v2\/media?parent=56227"}],"wp:term":[{"taxonomy":"product_brand","embeddable":true,"href":"https:\/\/ak47.nu\/en\/wp-json\/wp\/v2\/product_brand?post=56227"},{"taxonomy":"product_cat","embeddable":true,"href":"https:\/\/ak47.nu\/en\/wp-json\/wp\/v2\/product_cat?post=56227"},{"taxonomy":"product_tag","embeddable":true,"href":"https:\/\/ak47.nu\/en\/wp-json\/wp\/v2\/product_tag?post=56227"}],"curies":[{"name":"wp","href":"https:\/\/api.w.org\/{rel}","templated":true}]}}