{"id":58923,"date":"2024-10-31T07:48:18","date_gmt":"2024-10-31T06:48:18","guid":{"rendered":"https:\/\/ak47.nu\/produkt\/okategoriserad\/kolser-replika-1700tal-fransk-flintlas-pistol-2\/"},"modified":"2025-12-03T22:41:53","modified_gmt":"2025-12-03T21:41:53","slug":"kolser-replica-18th-century-french-flintlock-pistol","status":"publish","type":"product","link":"https:\/\/ak47.nu\/en\/product\/replikor\/aldre-vapen\/kolser-replica-18th-century-french-flintlock-pistol\/","title":{"rendered":"Kolser Replica - 18th Century French Flintlock Pistol"},"content":{"rendered":"<h1>Kolser Replica - 18th Century French Flintlock Pistol<\/h1>\n<h2>Authentic Replica of an 18th Century French Flintlock Pistol<\/h2>\n<p>This beautiful replica from Kolser is a 32 cm long reproduction of an 18th-century French flintlock pistol. Made of resin and metal, this replica captures the essence of an era when these weapons were commonplace. It has a working mechanism that increases the realism, but over-stressing should be avoided to preserve it. Perfect for collectors, those interested in history, or as a decorative item.<\/p>\n<h3>Features and Benefits:<\/h3>\n<ul>\n <li><strong>Historical Replica:<\/strong> Faithfully recreates the look of an 18th-century French flintlock pistol.<\/li>\n <li><strong>Materials:<\/strong> Made of resin and metal for an authentic feel.<\/li>\n <li><strong>Working Mechanism:<\/strong> The pistol has a mechanism (not sharp) that contributes to the realism.<\/li>\n <li><strong>Decorative Use:<\/strong> Perfect for displaying at home or as part of a historical collection.<\/li>\n<\/ul>\n<p>Get your own piece of history with this amazing replica. This flintlock pistol replica is not only a beautiful decoration but also a conversation piece that sparks interest in historical weapons and times. <a href=\"https:\/\/ak47.nu\/en\/shop-2\/\">See our other replica weapons<\/a> to expand your collection. Visit our <a href=\"https:\/\/ak47.nu\/en\/replikor\/aldre-vapen\/\">weapon replica category<\/a> to find similar products. Discover more about Kolser on our <a href=\"https:\/\/ak47.nu\/en\/\">website<\/a>!<\/p>","protected":false},"excerpt":{"rendered":"<p>K\u00f6p en h\u00f6gkvalitativ replika av en fransk flintl\u00e5s pistol fr\u00e5n 1700-talet hos Kolser. Uppt\u00e4ck den autentiska designen och detaljerna i denna historiska replika som \u00e4r perfekt f\u00f6r samlare och vapenentusiaster. Best\u00e4ll nu f\u00f6r att l\u00e4gga till denna unika och eftertraktade replika i din samling.<\/p>","protected":false},"featured_media":59207,"template":"","meta":[],"product_brand":[],"product_cat":[447],"product_tag":[],"class_list":{"0":"post-58923","1":"product","2":"type-product","3":"status-publish","4":"has-post-thumbnail","6":"product_cat-aldre-vapen","7":"pa_brand-kolser","8":"pa_modell-imitation-bone-brass","9":"pa_modell-imitation-wood-brass","10":"pa_modell-imitation-wood-steel","11":"pa_modell-pair-of-imitation-bone-brass","12":"pa_modell-pair-of-imitation-wood-and-brass","13":"pa_modell-pair-of-imitation-wood-and-steel","15":"first","16":"onbackorder","17":"sale","18":"taxable","19":"shipping-taxable","20":"purchasable","21":"product-type-variable"},"_links":{"self":[{"href":"https:\/\/ak47.nu\/en\/wp-json\/wp\/v2\/product\/58923","targetHints":{"allow":["GET"]}}],"collection":[{"href":"https:\/\/ak47.nu\/en\/wp-json\/wp\/v2\/product"}],"about":[{"href":"https:\/\/ak47.nu\/en\/wp-json\/wp\/v2\/types\/product"}],"wp:featuredmedia":[{"embeddable":true,"href":"https:\/\/ak47.nu\/en\/wp-json\/wp\/v2\/media\/59207"}],"wp:attachment":[{"href":"https:\/\/ak47.nu\/en\/wp-json\/wp\/v2\/media?parent=58923"}],"wp:term":[{"taxonomy":"product_brand","embeddable":true,"href":"https:\/\/ak47.nu\/en\/wp-json\/wp\/v2\/product_brand?post=58923"},{"taxonomy":"product_cat","embeddable":true,"href":"https:\/\/ak47.nu\/en\/wp-json\/wp\/v2\/product_cat?post=58923"},{"taxonomy":"product_tag","embeddable":true,"href":"https:\/\/ak47.nu\/en\/wp-json\/wp\/v2\/product_tag?post=58923"}],"curies":[{"name":"wp","href":"https:\/\/api.w.org\/{rel}","templated":true}]}}