{"id":61669,"date":"2025-08-17T18:37:11","date_gmt":"2025-08-17T16:37:11","guid":{"rendered":"https:\/\/ak47.nu\/produkt\/okategoriserad\/solglasogon-sport-svarta-med-spegelglas\/"},"modified":"2026-04-16T15:29:44","modified_gmt":"2026-04-16T13:29:44","slug":"sport-sunglasses-black-with-blue-mirror-lens","status":"publish","type":"product","link":"https:\/\/ak47.nu\/en\/product\/tillbehor-2\/other-accessories\/sport-sunglasses-black-with-blue-mirror-lens\/","title":{"rendered":"Sport Sunglasses Black with Blue Mirror Lens"},"content":{"rendered":"<h1>Sport Sunglasses Black with Mirror Lens<\/h1>\n<h2>Trendy Sport Sunglasses with UV400 Protection<\/h2>\n<p>These matte black sunglasses combine a classic sport design with a modern wave pattern on the temples and blue mirror lenses. In addition to being a trendy accessory, they effectively protect your eyes from harmful radiation. With UV400 protection, these sunglasses filter radiation and light up to a wavelength of 400 nanometers. Perfect for those who want to combine style and protection in all situations.<\/p>\n<h3>Product Information<\/h3>\n<ul>\n <li><strong>Design:<\/strong> Classic sport design with wave pattern on the temples<\/li>\n <li><strong>Color:<\/strong> Matte black frame and blue mirror lenses<\/li>\n <li><strong>UV Protection:<\/strong> UV400, protects against radiation up to 400 nanometers<\/li>\n<\/ul>\n<h3>Specifications<\/h3>\n<ul>\n <li>Nose bridge width: ~16 mm<\/li>\n <li>Lens width: ~60 mm<\/li>\n <li>Temple length: ~12.5 cm<\/li>\n <li>Weight: ~25g<\/li>\n<\/ul>\n<p>Discover our wide range of <a href=\"https:\/\/ak47.nu\/en\/shop-2\/\">sunglasses<\/a> to find the perfect style for you. Complete your look with a pair of trendy sunglasses from our <a href=\"https:\/\/ak47.nu\/en\/tillbehor-2\/other-accessories\/\">accessories category<\/a> and enjoy both style and protection. Visit <a href=\"https:\/\/ak47.nu\/en\/\">our website<\/a> to see our full range.<\/p>","protected":false},"excerpt":{"rendered":"<p>K\u00f6p solglas\u00f6gon sport svarta med spegelglas f\u00f6r b\u00e4sta skydd och stil. V\u00e5ra solglas\u00f6gon \u00e4r perfekta f\u00f6r sportaktiviteter och ger dig en trendig look. Best\u00e4ll dina svarta solglas\u00f6gon med spegelglas idag och njut av solen med stil.<\/p>","protected":false},"featured_media":62095,"template":"","meta":[],"product_brand":[],"product_cat":[475],"product_tag":[],"class_list":{"0":"post-61669","1":"product","2":"type-product","3":"status-publish","4":"has-post-thumbnail","6":"product_cat-ovriga-tillbehor","7":"pa_brand-no-brand","9":"first","10":"instock","11":"sale","12":"taxable","13":"shipping-taxable","14":"purchasable","15":"product-type-simple"},"_links":{"self":[{"href":"https:\/\/ak47.nu\/en\/wp-json\/wp\/v2\/product\/61669","targetHints":{"allow":["GET"]}}],"collection":[{"href":"https:\/\/ak47.nu\/en\/wp-json\/wp\/v2\/product"}],"about":[{"href":"https:\/\/ak47.nu\/en\/wp-json\/wp\/v2\/types\/product"}],"wp:featuredmedia":[{"embeddable":true,"href":"https:\/\/ak47.nu\/en\/wp-json\/wp\/v2\/media\/62095"}],"wp:attachment":[{"href":"https:\/\/ak47.nu\/en\/wp-json\/wp\/v2\/media?parent=61669"}],"wp:term":[{"taxonomy":"product_brand","embeddable":true,"href":"https:\/\/ak47.nu\/en\/wp-json\/wp\/v2\/product_brand?post=61669"},{"taxonomy":"product_cat","embeddable":true,"href":"https:\/\/ak47.nu\/en\/wp-json\/wp\/v2\/product_cat?post=61669"},{"taxonomy":"product_tag","embeddable":true,"href":"https:\/\/ak47.nu\/en\/wp-json\/wp\/v2\/product_tag?post=61669"}],"curies":[{"name":"wp","href":"https:\/\/api.w.org\/{rel}","templated":true}]}}