{"id":61773,"date":"2025-08-17T18:56:30","date_gmt":"2025-08-17T16:56:30","guid":{"rendered":"https:\/\/ak47.nu\/produkt\/okategoriserad\/runda-solglasogon-guld-med-rosa-gul-lins\/"},"modified":"2025-12-11T14:00:58","modified_gmt":"2025-12-11T13:00:58","slug":"round-sunglasses-gold-pink-yellow-lens","status":"publish","type":"product","link":"https:\/\/ak47.nu\/en\/product\/tillbehor-2\/other-accessories\/round-sunglasses-gold-pink-yellow-lens\/","title":{"rendered":"Round Sunglasses Gold with Pink\/Yellow Lens"},"content":{"rendered":"<h1>Round Sunglasses Gold with Pink\/Yellow Lens<\/h1>\n<h2>Stylish Sunglasses with UV Protection<\/h2>\n<p>These stylish, round gold sunglasses offer a unique style with lenses that shift from pink to yellow. These sunglasses are not only a fashion accessory but also protect your eyes from harmful radiation.<\/p>\n<h3>UV Protection for Your Eyes<\/h3>\n<p>The sunglasses have built-in UV protection that effectively filters out harmful radiation and bright light. Protect your eyes in style. Discover more <a href=\"https:\/\/ak47.nu\/en\/shop-2\/\">trendy sunglasses<\/a> in our range and find the perfect pair for you. For more information about our range, visit our <a href=\"https:\/\/ak47.nu\/en\/tillbehor-2\/other-accessories\/\">accessories<\/a> section or go to our <a href=\"https:\/\/ak47.nu\/en\/\">homepage<\/a> to see the entire collection. <\/p>\n\n<h3>Product Information:<\/h3>\n<ul>\n<li>Nose bridge width: ~24 mm<\/li>\n<li>Glass width: ~44 mm<\/li>\n<li>Temple length: ~13 cm<\/li>\n<li>Frame color: Gold<\/li>\n<li>Lens color: Pink \/ Yellow<\/li>\n<li>Weight: 20g<\/li>\n<\/ul>","protected":false},"excerpt":{"rendered":"<p>K\u00f6p dina favorit runda solglas\u00f6gon i guld med rosa eller gul lins &#8211; perfekta f\u00f6r att ge din outfit en trendig och unik touch. Utforska v\u00e5rt sortiment av solglas\u00f6gon f\u00f6r att hitta den perfekta stilen f\u00f6r dig. Best\u00e4ll nu och njut av snabb leverans och h\u00f6g kvalitet.<\/p>","protected":false},"featured_media":61772,"template":"","meta":[],"product_brand":[],"product_cat":[475],"product_tag":[],"class_list":{"0":"post-61773","1":"product","2":"type-product","3":"status-publish","4":"has-post-thumbnail","6":"product_cat-ovriga-tillbehor","7":"pa_brand-no-brand","9":"first","10":"instock","11":"sale","12":"taxable","13":"shipping-taxable","14":"purchasable","15":"product-type-simple"},"_links":{"self":[{"href":"https:\/\/ak47.nu\/en\/wp-json\/wp\/v2\/product\/61773","targetHints":{"allow":["GET"]}}],"collection":[{"href":"https:\/\/ak47.nu\/en\/wp-json\/wp\/v2\/product"}],"about":[{"href":"https:\/\/ak47.nu\/en\/wp-json\/wp\/v2\/types\/product"}],"wp:featuredmedia":[{"embeddable":true,"href":"https:\/\/ak47.nu\/en\/wp-json\/wp\/v2\/media\/61772"}],"wp:attachment":[{"href":"https:\/\/ak47.nu\/en\/wp-json\/wp\/v2\/media?parent=61773"}],"wp:term":[{"taxonomy":"product_brand","embeddable":true,"href":"https:\/\/ak47.nu\/en\/wp-json\/wp\/v2\/product_brand?post=61773"},{"taxonomy":"product_cat","embeddable":true,"href":"https:\/\/ak47.nu\/en\/wp-json\/wp\/v2\/product_cat?post=61773"},{"taxonomy":"product_tag","embeddable":true,"href":"https:\/\/ak47.nu\/en\/wp-json\/wp\/v2\/product_tag?post=61773"}],"curies":[{"name":"wp","href":"https:\/\/api.w.org\/{rel}","templated":true}]}}