{"id":17082,"date":"2022-05-05T10:03:36","date_gmt":"2022-05-05T08:03:36","guid":{"rendered":"https:\/\/ak47.nu\/produkt\/swiss-arms-hopvikbar-bipod-av-plast-for-picatinnyskena\/"},"modified":"2025-12-03T20:23:00","modified_gmt":"2025-12-03T19:23:00","slug":"bipied-pliable-rail-picatinny-swiss-arms","status":"publish","type":"product","link":"https:\/\/ak47.nu\/fr\/produit\/tillbehor-2\/ovriga-tillbehor\/bipied-pliable-rail-picatinny-swiss-arms\/","title":{"rendered":"Bipied Pliable pour Rail Picatinny | Swiss Arms"},"content":{"rendered":"<h1>Bipied Pliable en Plastique Swiss Arms pour Rail Picatinny<\/h1>\n<h2>Bipied Stable et L\u00e9ger pour Votre Airsoft<\/h2>\n<p>Ce <strong>bipied pliable Swiss Arms<\/strong> est fabriqu\u00e9 en plastique et con\u00e7u pour \u00eatre mont\u00e9 sur un <strong>rail Picatinny<\/strong>. Il est \u00e0 la fois l\u00e9ger et stable, ce qui le rend id\u00e9al pour les joueurs d'airsoft \u00e0 la recherche d'un support fiable pour leurs armes. Sa conception pliable le rend facile \u00e0 transporter et \u00e0 ranger.<\/p>\n<h3>Caract\u00e9ristiques :<\/h3>\n<ul>\n <li><strong>Marque :<\/strong> Swiss Arms<\/li>\n <li><strong>Mat\u00e9riau :<\/strong> Plastique<\/li>\n <li><strong>Couleur :<\/strong> Noir<\/li>\n <li><strong>Compatibilit\u00e9 :<\/strong> Rail Picatinny<\/li>\n <li><strong>Fonction :<\/strong> Conception pliable pour faciliter le rangement et le transport<\/li>\n<\/ul>\n<p>Ce bipied offre un support stable et am\u00e9liore la pr\u00e9cision de tir. La fonction pliable signifie qu'il ne g\u00eane pas lorsqu'il n'est pas utilis\u00e9. Parfait pour les amateurs d'airsoft s\u00e9rieux \u00e0 la recherche d'un accessoire fiable et pratique.<\/p>\n<p>Explorez notre gamme d'<a href=\"https:\/\/ak47.nu\/fr\/butik\/\">autres accessoires d'airsoft<\/a> pour compl\u00e9ter votre \u00e9quipement. Visitez notre <a href=\"https:\/\/ak47.nu\/fr\/tillbehor-2\/ovriga-tillbehor\/\">cat\u00e9gorie d'accessoires d'armes<\/a> pour trouver d'autres produits similaires. Pour voir toute notre gamme, visitez <a href=\"https:\/\/ak47.nu\/fr\/\">notre page d'accueil<\/a>.<\/p>","protected":false},"excerpt":{"rendered":"<p>Uppt\u00e4ck Swiss Arms hopvikbara plastbipod f\u00f6r Picatinnyskena &#8211; perfekt f\u00f6r dina vapenbehov. Hopvikbar bipod av h\u00f6gkvalitativ plast som passar perfekt p\u00e5 Picatinnyskenan. K\u00f6p nu och f\u00e5 en stabil och p\u00e5litlig bipod f\u00f6r optimal precision och stabilitet.<\/p>","protected":false},"featured_media":17080,"template":"","meta":[],"product_brand":[],"product_cat":[475],"product_tag":[],"class_list":{"0":"post-17082","1":"product","2":"type-product","3":"status-publish","4":"has-post-thumbnail","6":"product_cat-ovriga-tillbehor","7":"pa_brand-swiss-arms","9":"first","10":"outofstock","11":"sale","12":"taxable","13":"shipping-taxable","14":"purchasable","15":"product-type-simple"},"_links":{"self":[{"href":"https:\/\/ak47.nu\/fr\/wp-json\/wp\/v2\/product\/17082","targetHints":{"allow":["GET"]}}],"collection":[{"href":"https:\/\/ak47.nu\/fr\/wp-json\/wp\/v2\/product"}],"about":[{"href":"https:\/\/ak47.nu\/fr\/wp-json\/wp\/v2\/types\/product"}],"wp:featuredmedia":[{"embeddable":true,"href":"https:\/\/ak47.nu\/fr\/wp-json\/wp\/v2\/media\/17080"}],"wp:attachment":[{"href":"https:\/\/ak47.nu\/fr\/wp-json\/wp\/v2\/media?parent=17082"}],"wp:term":[{"taxonomy":"product_brand","embeddable":true,"href":"https:\/\/ak47.nu\/fr\/wp-json\/wp\/v2\/product_brand?post=17082"},{"taxonomy":"product_cat","embeddable":true,"href":"https:\/\/ak47.nu\/fr\/wp-json\/wp\/v2\/product_cat?post=17082"},{"taxonomy":"product_tag","embeddable":true,"href":"https:\/\/ak47.nu\/fr\/wp-json\/wp\/v2\/product_tag?post=17082"}],"curies":[{"name":"wp","href":"https:\/\/api.w.org\/{rel}","templated":true}]}}