{"id":17173,"date":"2022-05-05T10:13:04","date_gmt":"2022-05-05T08:13:04","guid":{"rendered":"https:\/\/ak47.nu\/produkt\/airsoft-fn-scar-aeg-svart-abs\/"},"modified":"2025-12-03T20:23:06","modified_gmt":"2025-12-03T19:23:06","slug":"airsoft-fn-scar-aeg-svart-abs","status":"publish","type":"product","link":"https:\/\/ak47.nu\/fr\/produit\/airsoft\/el-drivna\/automatkarbiner\/airsoft-fn-scar-aeg-svart-abs\/","title":{"rendered":"Airsoft FN SCAR AEG (Svart) ABS"},"content":{"rendered":"<p><strong>FN SCAR AEG (Svart) ABS med Batteri &amp; Laddare inkluderat<\/strong><\/p>\n<table style=\"margin-right: calc(48%);width: 52%\">\n<tbody>\n<tr>\n<td style=\"width: 30.3052%\">Drivning<\/td>\n<td style=\"width: 69.4856%\">El<\/td>\n<\/tr>\n<tr>\n<td style=\"width: 30.3052%\">Kaliber<\/td>\n<td style=\"width: 69.4856%\">6 mm<\/td>\n<\/tr>\n<tr>\n<td style=\"width: 30.3052%\">Utg&aring;ngshastighet<\/td>\n<td style=\"width: 69.4856%\">374 FPS \/ 114m\/s with 0.2 BB&#039;s<\/td>\n<\/tr>\n<tr>\n<td style=\"width: 30.3052%\">Vikt<\/td>\n<td style=\"width: 69.4856%\">3100g<\/td>\n<\/tr>\n<tr>\n<td style=\"width: 30.3052%\">Totall&auml;ngd<\/td>\n<td style=\"width: 69.4856%\">73 cm<\/td>\n<\/tr>\n<tr>\n<td style=\"width: 30.3052%\">Magasinkapacitet<\/td>\n<td style=\"width: 69.4856%\">450st kulor<\/td>\n<\/tr>\n<tr>\n<td style=\"width: 30.3052%\">Material<\/td>\n<td style=\"width: 69.4856%\">Metal &amp; ABS<\/td>\n<\/tr>\n<tr>\n<td style=\"width: 30.3052%\">Energi<\/td>\n<td style=\"width: 69.4856%\">1,3 J<\/td>\n<\/tr>\n<tr>\n<td style=\"width: 30.3052%\">Eldalternativ<\/td>\n<td style=\"width: 69.4856%\">AEG | Safety : YES<\/td>\n<\/tr>\n<\/tbody>\n<\/table>\n<p><\/p>","protected":false},"excerpt":{"rendered":"<p>K\u00f6p Airsoft FN SCAR AEG (Svart) ABS &#8211; Kvalitetsvapen f\u00f6r airsoftspel. J\u00e4mf\u00f6r priser och hitta det b\u00e4sta erbjudandet online. S\u00e4kra din airsoftutrustning idag!<\/p>","protected":false},"featured_media":17167,"template":"","meta":[],"product_brand":[],"product_cat":[400],"product_tag":[],"class_list":{"0":"post-17173","1":"product","2":"type-product","3":"status-publish","4":"has-post-thumbnail","6":"product_cat-automatkarbiner","7":"pa_brand-fn-herstal","9":"first","10":"outofstock","11":"taxable","12":"shipping-taxable","13":"purchasable","14":"product-type-simple"},"_links":{"self":[{"href":"https:\/\/ak47.nu\/fr\/wp-json\/wp\/v2\/product\/17173","targetHints":{"allow":["GET"]}}],"collection":[{"href":"https:\/\/ak47.nu\/fr\/wp-json\/wp\/v2\/product"}],"about":[{"href":"https:\/\/ak47.nu\/fr\/wp-json\/wp\/v2\/types\/product"}],"wp:featuredmedia":[{"embeddable":true,"href":"https:\/\/ak47.nu\/fr\/wp-json\/wp\/v2\/media\/17167"}],"wp:attachment":[{"href":"https:\/\/ak47.nu\/fr\/wp-json\/wp\/v2\/media?parent=17173"}],"wp:term":[{"taxonomy":"product_brand","embeddable":true,"href":"https:\/\/ak47.nu\/fr\/wp-json\/wp\/v2\/product_brand?post=17173"},{"taxonomy":"product_cat","embeddable":true,"href":"https:\/\/ak47.nu\/fr\/wp-json\/wp\/v2\/product_cat?post=17173"},{"taxonomy":"product_tag","embeddable":true,"href":"https:\/\/ak47.nu\/fr\/wp-json\/wp\/v2\/product_tag?post=17173"}],"curies":[{"name":"wp","href":"https:\/\/api.w.org\/{rel}","templated":true}]}}