{"id":17238,"date":"2022-05-05T10:13:40","date_gmt":"2022-05-05T08:13:40","guid":{"rendered":"https:\/\/ak47.nu\/produkt\/colt-m4-hawkeye-airsoft-cybergun-180766-6mm-mosfet\/"},"modified":"2025-12-15T08:02:54","modified_gmt":"2025-12-15T07:02:54","slug":"colt-m4-hawkeye-airsoft-cybergun","status":"publish","type":"product","link":"https:\/\/ak47.nu\/fr\/produit\/airsoft\/el-drivna\/automatkarbiner\/colt-m4-hawkeye-airsoft-cybergun\/","title":{"rendered":"COLT M4 HAWKEYE Airsoft | Cybergun"},"content":{"rendered":"<h1>COLT M4 HAWKEYE - Airsoft - CYBERGUN - 180766 - 6MM - MOSFET<\/h1>\n<h2>M4 Airsoft de Haute Qualit\u00e9 avec de Nombreuses Fonctionnalit\u00e9s<\/h2>\n<p>Le fusil airsoft COLT M4 HAWKEYE de Cybergun offre une combinaison de qualit\u00e9 et de performance \u00e0 un prix abordable. Inspir\u00e9 par les armes \u00e0 feu r\u00e9volutionnaires de Samuel Colt, ce M4 combine des fonctionnalit\u00e9s modernes avec une construction robuste. Du Colt Paterson au l\u00e9gendaire Colt 1873 Single Action Army, Colt a \u00e9t\u00e9 un pionnier dans le domaine des armes \u00e0 feu pendant pr\u00e8s de deux si\u00e8cles. D\u00e9couvrez notre gamme de <a href=\"https:\/\/ak47.nu\/fr\/butik\/\">fusils airsoft Colt<\/a> d\u00e8s aujourd'hui. Pour une vue d'ensemble de toute notre gamme, visitez notre <a href=\"https:\/\/ak47.nu\/fr\/airsoft\/\">cat\u00e9gorie de fusils airsoft<\/a>. N'oubliez pas de consulter <a href=\"https:\/\/ak47.nu\/fr\/\">notre site web<\/a> pour conna\u00eetre les derni\u00e8res offres.<\/p>\n\n<h3>Fonctionnalit\u00e9s<\/h3>\n<ul>\n <li><b>Full metal :<\/b> Pour une sensation r\u00e9aliste et une grande durabilit\u00e9.<\/li>\n <li><b>Changement rapide du ressort :<\/b> Permet des changements de ressort rapides pour ajuster la vitesse de sortie.<\/li>\n <li><b>Chargeur :<\/b> Contient 300 billes pour une utilisation de longue dur\u00e9e.<\/li>\n <li><b>Modes de tir :<\/b> Full auto, semi et s\u00e9curit\u00e9 pour une flexibilit\u00e9 dans diff\u00e9rentes situations de jeu.<\/li>\n <li><b>Hop-up r\u00e9glable :<\/b> Am\u00e9liore la pr\u00e9cision et la port\u00e9e.<\/li>\n <li><b>Batterie et chargeur inclus :<\/b> Tout ce dont vous avez besoin pour d\u00e9marrer imm\u00e9diatement.<\/li>\n <li><b>MOSFET :<\/b> Am\u00e9liore la r\u00e9ponse et prot\u00e8ge le moteur.<\/li>\n <li><b>\u00c9nergie :<\/b> 1 joule - 328 fps (100 m\/s).<\/li>\n <li><b>Syst\u00e8me M-LOK :<\/b> Offre la possibilit\u00e9 de fixer des accessoires.<\/li>\n<\/ul>\n\n<h3>Sp\u00e9cifications<\/h3>\n<ul>\n <li><b>Longueur :<\/b> 795mm<\/li>\n <li><b>Longueur du canon :<\/b> 363mm<\/li>\n <li><b>Poids :<\/b> 2990 grammes<\/li>\n <li><b>Contact de la batterie :<\/b> Petit Tamaya<\/li>\n <li><b>Propulseur :<\/b> Batterie<\/li>\n <li><b>Type de bo\u00eete de vitesses :<\/b> Bo\u00eete de vitesses V2<\/li>\n <li><b>Bo\u00eete de vitesses QD :<\/b> Oui<\/li>\n<\/ul>","protected":false},"excerpt":{"rendered":"<p>K\u00f6p COLT M4 Hawkeye Airsoft fr\u00e5n Cybergun &#8211; 180766 &#8211; 6mm MOSFET | Perfekt f\u00f6r airsoft-entusiaster | H\u00f6g kvalitet och prestanda | B\u00e4sta pris online | Snabb leverans.<\/p>","protected":false},"featured_media":17234,"template":"","meta":[],"product_brand":[],"product_cat":[400],"product_tag":[],"class_list":{"0":"post-17238","1":"product","2":"type-product","3":"status-publish","4":"has-post-thumbnail","6":"product_cat-automatkarbiner","7":"pa_brand-colt","9":"first","10":"outofstock","11":"sale","12":"taxable","13":"shipping-taxable","14":"purchasable","15":"product-type-simple"},"_links":{"self":[{"href":"https:\/\/ak47.nu\/fr\/wp-json\/wp\/v2\/product\/17238","targetHints":{"allow":["GET"]}}],"collection":[{"href":"https:\/\/ak47.nu\/fr\/wp-json\/wp\/v2\/product"}],"about":[{"href":"https:\/\/ak47.nu\/fr\/wp-json\/wp\/v2\/types\/product"}],"wp:featuredmedia":[{"embeddable":true,"href":"https:\/\/ak47.nu\/fr\/wp-json\/wp\/v2\/media\/17234"}],"wp:attachment":[{"href":"https:\/\/ak47.nu\/fr\/wp-json\/wp\/v2\/media?parent=17238"}],"wp:term":[{"taxonomy":"product_brand","embeddable":true,"href":"https:\/\/ak47.nu\/fr\/wp-json\/wp\/v2\/product_brand?post=17238"},{"taxonomy":"product_cat","embeddable":true,"href":"https:\/\/ak47.nu\/fr\/wp-json\/wp\/v2\/product_cat?post=17238"},{"taxonomy":"product_tag","embeddable":true,"href":"https:\/\/ak47.nu\/fr\/wp-json\/wp\/v2\/product_tag?post=17238"}],"curies":[{"name":"wp","href":"https:\/\/api.w.org\/{rel}","templated":true}]}}