{"id":17306,"date":"2022-05-05T10:14:09","date_gmt":"2022-05-05T08:14:09","guid":{"rendered":"https:\/\/ak47.nu\/produkt\/well-m16-replika-mr-722-fjaderdrivet-6mm-airsoft-gevar-2\/"},"modified":"2025-12-03T20:25:35","modified_gmt":"2025-12-03T19:25:35","slug":"well-m16-replika-mr-722-fjaderdrivet-6mm-airsoft-gevar-2","status":"publish","type":"product","link":"https:\/\/ak47.nu\/fr\/produit\/airsoft\/fjader\/automatkarbiner-fjader\/well-m16-replika-mr-722-fjaderdrivet-6mm-airsoft-gevar-2\/","title":{"rendered":"WELL &#8211; M16 Replika &#8211; MR-722 fj\u00e4derdrivet 6mm Airsoft gev\u00e4r"},"content":{"rendered":"<p>WELL &#8211; M16A1 replika<\/p>\n<p>Trevligt fullstort gev&auml;r som &auml;r fj&auml;derdrivet genom att ladda precis som p&aring; orginalet.<\/p>\n<p>M16A1 &auml;r k&auml;nd fr&aring;n vietnam kriger och &auml;r designad av Eugene Stoner f&ouml;r Armalite och heter ursprungligen AR-15 men bytte namn vid inf&ouml;randet i arm&eacute;n.<\/p>\n<p>Bra start f&ouml;r den som vill uppt&auml;cka airsoft till en liten peng<\/p>\n<p>* bakre sikte med tv&aring; inst&auml;llningar<br \/>* urtagbart magasin<br \/>* fj&auml;derdrivet<br \/>* tillverkat i kraftig abs.<\/p>\n<p>Technical data:&nbsp; &nbsp;&nbsp;<\/p>\n<p>Name:&nbsp; &nbsp;&nbsp;M16 A4<br \/>Manufacturer:&nbsp; &nbsp;&nbsp;WELL<br \/>Gun propulsion:&nbsp; &nbsp;&nbsp;spring<br \/>Scale:&nbsp; &nbsp;&nbsp;1:1<br \/>Gun body:&nbsp; &nbsp;&nbsp;ABS + inner aluminium barrel<br \/>Velocity:&nbsp; &nbsp;&nbsp;~0,6 J<br \/>Range:&nbsp; &nbsp;&nbsp;25-30 m<br \/>Magazine\/Clip capacity:&nbsp; &nbsp;&nbsp;20 BB&quot;s + 200 BB&quot;s<br \/>Gun enght:&nbsp; &nbsp;&nbsp;90 cm<br \/>Gun weight:&nbsp; &nbsp;&nbsp;1500 g<br \/>Additional information:<br \/>Fire mode:&nbsp; &nbsp;&nbsp;semi<br \/>HOP UP:<br \/>yes<br \/>Trigger lock:&nbsp; &nbsp;&nbsp;yes<br \/>Regulated buttstock:&nbsp; &nbsp;&nbsp;no<br \/>Additional accesories: sling, protective goggles<\/p>","protected":false},"excerpt":{"rendered":"<p>K\u00f6p WELL &#8211; M16 Replika &#8211; MR-722 fj\u00e4derdrivet 6mm Airsoft gev\u00e4r online f\u00f6r b\u00e4sta pris. Utforska v\u00e5rt stora utbud av airsoftgev\u00e4r och f\u00e5 en autentisk M16-replika med fj\u00e4derdriven mekanism f\u00f6r en realistisk spelupplevelse. Best\u00e4ll nu och njut av h\u00f6gkvalitativa airsoftvapen fr\u00e5n v\u00e4lk\u00e4nda varum\u00e4rket WELL.<\/p>","protected":false},"featured_media":17297,"template":"","meta":[],"product_brand":[],"product_cat":[420],"product_tag":[],"class_list":{"0":"post-17306","1":"product","2":"type-product","3":"status-publish","4":"has-post-thumbnail","6":"product_cat-automatkarbiner-fjader","7":"pa_brand-well","9":"first","10":"outofstock","11":"sale","12":"taxable","13":"shipping-taxable","14":"purchasable","15":"product-type-simple"},"_links":{"self":[{"href":"https:\/\/ak47.nu\/fr\/wp-json\/wp\/v2\/product\/17306","targetHints":{"allow":["GET"]}}],"collection":[{"href":"https:\/\/ak47.nu\/fr\/wp-json\/wp\/v2\/product"}],"about":[{"href":"https:\/\/ak47.nu\/fr\/wp-json\/wp\/v2\/types\/product"}],"wp:featuredmedia":[{"embeddable":true,"href":"https:\/\/ak47.nu\/fr\/wp-json\/wp\/v2\/media\/17297"}],"wp:attachment":[{"href":"https:\/\/ak47.nu\/fr\/wp-json\/wp\/v2\/media?parent=17306"}],"wp:term":[{"taxonomy":"product_brand","embeddable":true,"href":"https:\/\/ak47.nu\/fr\/wp-json\/wp\/v2\/product_brand?post=17306"},{"taxonomy":"product_cat","embeddable":true,"href":"https:\/\/ak47.nu\/fr\/wp-json\/wp\/v2\/product_cat?post=17306"},{"taxonomy":"product_tag","embeddable":true,"href":"https:\/\/ak47.nu\/fr\/wp-json\/wp\/v2\/product_tag?post=17306"}],"curies":[{"name":"wp","href":"https:\/\/api.w.org\/{rel}","templated":true}]}}