{"id":17313,"date":"2022-05-05T10:14:11","date_gmt":"2022-05-05T08:14:11","guid":{"rendered":"https:\/\/ak47.nu\/produkt\/gletcher-colt-m4-grenade-spring-operated-6mm-airsoft\/"},"modified":"2025-12-03T20:21:15","modified_gmt":"2025-12-03T19:21:15","slug":"gletcher-colt-m4-grenade-spring-operated-6mm-airsoft","status":"publish","type":"product","link":"https:\/\/ak47.nu\/fr\/produit\/airsoft\/fjader\/automatkarbiner-fjader\/gletcher-colt-m4-grenade-spring-operated-6mm-airsoft\/","title":{"rendered":"Gletcher Colt M4 Grenade spring operated 6mm Airsoft"},"content":{"rendered":"<ul>\n<li><strong>Body material<\/strong>Plastic<\/li>\n<li><strong>Caliber<\/strong>6<\/li>\n<li><strong>Combat prototype<\/strong>Colt M4<\/li>\n<li><strong>Combar prototype country<\/strong>USA<\/li>\n<li><strong>Muzzle velocity (m\/s)<\/strong>90<\/li>\n<li><strong>Ammo used<\/strong>Plastic balls BB 6 mm<\/li>\n<li><strong>Weight, g<\/strong>1325<\/li>\n<li><strong>Brand<\/strong>Gletcher<\/li>\n<li><strong>Type of product<\/strong>Air Soft<\/li>\n<li><strong>Energy source<\/strong>Spring<\/li>\n<li><strong>Muzzle energy (J)<\/strong>0.5J.<\/li>\n<li><strong>Overall length<\/strong>840<\/li>\n<li><strong>Type of magazine<\/strong>Hi-Cap magazine<\/li>\n<li><strong>Country of Origin<\/strong>USA<\/li>\n<li><strong>Country of production<\/strong>Taiwan<\/li>\n<\/ul>","protected":false},"excerpt":{"rendered":"<p>K\u00f6p Gletcher Colt M4 Grenade spring operated 6mm Airsoft &#8211; en h\u00f6gkvalitativ airsoftvapen f\u00f6r dina spelbehov. Med en imponerande precision och kraft kommer detta vapen att ge dig en otrolig spelupplevelse. Best\u00e4ll nu och f\u00e5 snabb leverans till d\u00f6rren.<\/p>","protected":false},"featured_media":17307,"template":"","meta":[],"product_brand":[],"product_cat":[420],"product_tag":[],"class_list":{"0":"post-17313","1":"product","2":"type-product","3":"status-publish","4":"has-post-thumbnail","6":"product_cat-automatkarbiner-fjader","7":"pa_brand-gletcher","9":"first","10":"outofstock","11":"sale","12":"taxable","13":"shipping-taxable","14":"purchasable","15":"product-type-simple"},"_links":{"self":[{"href":"https:\/\/ak47.nu\/fr\/wp-json\/wp\/v2\/product\/17313","targetHints":{"allow":["GET"]}}],"collection":[{"href":"https:\/\/ak47.nu\/fr\/wp-json\/wp\/v2\/product"}],"about":[{"href":"https:\/\/ak47.nu\/fr\/wp-json\/wp\/v2\/types\/product"}],"wp:featuredmedia":[{"embeddable":true,"href":"https:\/\/ak47.nu\/fr\/wp-json\/wp\/v2\/media\/17307"}],"wp:attachment":[{"href":"https:\/\/ak47.nu\/fr\/wp-json\/wp\/v2\/media?parent=17313"}],"wp:term":[{"taxonomy":"product_brand","embeddable":true,"href":"https:\/\/ak47.nu\/fr\/wp-json\/wp\/v2\/product_brand?post=17313"},{"taxonomy":"product_cat","embeddable":true,"href":"https:\/\/ak47.nu\/fr\/wp-json\/wp\/v2\/product_cat?post=17313"},{"taxonomy":"product_tag","embeddable":true,"href":"https:\/\/ak47.nu\/fr\/wp-json\/wp\/v2\/product_tag?post=17313"}],"curies":[{"name":"wp","href":"https:\/\/api.w.org\/{rel}","templated":true}]}}