{"id":17351,"date":"2022-05-05T10:16:07","date_gmt":"2022-05-05T08:16:07","guid":{"rendered":"https:\/\/ak47.nu\/produkt\/airsoft-fn-spr-a2-bolt-od-6-mm-30-bbs-metal-body-1-7-j\/"},"modified":"2025-12-03T20:22:57","modified_gmt":"2025-12-03T19:22:57","slug":"airsoft-fn-spr-a2-bolt-od-6-mm-30-bbs-metal-body-1-7-j","status":"publish","type":"product","link":"https:\/\/ak47.nu\/fr\/produit\/airsoft\/fjader\/gevar-fjader\/airsoft-fn-spr-a2-bolt-od-6-mm-30-bbs-metal-body-1-7-j\/","title":{"rendered":"Airsoft FN SPR A2 Bolt (OD) 6 mm 30 BBs Metal Body 1.7 J"},"content":{"rendered":"<p><strong>Airsoft FN A2 SPR Bolt (OD) 6 mm 30 BBs Metal Body 1.7 J<\/strong><\/p>\n<p><\/p>\n<table>\n<tbody>\n<tr>\n<td style=\"width: 40.4617%\">Drivning<\/td>\n<td style=\"width: 59.2218%\">Fj&auml;der<\/td>\n<\/tr>\n<tr>\n<td style=\"width: 40.4617%\">Kaliber<\/td>\n<td style=\"width: 59.2218%\">6 mm<\/td>\n<\/tr>\n<tr>\n<td style=\"width: 40.4617%\">Utg&aring;ngshastighet<\/td>\n<td style=\"width: 59.2218%\">428 FPS \/ 130 m\/s with 0,2 BB&#039;s<\/td>\n<\/tr>\n<tr>\n<td style=\"width: 40.4617%\">Vikt<\/td>\n<td style=\"width: 59.2218%\">2700g<\/td>\n<\/tr>\n<tr>\n<td style=\"width: 40.4617%\">Totall&auml;ngd<\/td>\n<td style=\"width: 59.2218%\">1140mm<\/td>\n<\/tr>\n<tr>\n<td style=\"width: 40.4617%\">Magasinkapacitet<\/td>\n<td style=\"width: 59.2218%\">30st kulor<\/td>\n<\/tr>\n<tr>\n<td style=\"width: 40.4617%\">Energi<\/td>\n<td style=\"width: 59.2218%\">1,7 J<\/td>\n<\/tr>\n<tr>\n<td style=\"width: 40.4617%\">Material<\/td>\n<td style=\"width: 59.2218%\">Nylonfiber \/ Metall<\/td>\n<\/tr>\n<tr>\n<td style=\"width: 40.4617%\">Eldalternativ<\/td>\n<td style=\"width: 59.2218%\">Semi \/ Safety<\/td>\n<\/tr>\n<\/tbody>\n<\/table>","protected":false},"excerpt":{"rendered":"<p>K\u00f6p Airsoft FN SPR A2 Bolt (OD) 6 mm 30 BBs Metal Body 1.7 J &#8211; b\u00e4sta priser online. Perfekt f\u00f6r airsoft-entusiaster. K\u00f6p nu och njut av h\u00f6g kvalitet och precision.<\/p>","protected":false},"featured_media":17349,"template":"","meta":[],"product_brand":[],"product_cat":[421],"product_tag":[],"class_list":{"0":"post-17351","1":"product","2":"type-product","3":"status-publish","4":"has-post-thumbnail","6":"product_cat-gevar-fjader","7":"pa_brand-fn-herstal","9":"first","10":"outofstock","11":"taxable","12":"shipping-taxable","13":"purchasable","14":"product-type-simple"},"_links":{"self":[{"href":"https:\/\/ak47.nu\/fr\/wp-json\/wp\/v2\/product\/17351","targetHints":{"allow":["GET"]}}],"collection":[{"href":"https:\/\/ak47.nu\/fr\/wp-json\/wp\/v2\/product"}],"about":[{"href":"https:\/\/ak47.nu\/fr\/wp-json\/wp\/v2\/types\/product"}],"wp:featuredmedia":[{"embeddable":true,"href":"https:\/\/ak47.nu\/fr\/wp-json\/wp\/v2\/media\/17349"}],"wp:attachment":[{"href":"https:\/\/ak47.nu\/fr\/wp-json\/wp\/v2\/media?parent=17351"}],"wp:term":[{"taxonomy":"product_brand","embeddable":true,"href":"https:\/\/ak47.nu\/fr\/wp-json\/wp\/v2\/product_brand?post=17351"},{"taxonomy":"product_cat","embeddable":true,"href":"https:\/\/ak47.nu\/fr\/wp-json\/wp\/v2\/product_cat?post=17351"},{"taxonomy":"product_tag","embeddable":true,"href":"https:\/\/ak47.nu\/fr\/wp-json\/wp\/v2\/product_tag?post=17351"}],"curies":[{"name":"wp","href":"https:\/\/api.w.org\/{rel}","templated":true}]}}