{"id":17378,"date":"2022-05-05T10:19:35","date_gmt":"2022-05-05T08:19:35","guid":{"rendered":"https:\/\/ak47.nu\/produkt\/gg-gm1903-a3-co2-rifle-note-8gr-co2-airsoft\/"},"modified":"2025-08-21T11:30:51","modified_gmt":"2025-08-21T09:30:51","slug":"g-g-gm1903-a3-co2-rifle-airsoft","status":"publish","type":"product","link":"https:\/\/ak47.nu\/fr\/produit\/airsoft\/co2\/ovriga-vapen-co2\/g-g-gm1903-a3-co2-rifle-airsoft\/","title":{"rendered":"G&G GM1903 A3 CO2 Rifle Airsoft"},"content":{"rendered":"<h1>G&G GM1903 A3 CO2 Rifle Airsoft<\/h1>\n<h2>R\u00e9plique authentique du GM1903 A3 pour l'airsoft<\/h2>\n<p>La r\u00e9plique de fusil GM1903 A3, fabriqu\u00e9e par G&G, appartient \u00e0 la ligne GT Advanced - une s\u00e9rie de <strong>r\u00e9pliques de la plus haute qualit\u00e9<\/strong> pour les utilisateurs les plus exigeants. Le produit est <strong>bien ajust\u00e9<\/strong>, il n'y a pas de pi\u00e8ces d\u00e9tach\u00e9es et il n'y a aucun moyen de perdre ou de casser des \u00e9l\u00e9ments.<\/p>\n<p>Le GM1903 A3 est une excellente prise pour les passionn\u00e9s d'histoire militaire, les reconstitueurs ou les amateurs d'airsoft historique. En effet, la r\u00e9plique est bas\u00e9e sur le fusil M1903 A3 Springfield, qui est entr\u00e9 en service en 1903 et a \u00e9t\u00e9 largement utilis\u00e9 pendant la Premi\u00e8re Guerre mondiale.<\/p>\n<h3>Mat\u00e9riaux et construction de haute qualit\u00e9<\/h3>\n<p>La crosse de la r\u00e9plique est en <strong>bois naturel<\/strong>. La crosse se termine par une plaque de couche en m\u00e9tal. Le reste de la r\u00e9plique est fabriqu\u00e9 \u00e0 partir d'un alliage homog\u00e8ne de zinc et d'aluminium. Certaines pi\u00e8ces comme les embouts, le r\u00e9cepteur avec la poign\u00e9e de chargement et les anneaux de sangle sont en <strong>acier<\/strong>. Le r\u00e9cepteur peut \u00eatre d\u00e9mont\u00e9 en quelques instants, la r\u00e9plique dispose \u00e9galement de viseurs m\u00e9talliques enti\u00e8rement r\u00e9glables.<\/p>\n<h3>Performance et Puissance<\/h3>\n<p>Gr\u00e2ce \u00e0 l'utilisation de <strong>pi\u00e8ces externes de haute qualit\u00e9<\/strong> et au bon ajustement par les concepteurs de G&G, le m\u00e9canisme est fluide et le rechargement est facile. Le m\u00e9canisme de gaz \u00e9tanche \u00e0 l'air produit une vitesse initiale de ~480 FPS directement sortie de la bo\u00eete. La r\u00e9plique est aliment\u00e9e par des <strong>capsules de CO2 de 8g<\/strong>. Elle sera efficace sur le champ de bataille d'airsoft gr\u00e2ce \u00e0 son canon int\u00e9rieur de 577 mm de long. Le r\u00e9cepteur est dot\u00e9 d'une s\u00e9curit\u00e9 fonctionnelle, et il n'est pas possible de tirer avec la r\u00e9plique lorsque le chargeur ne contient pas de billes.<\/p>\n<h3>Caract\u00e9ristiques:<\/h3>\n<ul>\n <li>La r\u00e9plique est livr\u00e9e avec 2 chargeurs m\u00e9talliques massifs de <strong>CO2<\/strong>, contenant chacun 9 billes.<\/li>\n <li>Viseurs m\u00e9talliques r\u00e9glables<\/li>\n <li>Crosse en bois r\u00e9aliste<\/li>\n <li>Aliment\u00e9 par des capsules de CO2 de 8g<\/li>\n<\/ul>\n<p><strong>L'ensemble comprend :<\/strong><\/p>\n<p>-r\u00e9plique<br>-chargeur<br>-manuel d'utilisation<\/p>\n\n<p>Explorez notre gamme de <a href=\"https:\/\/ak47.nu\/fr\/butik\/\">r\u00e9pliques d'airsoft authentiques<\/a>. Visitez notre <a href=\"https:\/\/ak47.nu\/fr\/airsoft\/\">cat\u00e9gorie de fusils<\/a> pour plus d'options. D\u00e9couvrez-en davantage sur <a href=\"https:\/\/ak47.nu\/fr\/\">notre page d'accueil<\/a>.<\/p>","protected":false},"excerpt":{"rendered":"<p>K\u00f6p G&amp;G GM1903 A3 CO2 Rifle (NOTE 8gr co2) Airsoft online &#8211; b\u00e4sta priser hos oss. Utforska v\u00e5rt breda sortiment av airsoftgev\u00e4r och f\u00e5 en autentisk spelupplevelse.<\/p>","protected":false},"featured_media":17373,"template":"","meta":[],"product_brand":[],"product_cat":[368,404,409],"product_tag":[],"class_list":{"0":"post-17378","1":"product","2":"type-product","3":"status-publish","4":"has-post-thumbnail","6":"product_cat-airsoft","7":"product_cat-co2","8":"product_cat-ovriga-vapen-co2","9":"pa_brand-no-brand","11":"first","12":"instock","13":"sale","14":"taxable","15":"shipping-taxable","16":"purchasable","17":"product-type-simple"},"_links":{"self":[{"href":"https:\/\/ak47.nu\/fr\/wp-json\/wp\/v2\/product\/17378","targetHints":{"allow":["GET"]}}],"collection":[{"href":"https:\/\/ak47.nu\/fr\/wp-json\/wp\/v2\/product"}],"about":[{"href":"https:\/\/ak47.nu\/fr\/wp-json\/wp\/v2\/types\/product"}],"wp:featuredmedia":[{"embeddable":true,"href":"https:\/\/ak47.nu\/fr\/wp-json\/wp\/v2\/media\/17373"}],"wp:attachment":[{"href":"https:\/\/ak47.nu\/fr\/wp-json\/wp\/v2\/media?parent=17378"}],"wp:term":[{"taxonomy":"product_brand","embeddable":true,"href":"https:\/\/ak47.nu\/fr\/wp-json\/wp\/v2\/product_brand?post=17378"},{"taxonomy":"product_cat","embeddable":true,"href":"https:\/\/ak47.nu\/fr\/wp-json\/wp\/v2\/product_cat?post=17378"},{"taxonomy":"product_tag","embeddable":true,"href":"https:\/\/ak47.nu\/fr\/wp-json\/wp\/v2\/product_tag?post=17378"}],"curies":[{"name":"wp","href":"https:\/\/api.w.org\/{rel}","templated":true}]}}