{"id":17424,"date":"2022-05-05T10:37:42","date_gmt":"2022-05-05T08:37:42","guid":{"rendered":"https:\/\/ak47.nu\/produkt\/we-wei-e-tech-scar-replica-airsoft-h-mk17-mod-0\/"},"modified":"2025-08-21T11:30:21","modified_gmt":"2025-08-21T09:30:21","slug":"we-scar-h-mk17-mod-0-replique-airsoft","status":"publish","type":"product","link":"https:\/\/ak47.nu\/fr\/produit\/airsoft\/el-drivna\/automatkarbiner\/we-scar-h-mk17-mod-0-replique-airsoft\/","title":{"rendered":"WE Scar H MK17 MOD 0 R\u00e9plique Airsoft | Wei-E Tech"},"content":{"rendered":"<h1>WE - Wei-E Tech - R\u00e9plique Airsoft Scar H MK17 MOD 0<\/h1>\n<h2>R\u00e9plique Airsoft de Haute Qualit\u00e9 du H MK17 MOD 0<\/h2>\n<p>Cette version airsoft fabriqu\u00e9e par WE est parmi les meilleures r\u00e9pliques de cette carabine disponibles sur le march\u00e9. Le niveau de d\u00e9tail significatif et le processus de fabrication de haute qualit\u00e9 font de cette r\u00e9plique un choix id\u00e9al.<\/p>\n<h3>Mat\u00e9riaux et Construction<\/h3>\n<p>Le upper receiver est fabriqu\u00e9 \u00e0 partir d'une seule pi\u00e8ce d'aluminium \u00e0 l'aide de la technologie CNC. Le lower receiver, la crosse et la poign\u00e9e pistolet sont fabriqu\u00e9s \u00e0 partir de polym\u00e8re renforc\u00e9 de couleur tan. Les \u00e9l\u00e9ments plus petits comme le corps du chargeur et le cache-flamme sont produits en acier. Le cache-flamme standard est mont\u00e9 sur un filetage CCW de 14 mm, ce qui permet l'installation d'un silencieux.  Jetez un coup d'oeil \u00e0 nos <a href=\"https:\/\/ak47.nu\/fr\/butik\/\">accessoires authentiques<\/a>!<\/p>\n<h3>D\u00e9tails Authentiques<\/h3>\n<p>Des gravures authentiques originales faites au laser sont pr\u00e9sentes, comme sur la vraie arme \u00e0 feu. Dans la r\u00e9plique du tube \u00e0 gaz, une cl\u00e9 en \u00e9toile est incluse pour faciliter le d\u00e9montage.<\/p>\n<h3>Ajustabilit\u00e9 et Ergonomie<\/h3>\n<p>La r\u00e9plique est \u00e9quip\u00e9e de mires en fer r\u00e9glables et pliables. Le s\u00e9lecteur de mode de tir est ambidextre, ce qui le rend facile \u00e0 utiliser pour les gauchers. Le syst\u00e8me hop-up est accessible en tirant sur la poign\u00e9e de rechargement, qui peut \u00e9galement \u00eatre plac\u00e9e de chaque c\u00f4t\u00e9 de la r\u00e9plique. Il y a aussi un bolt catch partiellement fonctionnel.  Parcourez notre gamme d'<a href=\"https:\/\/ak47.nu\/fr\/airsoft\/\">accessoires airsoft<\/a> pour le meilleur jeu possible!<\/p>\n<h3>D\u00e9tails de la Crosse<\/h3>\n<p>La crosse se termine par un pied en caoutchouc et est r\u00e9glable en 6 positions, abritant \u00e9galement la batterie. Ceci permet d'ajuster la r\u00e9plique aux pr\u00e9f\u00e9rences du tireur. Le cheek pad est \u00e9galement r\u00e9glable, et toute la crosse peut \u00eatre pli\u00e9e sur le c\u00f4t\u00e9 pour des dimensions plus petites pendant le transport.  Visitez <a href=\"https:\/\/ak47.nu\/fr\/\">notre site web<\/a> pour plus d'informations.<\/p>\n<h3>Rails RIS<\/h3>\n<p>Un long rail RIS de 22 mm est pr\u00e9sent sur toute la longueur de la r\u00e9plique. Des rails sont \u00e9galement install\u00e9s sur trois c\u00f4t\u00e9s de la poign\u00e9e avant. Gr\u00e2ce \u00e0 ceux-ci, il est possible d'\u00e9quiper la carabine avec divers accessoires, y compris des optiques, des poign\u00e9es, des lampes tactiques et des viseurs laser.<\/p>\n<h3>Am\u00e9liorations Internes<\/h3>\n<p>La r\u00e9plique est dot\u00e9e d'une gearbox V.2 avec des roulements de 8 mm, pleine de pi\u00e8ces renforc\u00e9es. De plus, elle est livr\u00e9e avec une chambre hop-up et un bucking de haute qualit\u00e9, un syst\u00e8me \u00e9tanche \u00e0 l'air et des pi\u00e8ces bien ajust\u00e9es. Une innovation int\u00e9ressante est le syst\u00e8me de lib\u00e9ration du ressort principal lorsque le s\u00e9lecteur de mode de tir est r\u00e9gl\u00e9 sur SAFE.<\/p>\n<h3>Chargeur et \u00c9l\u00e9ments Inclus<\/h3>\n<p>La r\u00e9plique est livr\u00e9e avec un chargeur hi-cap en m\u00e9tal de 330 billes. L'ensemble comprend la r\u00e9plique et le chargeur. Veuillez noter que l'accumulateur et le chargeur ne sont pas inclus.<\/p>","protected":false},"excerpt":{"rendered":"<p>WE &#8211; Wei-E Tech &#8211; R\u00e9plique Airsoft Scar H MK17 MOD 0 R\u00e9plique Airsoft de Haute Qualit\u00e9 du H MK17 MOD 0 Cette version airsoft fabriqu\u00e9e par WE est parmi les meilleures r\u00e9pliques de cette carabine disponibles sur le march\u00e9. Le niveau de d\u00e9tail significatif et le processus de fabrication de haute qualit\u00e9 font de [&#8230;]","protected":false},"featured_media":17419,"template":"","meta":[],"product_brand":[],"product_cat":[368,400,398],"product_tag":[],"class_list":{"0":"post-17424","1":"product","2":"type-product","3":"status-publish","4":"has-post-thumbnail","6":"product_cat-airsoft","7":"product_cat-automatkarbiner","8":"product_cat-el-drivna","9":"pa_brand-we","11":"first","12":"instock","13":"sale","14":"taxable","15":"shipping-taxable","16":"purchasable","17":"product-type-simple"},"_links":{"self":[{"href":"https:\/\/ak47.nu\/fr\/wp-json\/wp\/v2\/product\/17424","targetHints":{"allow":["GET"]}}],"collection":[{"href":"https:\/\/ak47.nu\/fr\/wp-json\/wp\/v2\/product"}],"about":[{"href":"https:\/\/ak47.nu\/fr\/wp-json\/wp\/v2\/types\/product"}],"wp:featuredmedia":[{"embeddable":true,"href":"https:\/\/ak47.nu\/fr\/wp-json\/wp\/v2\/media\/17419"}],"wp:attachment":[{"href":"https:\/\/ak47.nu\/fr\/wp-json\/wp\/v2\/media?parent=17424"}],"wp:term":[{"taxonomy":"product_brand","embeddable":true,"href":"https:\/\/ak47.nu\/fr\/wp-json\/wp\/v2\/product_brand?post=17424"},{"taxonomy":"product_cat","embeddable":true,"href":"https:\/\/ak47.nu\/fr\/wp-json\/wp\/v2\/product_cat?post=17424"},{"taxonomy":"product_tag","embeddable":true,"href":"https:\/\/ak47.nu\/fr\/wp-json\/wp\/v2\/product_tag?post=17424"}],"curies":[{"name":"wp","href":"https:\/\/api.w.org\/{rel}","templated":true}]}}