{"id":17434,"date":"2022-05-05T10:39:37","date_gmt":"2022-05-05T08:39:37","guid":{"rendered":"https:\/\/ak47.nu\/produkt\/airsoft-swiss-arms-sas-12-black-with-bipods-magazine-02-bbs\/"},"modified":"2025-12-03T20:09:15","modified_gmt":"2025-12-03T19:09:15","slug":"airsoft-swiss-arms-sas-12-black-with-bipods-magazine-02-bbs","status":"publish","type":"product","link":"https:\/\/ak47.nu\/fr\/produit\/airsoft\/fjader\/gevar-fjader\/airsoft-swiss-arms-sas-12-black-with-bipods-magazine-02-bbs\/","title":{"rendered":"Airsoft Swiss Arms SAS 12 Black with Bipods magazine 0,2 bbs"},"content":{"rendered":"<p>Swiss Arms SAS 12 \u00e4r ett fj\u00e4derdrivet snipergev\u00e4r med justerbar kolv. Tillverkad av slagt\u00e5lig ABS med en receiver av metall.<\/p>\n<p>Picatinny rail (21mm)<br \/>Justerbar kolv som \u00e4ven g\u00e5r att vika<br \/>Justerbart kindst\u00f6d<br \/>Hop-up:<br \/>Gev\u00e4ret levereras med Bi-Pod men utan kikarsikte.<\/p>\n<p>Vikt: 4522g<br \/>Totall\u00e4ngd: 112cm<br \/>Drivning: Fj\u00e4der<br \/>Anslagsenergi: 1,9J<br \/>Utg\u00e5ngshastighet: 137m\/s<br \/>Magasinkapacitet: 40st<br \/>Konstruktion: Metall \/ Polymer<\/p>","protected":false},"excerpt":{"rendered":"<p>Swiss Arms SAS 12 \u00e4r ett fj\u00e4derdrivet snipergev\u00e4r med justerbar kolv. Tillverkad av slagt\u00e5lig ABS med en receiver av metall. Picatinny rail (21mm)Justerbar kolv som \u00e4ven g\u00e5r att vikaJusterbart kindst\u00f6dHop-up:Gev\u00e4ret levereras med Bi-Pod men utan kikarsikte. Vikt: 4522gTotall\u00e4ngd: 112cmDrivning: Fj\u00e4derAnslagsenergi: 1,9JUtg\u00e5ngshastighet: 137m\/sMagasinkapacitet: 40stKonstruktion: Metall \/ Polymer<\/p>","protected":false},"featured_media":17431,"template":"","meta":[],"product_brand":[],"product_cat":[421],"product_tag":[],"class_list":{"0":"post-17434","1":"product","2":"type-product","3":"status-publish","4":"has-post-thumbnail","6":"product_cat-gevar-fjader","7":"pa_brand-swiss-arms","9":"first","10":"outofstock","11":"taxable","12":"shipping-taxable","13":"purchasable","14":"product-type-simple"},"_links":{"self":[{"href":"https:\/\/ak47.nu\/fr\/wp-json\/wp\/v2\/product\/17434","targetHints":{"allow":["GET"]}}],"collection":[{"href":"https:\/\/ak47.nu\/fr\/wp-json\/wp\/v2\/product"}],"about":[{"href":"https:\/\/ak47.nu\/fr\/wp-json\/wp\/v2\/types\/product"}],"wp:featuredmedia":[{"embeddable":true,"href":"https:\/\/ak47.nu\/fr\/wp-json\/wp\/v2\/media\/17431"}],"wp:attachment":[{"href":"https:\/\/ak47.nu\/fr\/wp-json\/wp\/v2\/media?parent=17434"}],"wp:term":[{"taxonomy":"product_brand","embeddable":true,"href":"https:\/\/ak47.nu\/fr\/wp-json\/wp\/v2\/product_brand?post=17434"},{"taxonomy":"product_cat","embeddable":true,"href":"https:\/\/ak47.nu\/fr\/wp-json\/wp\/v2\/product_cat?post=17434"},{"taxonomy":"product_tag","embeddable":true,"href":"https:\/\/ak47.nu\/fr\/wp-json\/wp\/v2\/product_tag?post=17434"}],"curies":[{"name":"wp","href":"https:\/\/api.w.org\/{rel}","templated":true}]}}