{"id":17500,"date":"2022-05-05T14:45:41","date_gmt":"2022-05-05T12:45:41","guid":{"rendered":"https:\/\/ak47.nu\/produkt\/crosman-1911-bb-4-5mm-airgun-co2\/"},"modified":"2025-12-03T19:47:43","modified_gmt":"2025-12-03T18:47:43","slug":"crosman-1911-bb-4-5mm-airgun-co2","status":"publish","type":"product","link":"https:\/\/ak47.nu\/fr\/produit\/luftvapen\/co2-airguns\/pistoler-co2-airguns\/crosman-1911-bb-4-5mm-airgun-co2\/","title":{"rendered":"Crosman 1911BB 4.5mm Luftpistol Co2"},"content":{"rendered":"<p><b>Crosman 1911BB 4.5mm Luftpistol<\/b><\/p>\n<p>Rutiga grepp, polymerram och en precisionsst\u00e5lpipa ger allt det roliga du kan hantera. Det bekv\u00e4ma utf\u00e4llbara magasinet rymmer 20 BB och det fasta bladets fr\u00e4mre och bakre sk\u00e5rsikten h\u00e5ller dig p\u00e5 m\u00e5let. Ett picatinny-tillbeh\u00f6r under fatet f\u00f6r att l\u00e4gga till dina favorittillbeh\u00f6r. Grepppaneler \u00e4r l\u00e4tta att ta bort f\u00f6r att byta ut CO2-patroner.<\/p>\n<p><b>Specifikationer:<\/b><br \/>Vikt: 0.4 kg<br \/>M\u00e4rke: Crosman<br \/>Kaliber: .177 (4.5 mm)<br \/>F\u00e4rg: Svart<br \/>Utg\u00e5ngshastighet: St\u00e5l BB Upp till 146 m\/s<br \/>Totall\u00e4ngd: 7.88&#8243;<br \/>Funktion: Repeater<br \/>S\u00e4kerhet: Slide<br \/>Ljudstyrka: 4-Medium-High<br \/>Skottkapacitet: 20<br \/>Piptyp: Smooth bore<br \/>Fr\u00e4mre sikte: Fixed<br \/>Bakre sikte: Fixed Notch<br \/>Action: Halvautomatisk<br \/>Drivning: CO2<br \/>Ammunition: 5.1gr<\/p>","protected":false},"excerpt":{"rendered":"<p>Crosman 1911BB 4.5mm Luftpistol Co2 \u00e4r en kraftfull och p\u00e5litlig luftpistol som drivs av Co2. Med sin precision och h\u00f6ga kvalitet \u00e4r den perfekt f\u00f6r b\u00e5de tr\u00e4ning och rekreation. Utrustad med en 4.5mm kaliber, erbjuder den en imponerande skjutupplevelse. K\u00f6p din Crosman 1911BB 4.5mm Luftpistol Co2 idag och njut av en fantastisk luftgev\u00e4r.<\/p>","protected":false},"featured_media":17493,"template":"","meta":[],"product_brand":[],"product_cat":[432],"product_tag":[],"class_list":{"0":"post-17500","1":"product","2":"type-product","3":"status-publish","4":"has-post-thumbnail","6":"product_cat-pistoler-co2-airguns","7":"pa_brand-crosman","9":"first","10":"outofstock","11":"taxable","12":"shipping-taxable","13":"purchasable","14":"product-type-simple"},"_links":{"self":[{"href":"https:\/\/ak47.nu\/fr\/wp-json\/wp\/v2\/product\/17500","targetHints":{"allow":["GET"]}}],"collection":[{"href":"https:\/\/ak47.nu\/fr\/wp-json\/wp\/v2\/product"}],"about":[{"href":"https:\/\/ak47.nu\/fr\/wp-json\/wp\/v2\/types\/product"}],"wp:featuredmedia":[{"embeddable":true,"href":"https:\/\/ak47.nu\/fr\/wp-json\/wp\/v2\/media\/17493"}],"wp:attachment":[{"href":"https:\/\/ak47.nu\/fr\/wp-json\/wp\/v2\/media?parent=17500"}],"wp:term":[{"taxonomy":"product_brand","embeddable":true,"href":"https:\/\/ak47.nu\/fr\/wp-json\/wp\/v2\/product_brand?post=17500"},{"taxonomy":"product_cat","embeddable":true,"href":"https:\/\/ak47.nu\/fr\/wp-json\/wp\/v2\/product_cat?post=17500"},{"taxonomy":"product_tag","embeddable":true,"href":"https:\/\/ak47.nu\/fr\/wp-json\/wp\/v2\/product_tag?post=17500"}],"curies":[{"name":"wp","href":"https:\/\/api.w.org\/{rel}","templated":true}]}}