{"id":17531,"date":"2022-05-05T14:46:01","date_gmt":"2022-05-05T12:46:01","guid":{"rendered":"https:\/\/ak47.nu\/produkt\/walther-ppq-45mm-diabolo-airgun-co2\/"},"modified":"2025-12-03T12:50:08","modified_gmt":"2025-12-03T11:50:08","slug":"walther-ppq-45mm-diabolo-airgun-co2","status":"publish","type":"product","link":"https:\/\/ak47.nu\/fr\/produit\/luftvapen\/co2-airguns\/pistoler-co2-airguns\/walther-ppq-45mm-diabolo-airgun-co2\/","title":{"rendered":"Walther PPQ, 4,5mm Diabolo Airgun CO2"},"content":{"rendered":"<p>Walther PPQ, 4,5mm Diabolo<br \/>Licenstillverkad kolsyrepistol i mycket h\u00f6g kvalite. Kaliber 4,5mm.<br \/>Diabolerna laddas 8st i ett rundmagasin som sitter dolt under manteln. F\u00f6rsedd med b\u00e5de manuell s\u00e4kring samt &#8221;De cocking&#8221; s\u00e4kring vilket inneb\u00e4r att du \u00e4ven kan skjuta med double action p\u00e5 denna modellen. 3,4&#8243; r\u00e4fflad pipa.&#8221;<\/p>\n<p>Specifikationer<br \/>Utg\u00e5ngshastighet diabol: 100 m\/s<br \/>Slide: Komposit<br \/>Reciever: Komposit<br \/>Totall\u00e4ngd: 180 mm<br \/>Vikt: 618 g<br \/>Kaliber: 4,5mm<br \/>Drivning: CO2<br \/>Magasinkapacitet: 8 skott<\/p>","protected":false},"excerpt":{"rendered":"<p>Walther PPQ, 4,5mm DiaboloLicenstillverkad kolsyrepistol i mycket h\u00f6g kvalite. Kaliber 4,5mm.Diabolerna laddas 8st i ett rundmagasin som sitter dolt under manteln. F\u00f6rsedd med b\u00e5de manuell s\u00e4kring samt &#8221;De cocking&#8221; s\u00e4kring vilket inneb\u00e4r att du \u00e4ven kan skjuta med double action p\u00e5 denna modellen. 3,4&#8243; r\u00e4fflad pipa.&#8221; SpecifikationerUtg\u00e5ngshastighet diabol: 100 m\/sSlide: KompositReciever: KompositTotall\u00e4ngd: 180 mmVikt: 618 [&#8230;]","protected":false},"featured_media":17529,"template":"","meta":[],"product_brand":[],"product_cat":[432],"product_tag":[],"class_list":{"0":"post-17531","1":"product","2":"type-product","3":"status-publish","4":"has-post-thumbnail","6":"product_cat-pistoler-co2-airguns","7":"pa_brand-no-brand","9":"first","10":"outofstock","11":"sale","12":"taxable","13":"shipping-taxable","14":"purchasable","15":"product-type-simple"},"_links":{"self":[{"href":"https:\/\/ak47.nu\/fr\/wp-json\/wp\/v2\/product\/17531","targetHints":{"allow":["GET"]}}],"collection":[{"href":"https:\/\/ak47.nu\/fr\/wp-json\/wp\/v2\/product"}],"about":[{"href":"https:\/\/ak47.nu\/fr\/wp-json\/wp\/v2\/types\/product"}],"wp:featuredmedia":[{"embeddable":true,"href":"https:\/\/ak47.nu\/fr\/wp-json\/wp\/v2\/media\/17529"}],"wp:attachment":[{"href":"https:\/\/ak47.nu\/fr\/wp-json\/wp\/v2\/media?parent=17531"}],"wp:term":[{"taxonomy":"product_brand","embeddable":true,"href":"https:\/\/ak47.nu\/fr\/wp-json\/wp\/v2\/product_brand?post=17531"},{"taxonomy":"product_cat","embeddable":true,"href":"https:\/\/ak47.nu\/fr\/wp-json\/wp\/v2\/product_cat?post=17531"},{"taxonomy":"product_tag","embeddable":true,"href":"https:\/\/ak47.nu\/fr\/wp-json\/wp\/v2\/product_tag?post=17531"}],"curies":[{"name":"wp","href":"https:\/\/api.w.org\/{rel}","templated":true}]}}