{"id":17544,"date":"2022-05-05T14:46:08","date_gmt":"2022-05-05T12:46:08","guid":{"rendered":"https:\/\/ak47.nu\/produkt\/umarex-sa-10-4-5mm-co2-steel-bb-airgun-blowback\/"},"modified":"2025-08-21T11:28:03","modified_gmt":"2025-08-21T09:28:03","slug":"umarex-sa-10-45mm-pistolet-co2-blowback","status":"publish","type":"product","link":"https:\/\/ak47.nu\/fr\/produit\/luftvapen\/co2-airguns\/pistoler-co2-airguns\/umarex-sa-10-45mm-pistolet-co2-blowback\/","title":{"rendered":"Umarex SA 10 4.5mm Pistolet Co2 - Blowback | Airgun"},"content":{"rendered":"<h1>Umarex SA 10 4.5mm Pistolet Co2 - Blowback<\/h1>\n<h2>Pistolet Co2 unique avec fonction blowback<\/h2>\n<p>L'Umarex SA 10 est un pistolet Co2 unique et accrocheur qui tire des plombs et des billes BB de 4,5 mm (.177). Une caract\u00e9ristique cl\u00e9 r\u00e9side dans les ouvertures du chariot lourd, offrant un aper\u00e7u du canon de couleur laiton avec un filetage pour le montage d'un compensateur. Le chargeur amovible contient la cartouche de Co2 ainsi que trois chargeurs de rechange. Le chariot en m\u00e9tal porte le poids \u00e0 pr\u00e8s d'un kilogramme, am\u00e9liorant ainsi la sensation de r\u00e9alisme.<\/p>\n<h3>Sp\u00e9cifications techniques<\/h3>\n<ul>\n <li>Calibre : 4,5 mm (.177) plomb \/ BB<\/li>\n <li>Source d'\u00e9nergie : Co2<\/li>\n <li>Capacit\u00e9 du chargeur : 8 coups<\/li>\n <li>S\u00e9curit\u00e9 : manuelle<\/li>\n <li>Longueur : 230 mm<\/li>\n <li>Longueur du canon : 140 mm<\/li>\n <li>Poids : 924 g<\/li>\n <li>Vitesse : 130 m\/s<\/li>\n <li>D\u00e9clencheur : Double Action<\/li>\n <li>Caract\u00e9ristique(s) sp\u00e9ciale(s) : Blow Back<\/li>\n <li>Tirs par cartouche : env. 60<\/li>\n <li>\u00c9nergie : 3 Joule(s)<\/li>\n<\/ul>\n<p>Le SA 10 est dot\u00e9 d'une fonction de blowback, ajoutant une dimension suppl\u00e9mentaire de r\u00e9alisme. Avec une vitesse de 130 m\/s et une \u00e9nergie de 3 Joules, il offre une exp\u00e9rience de tir divertissante. La s\u00e9curit\u00e9 manuelle am\u00e9liore la s\u00e9curit\u00e9 d'utilisation. D\u00e9couvrez la pr\u00e9cision et le r\u00e9alisme avec l'Umarex SA 10 ! Consultez notre s\u00e9lection d'<a href=\"https:\/\/ak47.nu\/fr\/butik\/\">autres pistolets \u00e0 air<\/a>. Visitez notre <a href=\"https:\/\/ak47.nu\/fr\/luftvapen\/co2-airguns\/\">cat\u00e9gorie de pistolets Co2<\/a> pour voir des produits similaires. Vous pouvez trouver toute notre gamme sur <a href=\"https:\/\/ak47.nu\/fr\/\">la page d'accueil<\/a>.<\/p>","protected":false},"excerpt":{"rendered":"<p>Umarex SA 10 4.5mm Pistolet Co2 &#8211; Blowback Pistolet Co2 unique avec fonction blowback L&#8217;Umarex SA 10 est un pistolet Co2 unique et accrocheur qui tire des plombs et des billes BB de 4,5 mm (.177). Une caract\u00e9ristique cl\u00e9 r\u00e9side dans les ouvertures du chariot lourd, offrant un aper\u00e7u du canon de couleur laiton avec [&#8230;]","protected":false},"featured_media":17539,"template":"","meta":[],"product_brand":[],"product_cat":[431,375,432],"product_tag":[],"class_list":{"0":"post-17544","1":"product","2":"type-product","3":"status-publish","4":"has-post-thumbnail","6":"product_cat-co2-airguns","7":"product_cat-luftvapen","8":"product_cat-pistoler-co2-airguns","9":"pa_brand-umarex","11":"first","12":"outofstock","13":"sale","14":"taxable","15":"shipping-taxable","16":"purchasable","17":"product-type-simple"},"_links":{"self":[{"href":"https:\/\/ak47.nu\/fr\/wp-json\/wp\/v2\/product\/17544","targetHints":{"allow":["GET"]}}],"collection":[{"href":"https:\/\/ak47.nu\/fr\/wp-json\/wp\/v2\/product"}],"about":[{"href":"https:\/\/ak47.nu\/fr\/wp-json\/wp\/v2\/types\/product"}],"wp:featuredmedia":[{"embeddable":true,"href":"https:\/\/ak47.nu\/fr\/wp-json\/wp\/v2\/media\/17539"}],"wp:attachment":[{"href":"https:\/\/ak47.nu\/fr\/wp-json\/wp\/v2\/media?parent=17544"}],"wp:term":[{"taxonomy":"product_brand","embeddable":true,"href":"https:\/\/ak47.nu\/fr\/wp-json\/wp\/v2\/product_brand?post=17544"},{"taxonomy":"product_cat","embeddable":true,"href":"https:\/\/ak47.nu\/fr\/wp-json\/wp\/v2\/product_cat?post=17544"},{"taxonomy":"product_tag","embeddable":true,"href":"https:\/\/ak47.nu\/fr\/wp-json\/wp\/v2\/product_tag?post=17544"}],"curies":[{"name":"wp","href":"https:\/\/api.w.org\/{rel}","templated":true}]}}