{"id":17597,"date":"2022-05-05T14:46:38","date_gmt":"2022-05-05T12:46:38","guid":{"rendered":"https:\/\/ak47.nu\/produkt\/airgun-umarex-dx17-kit-spring-4-5mm-bb\/"},"modified":"2025-12-03T20:09:01","modified_gmt":"2025-12-03T19:09:01","slug":"airgun-umarex-dx17-kit-spring-4-5mm-bb","status":"publish","type":"product","link":"https:\/\/ak47.nu\/fr\/produit\/luftvapen\/pump\/pistoler-pump\/airgun-umarex-dx17-kit-spring-4-5mm-bb\/","title":{"rendered":"Airgun Umarex DX17 Kit \u2013 Spring 4.5mm bb"},"content":{"rendered":"<p>UX DX17<br \/>cal. 4,5mm (.177) BB \/ pellet<br \/>The Umarex DX17 single stroke air pistol is the perfect air gun for recreational plinking. This spring-piston gun fires .177 BBs and has a convenient built-in ammo reservoir that holds 15 BBs. The DX17 has an integrated Picatinny rail, a fiber-optic front sight, and an ergonomically comfortable grip. The serrated slide makes it easy to grasp and charge and the flip-up loading port makes it simple to load with BBs.<\/p>\n<p>Technical data<br \/>Caliber: 4,5mm (.177) pellet<br \/>Velocity: up to 60 m\/s<br \/>Trigger: Single Action<br \/>Length: 240 mm<br \/>Weight: 436 g<\/p>","protected":false},"excerpt":{"rendered":"<p>K\u00f6p AIRGUN Umarex DX17 Kit &#8211; Spring 4.5mm bb till b\u00e4sta pris hos oss. Denna luftgev\u00e4r \u00e4r perfekt f\u00f6r b\u00e5de nyb\u00f6rjare och erfarna skyttar. Med en kraftfull fj\u00e4dermekanism och 4.5mm bb-kulor f\u00e5r du en imponerande precision och tr\u00e4ffs\u00e4kerhet. Best\u00e4ll idag och njut av en fantastisk skjutupplevelse!<\/p>","protected":false},"featured_media":17588,"template":"","meta":[],"product_brand":[],"product_cat":[439],"product_tag":[],"class_list":{"0":"post-17597","1":"product","2":"type-product","3":"status-publish","4":"has-post-thumbnail","6":"product_cat-pistoler-pump","7":"pa_brand-umarex","9":"first","10":"outofstock","11":"taxable","12":"shipping-taxable","13":"purchasable","14":"product-type-simple"},"_links":{"self":[{"href":"https:\/\/ak47.nu\/fr\/wp-json\/wp\/v2\/product\/17597","targetHints":{"allow":["GET"]}}],"collection":[{"href":"https:\/\/ak47.nu\/fr\/wp-json\/wp\/v2\/product"}],"about":[{"href":"https:\/\/ak47.nu\/fr\/wp-json\/wp\/v2\/types\/product"}],"wp:featuredmedia":[{"embeddable":true,"href":"https:\/\/ak47.nu\/fr\/wp-json\/wp\/v2\/media\/17588"}],"wp:attachment":[{"href":"https:\/\/ak47.nu\/fr\/wp-json\/wp\/v2\/media?parent=17597"}],"wp:term":[{"taxonomy":"product_brand","embeddable":true,"href":"https:\/\/ak47.nu\/fr\/wp-json\/wp\/v2\/product_brand?post=17597"},{"taxonomy":"product_cat","embeddable":true,"href":"https:\/\/ak47.nu\/fr\/wp-json\/wp\/v2\/product_cat?post=17597"},{"taxonomy":"product_tag","embeddable":true,"href":"https:\/\/ak47.nu\/fr\/wp-json\/wp\/v2\/product_tag?post=17597"}],"curies":[{"name":"wp","href":"https:\/\/api.w.org\/{rel}","templated":true}]}}