{"id":17639,"date":"2022-05-05T14:47:03","date_gmt":"2022-05-05T12:47:03","guid":{"rendered":"https:\/\/ak47.nu\/produkt\/mp-40-ts-4-5mm-co2-steel-bb-airgun-blowback\/"},"modified":"2025-12-03T19:47:26","modified_gmt":"2025-12-03T18:47:26","slug":"mp-40-ts-4-5mm-co2-steel-bb-airgun-blowback","status":"publish","type":"product","link":"https:\/\/ak47.nu\/fr\/produit\/luftvapen\/co2-airguns\/pistoler-co2-airguns\/mp-40-ts-4-5mm-co2-steel-bb-airgun-blowback\/","title":{"rendered":"M&amp;P 40 TS 4.5mm Co2 steel bb airgun &#8211; Blowback"},"content":{"rendered":"<p>S and W M and P40 TS 4,5mm<\/p>\n<p>Gedigen kolsyrepistol med realistisk mekanism, rekyl och ett l\u00e4tt avtryck.<br \/>Pistolen har precis som krutversionen av M and P40 en underdel i polymer med mantel och magasin i metall. De utbytbara grepp-panelerna g\u00f6r att modellen passar b\u00e5de stora och sm\u00e5 h\u00e4nder. &#8221;TS&#8221; betyder att pistolen \u00e4r f\u00f6rsedd med tums\u00e4kring.<\/p>\n<p>Egenskaper<br \/>Blowback<br \/>Single Action<br \/>\u00f6verdel i metall<br \/>Tums\u00e4kring<br \/>Levereras med 3 olika grepp-paneler<\/p>\n<p>Specifikationer<br \/>Vikt: 725 g<br \/>Totall\u00e4ngd: 192 mm<br \/>Drivning: Co2<br \/>Pipl\u00e4ngd: 106mm<br \/>Kaliber: 4,5 (.177) Steel BB mm<br \/>Magasinkapacitet: 15 skott<br \/>Anslagsenergi: 1,4 J<br \/>Avtryck: SA<br \/>Skott per kolsyrepatron: 60 st<br \/>Utg\u00e5ngshastighet BB: 95 m\/s<br \/>Blowback: Ja<\/p>","protected":false},"excerpt":{"rendered":"<p>S and W M and P40 TS 4,5mm Gedigen kolsyrepistol med realistisk mekanism, rekyl och ett l\u00e4tt avtryck.Pistolen har precis som krutversionen av M and P40 en underdel i polymer med mantel och magasin i metall. De utbytbara grepp-panelerna g\u00f6r att modellen passar b\u00e5de stora och sm\u00e5 h\u00e4nder. &#8221;TS&#8221; betyder att pistolen \u00e4r f\u00f6rsedd med [&#8230;]","protected":false},"featured_media":17637,"template":"","meta":[],"product_brand":[],"product_cat":[432],"product_tag":[],"class_list":{"0":"post-17639","1":"product","2":"type-product","3":"status-publish","4":"has-post-thumbnail","6":"product_cat-pistoler-co2-airguns","7":"pa_brand-umarex","9":"first","10":"outofstock","11":"taxable","12":"shipping-taxable","13":"purchasable","14":"product-type-simple"},"_links":{"self":[{"href":"https:\/\/ak47.nu\/fr\/wp-json\/wp\/v2\/product\/17639","targetHints":{"allow":["GET"]}}],"collection":[{"href":"https:\/\/ak47.nu\/fr\/wp-json\/wp\/v2\/product"}],"about":[{"href":"https:\/\/ak47.nu\/fr\/wp-json\/wp\/v2\/types\/product"}],"wp:featuredmedia":[{"embeddable":true,"href":"https:\/\/ak47.nu\/fr\/wp-json\/wp\/v2\/media\/17637"}],"wp:attachment":[{"href":"https:\/\/ak47.nu\/fr\/wp-json\/wp\/v2\/media?parent=17639"}],"wp:term":[{"taxonomy":"product_brand","embeddable":true,"href":"https:\/\/ak47.nu\/fr\/wp-json\/wp\/v2\/product_brand?post=17639"},{"taxonomy":"product_cat","embeddable":true,"href":"https:\/\/ak47.nu\/fr\/wp-json\/wp\/v2\/product_cat?post=17639"},{"taxonomy":"product_tag","embeddable":true,"href":"https:\/\/ak47.nu\/fr\/wp-json\/wp\/v2\/product_tag?post=17639"}],"curies":[{"name":"wp","href":"https:\/\/api.w.org\/{rel}","templated":true}]}}