{"id":17641,"date":"2022-05-05T14:47:03","date_gmt":"2022-05-05T12:47:03","guid":{"rendered":"https:\/\/ak47.nu\/produkt\/crosman-gi-model-1911bb-co2-airgun-4-5mm-bb-gun\/"},"modified":"2025-12-03T19:47:43","modified_gmt":"2025-12-03T18:47:43","slug":"crosman-gi-model-1911bb-co2-airgun-4-5mm-bb-gun","status":"publish","type":"product","link":"https:\/\/ak47.nu\/fr\/produit\/luftvapen\/co2-airguns\/pistoler-co2-airguns\/crosman-gi-model-1911bb-co2-airgun-4-5mm-bb-gun\/","title":{"rendered":"Crosman GI Model 1911bb Co2 airgun 4.5mm bb gun"},"content":{"rendered":"<p>Crosman GI Model 1911BB<\/p>\n<p>Mycket gedigen pistol fr\u00e5n Crosman. Semiautomatisk och kolsyredriven konstruktion med blowbackfunktion. Pistolen \u00e4r tillverkad helt i metall och har en utg\u00e5ngshastighet p\u00e5 131m\/s. &#8211; Fullmetall &#8211; Slitstark och realistisk. &#8211; Sl\u00e4tborrad pipa- Limited Edition &#8211; Begr\u00e4nsad upplaga med svart grepp. &#8211; Blowback action &#8211; Manteln \u00e5ker bak vid varje skott. &#8211; Semiautomatisk &#8211; B\u00e4st precision p\u00e5 max 10 meter. &#8211; Alla pistoler \u00e4r testskjutna och inspekterade i fabrik.<\/p>\n<p>Specifikationer<br \/>Vikt: 850 g<br \/>Totall\u00e4ngd: 219 mm<br \/>Konstruktion: Metall<br \/>Material Mantel: Metall<br \/>Reciever: Metall<br \/>Drivning: Co2<br \/>Riktmedel: Fast<br \/>Kaliber: 4,5mm<br \/>Magasinkapacitet: 20 skott<br \/>Anslagsenergi: 2,95 J<br \/>Utg\u00e5ngshastighet: diabol 131 m\/s<\/p>","protected":false},"excerpt":{"rendered":"<p>Crosman GI Model 1911BB Mycket gedigen pistol fr\u00e5n Crosman. Semiautomatisk och kolsyredriven konstruktion med blowbackfunktion. Pistolen \u00e4r tillverkad helt i metall och har en utg\u00e5ngshastighet p\u00e5 131m\/s. &#8211; Fullmetall &#8211; Slitstark och realistisk. &#8211; Sl\u00e4tborrad pipa- Limited Edition &#8211; Begr\u00e4nsad upplaga med svart grepp. &#8211; Blowback action &#8211; Manteln \u00e5ker bak vid varje skott. &#8211; [&#8230;]","protected":false},"featured_media":17638,"template":"","meta":[],"product_brand":[],"product_cat":[432],"product_tag":[],"class_list":{"0":"post-17641","1":"product","2":"type-product","3":"status-publish","4":"has-post-thumbnail","6":"product_cat-pistoler-co2-airguns","7":"pa_brand-crosman","9":"first","10":"outofstock","11":"taxable","12":"shipping-taxable","13":"purchasable","14":"product-type-simple"},"_links":{"self":[{"href":"https:\/\/ak47.nu\/fr\/wp-json\/wp\/v2\/product\/17641","targetHints":{"allow":["GET"]}}],"collection":[{"href":"https:\/\/ak47.nu\/fr\/wp-json\/wp\/v2\/product"}],"about":[{"href":"https:\/\/ak47.nu\/fr\/wp-json\/wp\/v2\/types\/product"}],"wp:featuredmedia":[{"embeddable":true,"href":"https:\/\/ak47.nu\/fr\/wp-json\/wp\/v2\/media\/17638"}],"wp:attachment":[{"href":"https:\/\/ak47.nu\/fr\/wp-json\/wp\/v2\/media?parent=17641"}],"wp:term":[{"taxonomy":"product_brand","embeddable":true,"href":"https:\/\/ak47.nu\/fr\/wp-json\/wp\/v2\/product_brand?post=17641"},{"taxonomy":"product_cat","embeddable":true,"href":"https:\/\/ak47.nu\/fr\/wp-json\/wp\/v2\/product_cat?post=17641"},{"taxonomy":"product_tag","embeddable":true,"href":"https:\/\/ak47.nu\/fr\/wp-json\/wp\/v2\/product_tag?post=17641"}],"curies":[{"name":"wp","href":"https:\/\/api.w.org\/{rel}","templated":true}]}}