{"id":17793,"date":"2022-05-05T14:50:01","date_gmt":"2022-05-05T12:50:01","guid":{"rendered":"https:\/\/ak47.nu\/produkt\/swiss-arms-black-bird-2-0-luftgevar-10-joule-incl-kikarsikte-superlatt\/"},"modified":"2025-12-03T20:18:59","modified_gmt":"2025-12-03T19:18:59","slug":"swiss-arms-black-bird-2-0-luftgevar-10-joule-incl-kikarsikte-superlatt","status":"publish","type":"product","link":"https:\/\/ak47.nu\/fr\/produit\/luftvapen\/brytpipa\/gevar-brytpipa\/swiss-arms-black-bird-2-0-luftgevar-10-joule-incl-kikarsikte-superlatt\/","title":{"rendered":"Swiss Arms &#8211; Black Bird 2.0 &#8211; luftgev\u00e4r &#8211; 10 Joule &#8211; incl kikarsikte &#8211; superl\u00e4tt"},"content":{"rendered":"<p>Schweiziska vapen passar perfekt till den stereotyp som vi alla har av saker schweiziska, eftersom precision och kvalitet &auml;r f&ouml;retagets grundl&auml;ggande v&auml;rden. Alla f&ouml;retagets produkter har utformats f&ouml;r att optimera prestanda, vilket &auml;r fallet f&ouml;r alla tillbeh&ouml;r.<\/p>\n<p>Idag betraktas schweiziska vapen ofta som det f&ouml;retag med de mest presterande vapnen och det bredaste utbudet av tillbeh&ouml;r p&aring; marknaden.<\/p>\n<p>Riktigt l&auml;ttviktigt luftgev&auml;r med fiberoptiska sikter och en bra kvalitet 4&#215;32 r&auml;ckvidd och f&auml;sten.<br \/>brakebarrel-&aring;tg&auml;rder &auml;r p&aring;litliga och robusta. tumh&aring;lets lager &auml;r bekv&auml;mt att greppa och l&auml;tt att skjuta. bra plinking pistol med h&ouml;g effekt.<\/p>\n<p>LicenceSwiss Arms<br \/>CoulorSvart<br \/>DrivningBreakBarrel<br \/>Pistolvikt (i kg) 2<br \/>Kraft (i Joule) 10<\/p>","protected":false},"excerpt":{"rendered":"<p>Swiss Arms Black Bird 2.0 &#8211; Luftgev\u00e4r med 10 Joule och inkluderat kikarsikte &#8211; Otroligt l\u00e4tt och kraftfullt. K\u00f6p nu och f\u00e5 b\u00e4sta erbjudandet!<\/p>","protected":false},"featured_media":17791,"template":"","meta":[],"product_brand":[],"product_cat":[428],"product_tag":[],"class_list":{"0":"post-17793","1":"product","2":"type-product","3":"status-publish","4":"has-post-thumbnail","6":"product_cat-gevar-brytpipa","7":"pa_brand-swiss-arms","9":"first","10":"outofstock","11":"taxable","12":"shipping-taxable","13":"purchasable","14":"product-type-simple"},"_links":{"self":[{"href":"https:\/\/ak47.nu\/fr\/wp-json\/wp\/v2\/product\/17793","targetHints":{"allow":["GET"]}}],"collection":[{"href":"https:\/\/ak47.nu\/fr\/wp-json\/wp\/v2\/product"}],"about":[{"href":"https:\/\/ak47.nu\/fr\/wp-json\/wp\/v2\/types\/product"}],"wp:featuredmedia":[{"embeddable":true,"href":"https:\/\/ak47.nu\/fr\/wp-json\/wp\/v2\/media\/17791"}],"wp:attachment":[{"href":"https:\/\/ak47.nu\/fr\/wp-json\/wp\/v2\/media?parent=17793"}],"wp:term":[{"taxonomy":"product_brand","embeddable":true,"href":"https:\/\/ak47.nu\/fr\/wp-json\/wp\/v2\/product_brand?post=17793"},{"taxonomy":"product_cat","embeddable":true,"href":"https:\/\/ak47.nu\/fr\/wp-json\/wp\/v2\/product_cat?post=17793"},{"taxonomy":"product_tag","embeddable":true,"href":"https:\/\/ak47.nu\/fr\/wp-json\/wp\/v2\/product_tag?post=17793"}],"curies":[{"name":"wp","href":"https:\/\/api.w.org\/{rel}","templated":true}]}}