{"id":17797,"date":"2022-05-05T14:50:08","date_gmt":"2022-05-05T12:50:08","guid":{"rendered":"https:\/\/ak47.nu\/produkt\/swiss-arms-orna-2-0-luftgevar-75-joule-akta-trastock-brytpipa\/"},"modified":"2025-10-19T13:55:34","modified_gmt":"2025-10-19T11:55:34","slug":"carabine-a-air-comprime-swiss-arms-orna-2-0","status":"publish","type":"product","link":"https:\/\/ak47.nu\/fr\/produit\/luftvapen\/brytpipa\/gevar-brytpipa\/carabine-a-air-comprime-swiss-arms-orna-2-0\/","title":{"rendered":"Carabine \u00e0 air comprim\u00e9 Swiss Arms ORNA 2.0 | 7.5J Bois"},"content":{"rendered":"<h1>Carabine \u00e0 air comprim\u00e9 Swiss Arms ORNA 2.0 - Canon Basculant avec Crosse en Bois V\u00e9ritable<\/h1>\n<h2>La pr\u00e9cision suisse dans une carabine \u00e0 air comprim\u00e9 de qualit\u00e9<\/h2>\n<p>Swiss Arms est r\u00e9put\u00e9 pour sa pr\u00e9cision suisse et sa haute qualit\u00e9. La carabine \u00e0 air comprim\u00e9 ORNA 2.0 ne fait pas exception, chaque d\u00e9tail \u00e9tant optimis\u00e9 pour les meilleures performances possibles. Cela fait de Swiss Arms un choix r\u00e9put\u00e9 pour ceux qui recherchent une carabine \u00e0 air comprim\u00e9 fiable et performante. Si vous recherchez <a href=\"https:\/\/ak47.nu\/fr\/butik\/\">d'autres carabines \u00e0 air comprim\u00e9<\/a>, vous pouvez les trouver dans notre gamme.<\/p>\n\n<h2>Crosse en bois confortable et canon basculant s\u00e9curis\u00e9<\/h2>\n<p>L'ORNA 2.0 est dot\u00e9e d'une crosse en bois confortable qui offre une bonne prise en main et une sensation classique. Le canon basculant est facile \u00e0 charger et dispose d'un m\u00e9canisme de verrouillage suppl\u00e9mentaire pour une manipulation plus s\u00fbre. Cela augmente la s\u00e9curit\u00e9 et permet de se concentrer plus facilement sur la pr\u00e9cision de votre tir. Ne manquez pas notre s\u00e9lection de <a href=\"https:\/\/ak47.nu\/fr\/luftvapen\/brytpipa\/\">carabines \u00e0 air<\/a>.<\/p>\n\n<h3>Sp\u00e9cifications:<\/h3>\n<ul>\n <li>Calibre : 4,5 mm \/ .177<\/li>\n <li>Puissance : 7,5 joules \/ 182,5 m\/s<\/li>\n <li>Poids : 2,66 kg<\/li>\n <li>Longueur : 113 cm<\/li>\n <li>Mat\u00e9riau : Acier\/Bois<\/li>\n <li>Entra\u00eenement : Ressort\/Canon Basculant<\/li>\n<\/ul>\n\n<p>Avec un poids de 2,66 kg et une longueur de 113 cm, cette carabine \u00e0 air comprim\u00e9 est facile \u00e0 manipuler et \u00e0 transporter. Les mat\u00e9riaux utilis\u00e9s sont l'acier et le bois, ce qui garantit \u00e0 la fois la durabilit\u00e9 et une sensation agr\u00e9able. Pr\u00e9parez-vous \u00e0 un tir de pr\u00e9cision avec cette carabine de qualit\u00e9 de Swiss Arms. Pour plus d'informations, veuillez consulter <a href=\"https:\/\/ak47.nu\/fr\/\">notre site web<\/a>.<\/p>","protected":false},"excerpt":{"rendered":"<p>K\u00f6p Swiss Arms ORNA 2.0 luftgev\u00e4r med \u00e4kta tr\u00e4stock och brytpipa hos oss. Med en kraft p\u00e5 7,5 Joule \u00e4r detta vapen perfekt f\u00f6r b\u00e5de erfarna skyttar och nyb\u00f6rjare. Best\u00e4ll nu f\u00f6r en fantastisk skytteupplevelse!<\/p>","protected":false},"featured_media":17796,"template":"","meta":[],"product_brand":[],"product_cat":[428],"product_tag":[],"class_list":{"0":"post-17797","1":"product","2":"type-product","3":"status-publish","4":"has-post-thumbnail","6":"product_cat-gevar-brytpipa","7":"pa_brand-swiss-arms","9":"first","10":"outofstock","11":"sale","12":"taxable","13":"shipping-taxable","14":"purchasable","15":"product-type-simple"},"_links":{"self":[{"href":"https:\/\/ak47.nu\/fr\/wp-json\/wp\/v2\/product\/17797","targetHints":{"allow":["GET"]}}],"collection":[{"href":"https:\/\/ak47.nu\/fr\/wp-json\/wp\/v2\/product"}],"about":[{"href":"https:\/\/ak47.nu\/fr\/wp-json\/wp\/v2\/types\/product"}],"wp:featuredmedia":[{"embeddable":true,"href":"https:\/\/ak47.nu\/fr\/wp-json\/wp\/v2\/media\/17796"}],"wp:attachment":[{"href":"https:\/\/ak47.nu\/fr\/wp-json\/wp\/v2\/media?parent=17797"}],"wp:term":[{"taxonomy":"product_brand","embeddable":true,"href":"https:\/\/ak47.nu\/fr\/wp-json\/wp\/v2\/product_brand?post=17797"},{"taxonomy":"product_cat","embeddable":true,"href":"https:\/\/ak47.nu\/fr\/wp-json\/wp\/v2\/product_cat?post=17797"},{"taxonomy":"product_tag","embeddable":true,"href":"https:\/\/ak47.nu\/fr\/wp-json\/wp\/v2\/product_tag?post=17797"}],"curies":[{"name":"wp","href":"https:\/\/api.w.org\/{rel}","templated":true}]}}