{"id":17801,"date":"2022-05-05T14:50:16","date_gmt":"2022-05-05T12:50:16","guid":{"rendered":"https:\/\/ak47.nu\/produkt\/norica-dragon-pack-luftgevar-10-j-45mm\/"},"modified":"2025-12-03T20:28:34","modified_gmt":"2025-12-03T19:28:34","slug":"norica-dragon-pack-luftgevar-10-j-45mm","status":"publish","type":"product","link":"https:\/\/ak47.nu\/fr\/produit\/luftvapen\/brytpipa\/gevar-brytpipa\/norica-dragon-pack-luftgevar-10-j-45mm\/","title":{"rendered":"Norica &#8211; Dragon Pack &#8211; Luftgev\u00e4r &#8211; 10 J &#8211; 4,5MM"},"content":{"rendered":"<p>Norica &#8211; Dragon Pack<br \/>*4X32 Sikte, pellets och vapenfodral medf\u00f6ljer<br \/>OBS typ av pellets inkluderade kan varier beroende p\u00e5 tillg\u00e4nglighet<\/p>\n<p>Beskrivning<br \/>Ett av Noricas anti-chock fiber kolv luftgev\u00e4r. Fortfarande n\u00e4rvarande i v\u00e5r katalog tack vare dess goda kvalitet, kraft och v\u00e4rde.<\/p>\n<p>Specifikationer<br \/>Anti-chock och ambidexter fiberkolv<br \/>Ventilerad rekylplatta av gummi<br \/>R\u00e4fflat rutm\u00f6nster p\u00e5 pistolgrepp och fr\u00e4mre grepp<br \/>Automatisk s\u00e4kerhet<br \/>Fiberoptiska bak och fram sikten<\/p>\n<p>Teknisk Data<br \/>Referens: 111.09.074<br \/>Kaliber (mm (Tum)): 4,5 (.177)<br \/>Vikt (Kg): 2,9<br \/>Pipl\u00e4ngd (mm): 484<br \/>Totall\u00e4ngd (mm): 1.160<br \/>Hastighet (m\/s): 200<br \/>Kraft (J): 10<\/p>\n<p>Sikte Detaljer<br \/>Fullt behandlad optik<br \/>St\u00f6ts\u00e4ker<br \/>Vattent\u00e4t<br \/>Imms\u00e4ker<br \/>Kv\u00e4vefylld<br \/>3\/8&#8243; f\u00e4ste i ett stycke med rekylstoppbult inkluderas<\/p>","protected":false},"excerpt":{"rendered":"<p>K\u00f6p Norica Dragon Pack &#8211; Luftgev\u00e4r med 10 J &#8211; 4,5MM kaliber | B\u00e4sta priser online<\/p>","protected":false},"featured_media":17800,"template":"","meta":[],"product_brand":[],"product_cat":[428],"product_tag":[],"class_list":{"0":"post-17801","1":"product","2":"type-product","3":"status-publish","4":"has-post-thumbnail","6":"product_cat-gevar-brytpipa","7":"pa_brand-norica","9":"first","10":"outofstock","11":"taxable","12":"shipping-taxable","13":"purchasable","14":"product-type-simple"},"_links":{"self":[{"href":"https:\/\/ak47.nu\/fr\/wp-json\/wp\/v2\/product\/17801","targetHints":{"allow":["GET"]}}],"collection":[{"href":"https:\/\/ak47.nu\/fr\/wp-json\/wp\/v2\/product"}],"about":[{"href":"https:\/\/ak47.nu\/fr\/wp-json\/wp\/v2\/types\/product"}],"wp:featuredmedia":[{"embeddable":true,"href":"https:\/\/ak47.nu\/fr\/wp-json\/wp\/v2\/media\/17800"}],"wp:attachment":[{"href":"https:\/\/ak47.nu\/fr\/wp-json\/wp\/v2\/media?parent=17801"}],"wp:term":[{"taxonomy":"product_brand","embeddable":true,"href":"https:\/\/ak47.nu\/fr\/wp-json\/wp\/v2\/product_brand?post=17801"},{"taxonomy":"product_cat","embeddable":true,"href":"https:\/\/ak47.nu\/fr\/wp-json\/wp\/v2\/product_cat?post=17801"},{"taxonomy":"product_tag","embeddable":true,"href":"https:\/\/ak47.nu\/fr\/wp-json\/wp\/v2\/product_tag?post=17801"}],"curies":[{"name":"wp","href":"https:\/\/api.w.org\/{rel}","templated":true}]}}