{"id":17805,"date":"2022-05-05T14:50:22","date_gmt":"2022-05-05T12:50:22","guid":{"rendered":"https:\/\/ak47.nu\/produkt\/norica-hawk-grs-classic-luftgevar-10-j-5-5mm\/"},"modified":"2025-08-21T11:22:26","modified_gmt":"2025-08-21T09:22:26","slug":"carabine-a-air-comprime-norica-hawk-grs-classic-5-5mm","status":"publish","type":"product","link":"https:\/\/ak47.nu\/fr\/produit\/luftvapen\/brytpipa\/gevar-brytpipa\/carabine-a-air-comprime-norica-hawk-grs-classic-5-5mm\/","title":{"rendered":"Carabine \u00e0 air comprim\u00e9 Norica Hawk GRS Classic - 5,5MM | 10 J"},"content":{"rendered":"<h1>Norica Hawk GRS Classic - Carabine \u00e0 air comprim\u00e9<\/h1>\n<h2>Carabine \u00e0 air comprim\u00e9 puissante et stable avec crosse en h\u00eatre lamin\u00e9<\/h2>\n<p>La Norica Hawk GRS Classic est l'une des meilleures carabines \u00e0 air comprim\u00e9 de Norica, d\u00e9sormais dot\u00e9e d'une \u00e9l\u00e9gante crosse en h\u00eatre lamin\u00e9. \u00c9quip\u00e9e du GRS (Gas Ram System) et du RAS (Recoil Absorption System) pour un tir puissant et stable. La d\u00e9tente NATS (Norica Adjustable Trigger System) vous offre un contr\u00f4le total sur la course de la d\u00e9tente.<\/p>\n<h3>Sp\u00e9cifications et caract\u00e9ristiques<\/h3>\n<ul>\n <li><b>Crosse :<\/b> La crosse en h\u00eatre \u00e9tuv\u00e9 offre un aspect et un toucher classiques.<\/li>\n <li><b>Plaque de couche :<\/b> La plaque de couche ventil\u00e9e en caoutchouc r\u00e9duit le recul et augmente le confort.<\/li>\n <li><b>Effort r\u00e9duit :<\/b> L'effort d'armement r\u00e9duit facilite le chargement de la carabine.<\/li>\n <li><b>Rail :<\/b> Rail en queue d'aronde de 11 mm pour le montage d'une lunette de vis\u00e9e.<\/li>\n <li><b>Guidon :<\/b> Guidon prot\u00e9g\u00e9 par un capot en acier.<\/li>\n<\/ul>\n<h3>Donn\u00e9es techniques<\/h3>\n<ul>\n <li><b>R\u00e9f\u00e9rence :<\/b> 111.23.213<\/li>\n <li><b>Calibre :<\/b> 5,5 mm (.22)<\/li>\n <li><b>Poids :<\/b> 3,2 kg<\/li>\n <li><b>Longueur du canon :<\/b> 484 mm<\/li>\n <li><b>Longueur totale :<\/b> 1 170 mm<\/li>\n <li><b>Vitesse :<\/b> 153 m\/s<\/li>\n <li><b>Puissance :<\/b> 10 J<\/li>\n<\/ul>\n<p>D\u00e9couvrez la pr\u00e9cision et la puissance avec la Norica Hawk GRS Classic.  Achetez votre nouvelle carabine \u00e0 air comprim\u00e9 d\u00e8s aujourd'hui dans notre  <a href=\"https:\/\/ak47.nu\/fr\/butik\/\">large s\u00e9lection de carabines \u00e0 air comprim\u00e9 Norica<\/a> et faites mouche \u00e0 chaque tir. Explorez \u00e9galement notre gamme d'<a href=\"https:\/\/ak47.nu\/fr\/luftvapen\/brytpipa\/\">accessoires pour armes \u00e0 air comprim\u00e9<\/a> afin de maximiser votre exp\u00e9rience de tir.  Visitez <a href=\"https:\/\/ak47.nu\/fr\/\">notre site web<\/a> pour plus d'informations et d'offres.<\/p>","protected":false},"excerpt":{"rendered":"<p>K\u00f6p Norica Hawk GRS Classic luftgev\u00e4r med 10 J kraft och 5.5MM kaliber. Perfekt f\u00f6r jakt och tr\u00e4ning. Best\u00e4ll nu f\u00f6r snabb leverans!<\/p>","protected":false},"featured_media":17802,"template":"","meta":[],"product_brand":[],"product_cat":[424,428,375],"product_tag":[],"class_list":{"0":"post-17805","1":"product","2":"type-product","3":"status-publish","4":"has-post-thumbnail","6":"product_cat-brytpipa","7":"product_cat-gevar-brytpipa","8":"product_cat-luftvapen","9":"pa_brand-norica","11":"first","12":"instock","13":"sale","14":"taxable","15":"shipping-taxable","16":"purchasable","17":"product-type-simple"},"_links":{"self":[{"href":"https:\/\/ak47.nu\/fr\/wp-json\/wp\/v2\/product\/17805","targetHints":{"allow":["GET"]}}],"collection":[{"href":"https:\/\/ak47.nu\/fr\/wp-json\/wp\/v2\/product"}],"about":[{"href":"https:\/\/ak47.nu\/fr\/wp-json\/wp\/v2\/types\/product"}],"wp:featuredmedia":[{"embeddable":true,"href":"https:\/\/ak47.nu\/fr\/wp-json\/wp\/v2\/media\/17802"}],"wp:attachment":[{"href":"https:\/\/ak47.nu\/fr\/wp-json\/wp\/v2\/media?parent=17805"}],"wp:term":[{"taxonomy":"product_brand","embeddable":true,"href":"https:\/\/ak47.nu\/fr\/wp-json\/wp\/v2\/product_brand?post=17805"},{"taxonomy":"product_cat","embeddable":true,"href":"https:\/\/ak47.nu\/fr\/wp-json\/wp\/v2\/product_cat?post=17805"},{"taxonomy":"product_tag","embeddable":true,"href":"https:\/\/ak47.nu\/fr\/wp-json\/wp\/v2\/product_tag?post=17805"}],"curies":[{"name":"wp","href":"https:\/\/api.w.org\/{rel}","templated":true}]}}