{"id":17831,"date":"2022-05-05T14:50:42","date_gmt":"2022-05-05T12:50:42","guid":{"rendered":"https:\/\/ak47.nu\/produkt\/norica-dream-rider-luftgevar-10-j-5-5mm\/"},"modified":"2025-08-21T11:22:16","modified_gmt":"2025-08-21T09:22:16","slug":"norica-dream-rider-carabine-air-5-5mm","status":"publish","type":"product","link":"https:\/\/ak47.nu\/fr\/produit\/luftvapen\/brytpipa\/gevar-brytpipa\/norica-dream-rider-carabine-air-5-5mm\/","title":{"rendered":"Carabine \u00e0 air comprim\u00e9 Norica Dream Rider - L\u00e9g\u00e8re"},"content":{"rendered":"<h1>Norica Dream Rider - Carabine \u00e0 air - 10 J - 5.5MM<\/h1>\n<h2>Carabine \u00e0 air comprim\u00e9 polyvalente et puissante<\/h2>\n<p>La Norica Dream Rider est une carabine \u00e0 air comprim\u00e9 l\u00e9g\u00e8re dot\u00e9e d'une crosse en fibre antichoc, ce qui la rend parfaite pour ceux qui recherchent une arme polyvalente et puissante. La l\u00e9g\u00e8ret\u00e9 combin\u00e9e \u00e0 des performances \u00e9lev\u00e9es fait de cette carabine \u00e0 air comprim\u00e9 un excellent choix pour les tireurs d\u00e9butants et exp\u00e9riment\u00e9s. D\u00e9couvrez notre s\u00e9lection d'<a href=\"https:\/\/ak47.nu\/fr\/butik\/\">autres carabines \u00e0 air comprim\u00e9<\/a> pour trouver celle qui vous convient le mieux. Trouvez plus de produits similaires dans notre <a href=\"https:\/\/ak47.nu\/fr\/luftvapen\/brytpipa\/\">cat\u00e9gorie carabines \u00e0 air comprim\u00e9<\/a>.<\/p>\n<h3>Sp\u00e9cifications<\/h3>\n<ul>\n <li>Crosse en fibre antichoc et ambidextre<\/li>\n <li>Plaque de couche ventil\u00e9e en caoutchouc<\/li>\n <li>Motif quadrill\u00e9 sur la poign\u00e9e pistolet et la poign\u00e9e avant<\/li>\n <li>S\u00e9curit\u00e9 automatique<\/li>\n <li>Hausse \u00e0 fibre optique compacte<\/li>\n <li>Compensateur en aluminium avec guidon \u00e0 fibre optique int\u00e9gr\u00e9<\/li>\n<\/ul>\n<h3>Donn\u00e9es techniques<\/h3>\n<ul>\n <li>R\u00e9f\u00e9rence: 111.13.553<\/li>\n <li>Calibre (mm (pouces)): 5,5 (.22)<\/li>\n <li>Poids (Kg): 2,9<\/li>\n <li>Longueur du canon (mm): 454<\/li>\n <li>Longueur totale (mm): 1.180<\/li>\n <li>Vitesse (m\/s): 153<\/li>\n <li>Puissance (J): 10<\/li>\n<\/ul>\n<p>Avec sa construction robuste et sa conception bien pens\u00e9e, la Norica Dream Rider offre une exp\u00e9rience de tir s\u00fbre et confortable. La s\u00e9curit\u00e9 automatique et la vis\u00e9e \u00e0 fibre optique contribuent \u00e0 une pr\u00e9cision et une facilit\u00e9 d'utilisation accrues. Am\u00e9liorez votre exp\u00e9rience de tir d\u00e8s aujourd'hui - <a href=\"https:\/\/ak47.nu\/fr\/\">visitez notre site web<\/a> pour d\u00e9couvrir toute notre gamme !<\/p>","protected":false},"excerpt":{"rendered":"<p>K\u00f6p Norica Dream Rider luftgev\u00e4r &#8211; 10 J &#8211; 5.5MM hos oss. Vi erbjuder h\u00f6gkvalitativa luftgev\u00e4r fr\u00e5n Norica till konkurrenskraftiga priser. Utforska v\u00e5rt sortiment idag och hitta ditt dr\u00f6mvapen f\u00f6r din n\u00e4sta jakttur eller tr\u00e4ningssession. Best\u00e4ll nu och f\u00e5 snabb leverans .<\/p>","protected":false},"featured_media":17822,"template":"","meta":[],"product_brand":[],"product_cat":[424,428,375],"product_tag":[],"class_list":{"0":"post-17831","1":"product","2":"type-product","3":"status-publish","4":"has-post-thumbnail","6":"product_cat-brytpipa","7":"product_cat-gevar-brytpipa","8":"product_cat-luftvapen","9":"pa_brand-norica","11":"first","12":"instock","13":"sale","14":"taxable","15":"shipping-taxable","16":"purchasable","17":"product-type-simple"},"_links":{"self":[{"href":"https:\/\/ak47.nu\/fr\/wp-json\/wp\/v2\/product\/17831","targetHints":{"allow":["GET"]}}],"collection":[{"href":"https:\/\/ak47.nu\/fr\/wp-json\/wp\/v2\/product"}],"about":[{"href":"https:\/\/ak47.nu\/fr\/wp-json\/wp\/v2\/types\/product"}],"wp:featuredmedia":[{"embeddable":true,"href":"https:\/\/ak47.nu\/fr\/wp-json\/wp\/v2\/media\/17822"}],"wp:attachment":[{"href":"https:\/\/ak47.nu\/fr\/wp-json\/wp\/v2\/media?parent=17831"}],"wp:term":[{"taxonomy":"product_brand","embeddable":true,"href":"https:\/\/ak47.nu\/fr\/wp-json\/wp\/v2\/product_brand?post=17831"},{"taxonomy":"product_cat","embeddable":true,"href":"https:\/\/ak47.nu\/fr\/wp-json\/wp\/v2\/product_cat?post=17831"},{"taxonomy":"product_tag","embeddable":true,"href":"https:\/\/ak47.nu\/fr\/wp-json\/wp\/v2\/product_tag?post=17831"}],"curies":[{"name":"wp","href":"https:\/\/api.w.org\/{rel}","templated":true}]}}