{"id":17833,"date":"2022-05-05T14:50:43","date_gmt":"2022-05-05T12:50:43","guid":{"rendered":"https:\/\/ak47.nu\/produkt\/norica-combo-dead-eye-grs-luftgevar-10-j-5-5mm\/"},"modified":"2025-12-03T20:31:38","modified_gmt":"2025-12-03T19:31:38","slug":"carabine-a-air-comprime-norica-dead-eye-grs-5-5mm","status":"publish","type":"product","link":"https:\/\/ak47.nu\/fr\/produit\/luftvapen\/brytpipa\/gevar-brytpipa\/carabine-a-air-comprime-norica-dead-eye-grs-5-5mm\/","title":{"rendered":"Carabine \u00e0 air comprim\u00e9 Norica Dead Eye GRS 5.5mm - 10J"},"content":{"rendered":"<h1>Norica - Combo Dead Eye GRS - Carabine \u00e0 air comprim\u00e9 - 10 J - 5.5MM<\/h1>\n<h2>Carabine \u00e0 air comprim\u00e9 tactique avec technologie GRS<\/h2>\n<p>D\u00e9couvrez la pr\u00e9cision et la puissance avec la Norica Dead Eye GRS, une carabine \u00e0 air comprim\u00e9 con\u00e7ue avec une technologie de pointe pour des performances optimales. Le GRS (Gas Ram System) offre une puissance plus fluide, une pr\u00e9cision accrue gr\u00e2ce \u00e0 la r\u00e9duction des vibrations et une dur\u00e9e de vie plus longue des composants internes. Veuillez noter que la lunette n'est PAS incluse.<\/p>\n<h3>Avantages du GRS et du RAS<\/h3>\n<ul>\n <li><b>GRS (Gas Ram System) :<\/b> Puissance constante, vibrations r\u00e9duites et durabilit\u00e9 accrue.<\/li>\n <li><b>RAS (Recoil Absorption System) :<\/b> R\u00e9duit le recul de 40 % pour un meilleur contr\u00f4le.<\/li>\n<\/ul>\n<p>Le syst\u00e8me de d\u00e9tente enti\u00e8rement r\u00e9glable de Norica, avec une lame en m\u00e9tal argent\u00e9, vous donne un contr\u00f4le total sur la d\u00e9tente. La carabine \u00e0 air comprim\u00e9 est \u00e9galement dot\u00e9e d'un support d'armement facile et d'un appui-joue r\u00e9glable pour faciliter la vis\u00e9e. Les organes de vis\u00e9e ouverts en fibre optique, le rail en queue d'aronde de 11 mm pour la lunette et les deux rails picatinny vous permettent de personnaliser la carabine selon vos besoins.<\/p>\n<h3>Caract\u00e9ristiques et propri\u00e9t\u00e9s<\/h3>\n<ul>\n <li>Crosse synth\u00e9tique antichoc<\/li>\n <li>Appui-joue r\u00e9glable<\/li>\n <li>Canon en acier gain\u00e9 de polym\u00e8re<\/li>\n <li>D\u00e9tente r\u00e9glable avec lame en m\u00e9tal argent\u00e9<\/li>\n <li>Organes de vis\u00e9e ouverts en fibre optique<\/li>\n <li>Guidon prot\u00e9g\u00e9<\/li>\n <li>Effort d'armement r\u00e9duit<\/li>\n <li>S\u00e9curit\u00e9 automatique<\/li>\n <li>Rail Picatinny des deux c\u00f4t\u00e9s<\/li>\n <li>Rail en queue d'aronde de 11 mm<\/li>\n<\/ul>\n<p><b>Sp\u00e9cifications :<\/b><\/p>\n<ul>\n <li>Calibre : 5,5 mm (.22)<\/li>\n <li>Poids : 3 kg<\/li>\n <li>Longueur du canon : 474 mm<\/li>\n <li>Longueur totale : 1155 mm<\/li>\n <li>Vitesse : 153 m\/s<\/li>\n <li>Puissance : 10 J<\/li>\n<\/ul>\n<p>Am\u00e9liorez votre exp\u00e9rience de tir avec la <a href=\"https:\/\/ak47.nu\/fr\/butik\/\">Norica Dead Eye GRS<\/a>. D\u00e9couvrez notre gamme de <a href=\"https:\/\/ak47.nu\/fr\/luftvapen\/brytpipa\/\">carabines \u00e0 air comprim\u00e9<\/a> pour trouver la carabine parfaite pour vous. Visitez <a href=\"https:\/\/ak47.nu\/fr\/\">notre site web<\/a> pour plus d'informations et d'offres.<\/p>","protected":false},"excerpt":{"rendered":"<p>K\u00f6p Norica Combo Dead Eye GRS luftgev\u00e4r med 10 J effekt och 5.5MM kaliber. Perfekt f\u00f6r precisionsskytte och jakt. Best\u00e4ll nu f\u00f6r snabb leverans.<\/p>","protected":false},"featured_media":17828,"template":"","meta":[],"product_brand":[],"product_cat":[428],"product_tag":[],"class_list":{"0":"post-17833","1":"product","2":"type-product","3":"status-publish","4":"has-post-thumbnail","6":"product_cat-gevar-brytpipa","7":"pa_brand-norica","9":"first","10":"outofstock","11":"sale","12":"taxable","13":"shipping-taxable","14":"purchasable","15":"product-type-simple"},"_links":{"self":[{"href":"https:\/\/ak47.nu\/fr\/wp-json\/wp\/v2\/product\/17833","targetHints":{"allow":["GET"]}}],"collection":[{"href":"https:\/\/ak47.nu\/fr\/wp-json\/wp\/v2\/product"}],"about":[{"href":"https:\/\/ak47.nu\/fr\/wp-json\/wp\/v2\/types\/product"}],"wp:featuredmedia":[{"embeddable":true,"href":"https:\/\/ak47.nu\/fr\/wp-json\/wp\/v2\/media\/17828"}],"wp:attachment":[{"href":"https:\/\/ak47.nu\/fr\/wp-json\/wp\/v2\/media?parent=17833"}],"wp:term":[{"taxonomy":"product_brand","embeddable":true,"href":"https:\/\/ak47.nu\/fr\/wp-json\/wp\/v2\/product_brand?post=17833"},{"taxonomy":"product_cat","embeddable":true,"href":"https:\/\/ak47.nu\/fr\/wp-json\/wp\/v2\/product_cat?post=17833"},{"taxonomy":"product_tag","embeddable":true,"href":"https:\/\/ak47.nu\/fr\/wp-json\/wp\/v2\/product_tag?post=17833"}],"curies":[{"name":"wp","href":"https:\/\/api.w.org\/{rel}","templated":true}]}}