{"id":17862,"date":"2022-05-05T14:51:00","date_gmt":"2022-05-05T12:51:00","guid":{"rendered":"https:\/\/ak47.nu\/produkt\/norica-combo-dragon-grs-evolution-max-luftgevar-10-j-4-5mm\/"},"modified":"2025-08-21T11:22:04","modified_gmt":"2025-08-21T09:22:04","slug":"carabine-a-air-comprime-norica-dragon-grs-evolution-max-4-5mm","status":"publish","type":"product","link":"https:\/\/ak47.nu\/fr\/produit\/luftvapen\/brytpipa\/gevar-brytpipa\/carabine-a-air-comprime-norica-dragon-grs-evolution-max-4-5mm\/","title":{"rendered":"Carabine \u00e0 air comprim\u00e9 Norica Dragon GRS Evolution Max 4.5mm"},"content":{"rendered":"<h1>Norica - Combo Dragon GRS Evolution Max - Carabine \u00e0 air comprim\u00e9 - 10 J - 4.5MM<\/h1>\n<h2>Carabine \u00e0 air comprim\u00e9 puissante avec syst\u00e8me GRS<\/h2>\n<p>La Norica Combo Dragon GRS Evolution Max est une carabine \u00e0 air comprim\u00e9 enti\u00e8rement r\u00e9nov\u00e9e, dot\u00e9e d'un canon bullbarrel et d'un canon en aluminium anodis\u00e9 avec un silencieux int\u00e9gr\u00e9. Le syst\u00e8me GRS (Gas Ram System) augmente la puissance et am\u00e9liore la qualit\u00e9 du tir, offrant une exp\u00e9rience de tir sup\u00e9rieure. Cette carabine est livr\u00e9e avec une lunette 3-9x40 AO MAGNUM. D\u00e9couvrez-en davantage sur nos <a href=\"https:\/\/ak47.nu\/fr\/butik\/\">autres carabines \u00e0 air comprim\u00e9<\/a> et trouvez celle qui correspond parfaitement \u00e0 vos besoins.<\/p>\n\n<h3>Sp\u00e9cifications et avantages<\/h3>\n<ul>\n <li><strong>Crosse en fibre antichoc :<\/strong> Offre une durabilit\u00e9 et un confort accrus.<\/li>\n <li><strong>Crosse ambidextre :<\/strong> Convient aux tireurs droitiers et gauchers.<\/li>\n <li><strong>Plaque de couche ventil\u00e9e en caoutchouc :<\/strong> R\u00e9duit le recul et augmente le confort.<\/li>\n <li><strong>Motif molet\u00e9 :<\/strong> Am\u00e9liore la prise sur la poign\u00e9e pistolet et le devant.<\/li>\n <li><strong>S\u00e9curit\u00e9 automatique :<\/strong> Augmente la s\u00e9curit\u00e9 pendant l'utilisation.<\/li>\n <li><strong>Canon Bullbarrel en aluminium anodis\u00e9 :<\/strong> Offre une construction robuste et silencieuse avec un silencieux int\u00e9gr\u00e9.<\/li>\n<\/ul>\n\n<h3>Donn\u00e9es techniques<\/h3>\n<ul>\n <li><strong>Calibre :<\/strong> 4,5 mm (.177)<\/li>\n <li><strong>Poids :<\/strong> 3 kg<\/li>\n <li><strong>Longueur du canon :<\/strong> 355 mm<\/li>\n <li><strong>Longueur totale :<\/strong> 1160 mm<\/li>\n <li><strong>Vitesse :<\/strong> 200 m\/s<\/li>\n <li><strong>Puissance :<\/strong> 10 J<\/li>\n<\/ul>\n\n<h3>Lunette de vis\u00e9e avec objectif r\u00e9glable<\/h3>\n<p>La lunette de vis\u00e9e incluse est sp\u00e9cialement con\u00e7ue pour les carabines \u00e0 air comprim\u00e9 dot\u00e9es d'un syst\u00e8me GRS. Elle est renforc\u00e9e int\u00e9rieurement pour r\u00e9sister aux chocs puissants et poss\u00e8de un rail de montage robuste pour une installation s\u00e9curis\u00e9e. Avec une optique enti\u00e8rement trait\u00e9e, une conception r\u00e9sistante aux chocs, \u00e0 l'eau et \u00e0 la bu\u00e9e, cette lunette de vis\u00e9e offre des performances optimales. Pour consulter notre gamme d'<a href=\"https:\/\/ak47.nu\/fr\/luftvapen\/brytpipa\/\">accessoires pour armes<\/a>, visitez notre page de cat\u00e9gorie. \nDe plus, la lunette est remplie d'azote pour \u00e9viter la formation de bu\u00e9e et assurer une vision claire dans toutes les conditions. Pour plus d'informations, visitez notre <a href=\"https:\/\/ak47.nu\/fr\/\">page d'accueil<\/a>.<\/p>","protected":false},"excerpt":{"rendered":"<p>Norica Combo Dragon GRS Evolution Max &#8211; Luftgev\u00e4r 10 J 4.5MM \u00e4r ett kraftfullt luftgev\u00e4r med h\u00f6g precision och maximal effekt. K\u00f6p det h\u00e4r f\u00f6r en fantastisk skjutupplevelse.<\/p>","protected":false},"featured_media":17861,"template":"","meta":[],"product_brand":[],"product_cat":[424,428,375],"product_tag":[],"class_list":{"0":"post-17862","1":"product","2":"type-product","3":"status-publish","4":"has-post-thumbnail","6":"product_cat-brytpipa","7":"product_cat-gevar-brytpipa","8":"product_cat-luftvapen","9":"pa_brand-norica","11":"first","12":"outofstock","13":"sale","14":"taxable","15":"shipping-taxable","16":"purchasable","17":"product-type-simple"},"_links":{"self":[{"href":"https:\/\/ak47.nu\/fr\/wp-json\/wp\/v2\/product\/17862","targetHints":{"allow":["GET"]}}],"collection":[{"href":"https:\/\/ak47.nu\/fr\/wp-json\/wp\/v2\/product"}],"about":[{"href":"https:\/\/ak47.nu\/fr\/wp-json\/wp\/v2\/types\/product"}],"wp:featuredmedia":[{"embeddable":true,"href":"https:\/\/ak47.nu\/fr\/wp-json\/wp\/v2\/media\/17861"}],"wp:attachment":[{"href":"https:\/\/ak47.nu\/fr\/wp-json\/wp\/v2\/media?parent=17862"}],"wp:term":[{"taxonomy":"product_brand","embeddable":true,"href":"https:\/\/ak47.nu\/fr\/wp-json\/wp\/v2\/product_brand?post=17862"},{"taxonomy":"product_cat","embeddable":true,"href":"https:\/\/ak47.nu\/fr\/wp-json\/wp\/v2\/product_cat?post=17862"},{"taxonomy":"product_tag","embeddable":true,"href":"https:\/\/ak47.nu\/fr\/wp-json\/wp\/v2\/product_tag?post=17862"}],"curies":[{"name":"wp","href":"https:\/\/api.w.org\/{rel}","templated":true}]}}