{"id":17875,"date":"2022-05-05T14:51:07","date_gmt":"2022-05-05T12:51:07","guid":{"rendered":"https:\/\/ak47.nu\/produkt\/norica-dream-max-combo-luftgevar-10-j-4-5mm\/"},"modified":"2025-12-03T20:27:50","modified_gmt":"2025-12-03T19:27:50","slug":"carabine-air-comprime-norica-dream-max-combo-4-5mm","status":"publish","type":"product","link":"https:\/\/ak47.nu\/fr\/produit\/luftvapen\/brytpipa\/gevar-brytpipa\/carabine-air-comprime-norica-dream-max-combo-4-5mm\/","title":{"rendered":"Carabine \u00e0 air comprim\u00e9 Norica Dream Max COMBO 4.5mm | Lunette incluse"},"content":{"rendered":"<h1>Norica - Dream Max COMBO - Carabine \u00e0 air - 10 J - 4.5MM<\/h1>\n<h2>Carabine \u00e0 air comprim\u00e9 puissante avec lunette incluse<\/h2>\n<p>La Norica Dream Max COMBO est une excellente carabine \u00e0 air comprim\u00e9 qui combine puissance et pr\u00e9cision. Avec une lunette 4x32 incluse, cette carabine est pr\u00eate \u00e0 l'emploi d\u00e8s sa sortie de l'emballage. Le silencieux en aluminium anodis\u00e9 non amovible int\u00e8gre la technologie SilentShot de Norica pour minimiser l'expansion du son gr\u00e2ce \u00e0 des d\u00e9flecteurs synth\u00e9tiques, offrant une exp\u00e9rience de tir plus silencieuse. Vous cherchez d'autres produits Norica ? <a href=\"https:\/\/ak47.nu\/fr\/butik\/\">D\u00e9couvrez notre gamme ici<\/a>. Cette carabine \u00e0 air comprim\u00e9 est parfaite pour les d\u00e9butants comme pour les tireurs exp\u00e9riment\u00e9s \u00e0 la recherche d'une arme fiable.<\/p>\n<h3>Conception ergonomique et fonctionnalit\u00e9s pratiques<\/h3>\n<p>La crosse synth\u00e9tique est ambidextre et pr\u00e9sente une texture en \u00e9cailles de poisson sur la poign\u00e9e et le devant, offrant une prise en main s\u00fbre et confortable. De plus, il y a un compartiment de rangement int\u00e9gr\u00e9 dans la poign\u00e9e, parfait pour les petits accessoires. Le recul est minimis\u00e9 gr\u00e2ce \u00e0 un tampon en caoutchouc \u00e0 haute absorption, ce qui augmente le confort lors de l'utilisation. <a href=\"https:\/\/ak47.nu\/fr\/luftvapen\/brytpipa\/\">Retrouvez toutes nos carabines \u00e0 air comprim\u00e9 ici<\/a>. Pour revenir \u00e0 notre page d'accueil, cliquez <a href=\"https:\/\/ak47.nu\/fr\/\">ici<\/a>.<\/p>\n<h3>Des sp\u00e9cifications qui font la diff\u00e9rence<\/h3>\n<ul>\n<li>Crosse en fibre antichoc et ambidextre<\/li>\n<li>Compartiment de rangement facile d'acc\u00e8s dans la poign\u00e9e<\/li>\n<li>Plaque de couche en caoutchouc<\/li>\n<li>Quadrillage molet\u00e9 sur la poign\u00e9e pistolet et le devant<\/li>\n<li>S\u00e9curit\u00e9 automatique<\/li>\n<li>Silencieux en aluminium anodis\u00e9<\/li>\n<li>Rail en queue d'aronde de 11 mm<\/li>\n<\/ul>\n<h3>Donn\u00e9es techniques<\/h3>\n<ul>\n<li>R\u00e9f\u00e9rence : 111.13.710<\/li>\n<li>Calibre (mm (Pouce)) : 4,5 (.177)<\/li>\n<li>Poids (Kg) : 3<\/li>\n<li>Longueur du canon (mm) : 355<\/li>\n<li>Longueur totale (mm) : 1 160<\/li>\n<li>Vitesse (m\/s) : 200<\/li>\n<li>Puissance (J) : 10<\/li>\n<\/ul>\n<h3>D\u00e9tails de la lunette<\/h3>\n<p>La lunette 4x32 incluse est enti\u00e8rement trait\u00e9e, offrant une image claire et nette. Elle est \u00e9galement antichoc, \u00e9tanche et antibu\u00e9e, et remplie d'azote pour \u00e9viter la condensation. Un montage monobloc 3\/8\" avec boulon d'arr\u00eat de recul est inclus, garantissant que la lunette reste bien en place m\u00eame en cas de fort recul.<\/p>","protected":false},"excerpt":{"rendered":"<p>K\u00f6p Norica Dream Max COMBO &#8211; Luftgev\u00e4r 10 J 4.5MM online hos. Vi har ett brett utbud av luftgev\u00e4r av h\u00f6g kvalitet och erbjuder snabb leverans. Best\u00e4ll nu f\u00f6r att uppleva en dr\u00f6msk skytteupplevelse med Norica Dream Max COMBO.<\/p>","protected":false},"featured_media":17865,"template":"","meta":[],"product_brand":[],"product_cat":[428],"product_tag":[],"class_list":{"0":"post-17875","1":"product","2":"type-product","3":"status-publish","4":"has-post-thumbnail","6":"product_cat-gevar-brytpipa","7":"pa_brand-norica","9":"first","10":"outofstock","11":"sale","12":"taxable","13":"shipping-taxable","14":"purchasable","15":"product-type-simple"},"_links":{"self":[{"href":"https:\/\/ak47.nu\/fr\/wp-json\/wp\/v2\/product\/17875","targetHints":{"allow":["GET"]}}],"collection":[{"href":"https:\/\/ak47.nu\/fr\/wp-json\/wp\/v2\/product"}],"about":[{"href":"https:\/\/ak47.nu\/fr\/wp-json\/wp\/v2\/types\/product"}],"wp:featuredmedia":[{"embeddable":true,"href":"https:\/\/ak47.nu\/fr\/wp-json\/wp\/v2\/media\/17865"}],"wp:attachment":[{"href":"https:\/\/ak47.nu\/fr\/wp-json\/wp\/v2\/media?parent=17875"}],"wp:term":[{"taxonomy":"product_brand","embeddable":true,"href":"https:\/\/ak47.nu\/fr\/wp-json\/wp\/v2\/product_brand?post=17875"},{"taxonomy":"product_cat","embeddable":true,"href":"https:\/\/ak47.nu\/fr\/wp-json\/wp\/v2\/product_cat?post=17875"},{"taxonomy":"product_tag","embeddable":true,"href":"https:\/\/ak47.nu\/fr\/wp-json\/wp\/v2\/product_tag?post=17875"}],"curies":[{"name":"wp","href":"https:\/\/api.w.org\/{rel}","templated":true}]}}