{"id":17877,"date":"2022-05-05T14:51:08","date_gmt":"2022-05-05T12:51:08","guid":{"rendered":"https:\/\/ak47.nu\/produkt\/norica-black-eagle-luftgevar-10-j-4-5mm\/"},"modified":"2025-12-03T20:31:40","modified_gmt":"2025-12-03T19:31:40","slug":"norica-black-eagle-luftgevar-10-j-4-5mm","status":"publish","type":"product","link":"https:\/\/ak47.nu\/fr\/produit\/luftvapen\/brytpipa\/gevar-brytpipa\/norica-black-eagle-luftgevar-10-j-4-5mm\/","title":{"rendered":"Norica &#8211; Black Eagle &#8211; Luftgev\u00e4r &#8211; 10 J &#8211; 4.5MM"},"content":{"rendered":"<p>Norica &#8211; Black Eagle<\/p>\n<p>Beskrivning<br \/>En raffinerad magnum power springer. Estetiskt ansedd som en av Noricas mest eleganta modeller tack vare dess svartbetsade boktr\u00e4 kolv och naturliga tr\u00e4f\u00e4rgade rutm\u00f6nster p\u00e5 grepp och fr\u00e4mre grepp. Med NATS justerbar 2-stegs avtryckare, SilentShot-teknik och ventilerad rekylplatta f\u00f6r rekylabsorbering.<\/p>\n<p>Specifikationer<br \/>\u00c5ngad boktr\u00e4 kolv vattenbaserad bl\u00e4ck<br \/>Ventilerad rekylplatta av gummi<br \/>R\u00e4fflat rutm\u00f6nster p\u00e5 pistolgrepp och fr\u00e4mre grepp<br \/>Automatisk s\u00e4kerhet<br \/>Justerbar avtryckare<br \/>Fiberoptisk kompakt sikte bak<br \/>Ljudmoderator med fiberoptisk frontsikte inbyggt<\/p>\n<p>Teknisk Data<br \/>Referens: 111.21.008<br \/>Kaliber (mm (tum)): 4,5 (.177)<br \/>Vikt (Kg): 3,2<br \/>Pipl\u00e4ngd (mm): 354<br \/>Totall\u00e4ngd (mm): 1.190<br \/>Hastighet (m\/s): 200<br \/>Kraft (J): 10<\/p>","protected":false},"excerpt":{"rendered":"<p>K\u00f6p Norica Black Eagle luftgev\u00e4r med 10 J effekt i kaliber 4.5MM. H\u00f6g kvalitet och precision f\u00f6r optimalt skytte. Best\u00e4ll nu och f\u00e5 snabb leverans!<\/p>","protected":false},"featured_media":17866,"template":"","meta":[],"product_brand":[],"product_cat":[428],"product_tag":[],"class_list":{"0":"post-17877","1":"product","2":"type-product","3":"status-publish","4":"has-post-thumbnail","6":"product_cat-gevar-brytpipa","7":"pa_brand-norica","9":"first","10":"outofstock","11":"sale","12":"taxable","13":"shipping-taxable","14":"purchasable","15":"product-type-simple"},"_links":{"self":[{"href":"https:\/\/ak47.nu\/fr\/wp-json\/wp\/v2\/product\/17877","targetHints":{"allow":["GET"]}}],"collection":[{"href":"https:\/\/ak47.nu\/fr\/wp-json\/wp\/v2\/product"}],"about":[{"href":"https:\/\/ak47.nu\/fr\/wp-json\/wp\/v2\/types\/product"}],"wp:featuredmedia":[{"embeddable":true,"href":"https:\/\/ak47.nu\/fr\/wp-json\/wp\/v2\/media\/17866"}],"wp:attachment":[{"href":"https:\/\/ak47.nu\/fr\/wp-json\/wp\/v2\/media?parent=17877"}],"wp:term":[{"taxonomy":"product_brand","embeddable":true,"href":"https:\/\/ak47.nu\/fr\/wp-json\/wp\/v2\/product_brand?post=17877"},{"taxonomy":"product_cat","embeddable":true,"href":"https:\/\/ak47.nu\/fr\/wp-json\/wp\/v2\/product_cat?post=17877"},{"taxonomy":"product_tag","embeddable":true,"href":"https:\/\/ak47.nu\/fr\/wp-json\/wp\/v2\/product_tag?post=17877"}],"curies":[{"name":"wp","href":"https:\/\/api.w.org\/{rel}","templated":true}]}}