{"id":17894,"date":"2022-05-05T14:51:20","date_gmt":"2022-05-05T12:51:20","guid":{"rendered":"https:\/\/ak47.nu\/produkt\/norica-spider-grs-combo-luftgevar-10-j-4-5mm\/"},"modified":"2026-04-23T15:54:33","modified_gmt":"2026-04-23T13:54:33","slug":"carabine-air-comprime-norica-spider-grs-combo-4-5mm","status":"publish","type":"product","link":"https:\/\/ak47.nu\/fr\/produit\/luftvapen\/brytpipa\/gevar-brytpipa\/carabine-air-comprime-norica-spider-grs-combo-4-5mm\/","title":{"rendered":"Carabine \u00e0 air comprim\u00e9 Norica Spider GRS Combo 4.5mm | 10J"},"content":{"rendered":"<h1>Carabine \u00e0 air comprim\u00e9 Norica Spider GRS COMBO<\/h1>\n<h2>Carabine \u00e0 air comprim\u00e9 puissante avec syst\u00e8me GRS<\/h2>\n<p>La Norica Spider GRS COMBO est une carabine \u00e0 air comprim\u00e9 puissante dot\u00e9e d'une crosse en fibre antichoc, gr\u00e2ce au syst\u00e8me GRS (Gas Ram System) qui r\u00e9duit les vibrations et augmente la pr\u00e9cision. Ce pack combo comprend une lunette 4X32 AO pour une pr\u00e9cision de cible am\u00e9lior\u00e9e. Le coussin de recul ventil\u00e9 contribue \u00e0 un confort accru et r\u00e9duit le recul.<\/p>\n<h3>Caract\u00e9ristiques et avantages<\/h3>\n<ul>\n  <li><strong>Crosse en fibre antichoc :<\/strong> Am\u00e9liore la durabilit\u00e9 et r\u00e9duit les vibrations.<\/li>\n  <li><strong>Coussin de recul en caoutchouc ventil\u00e9 :<\/strong> Augmente le confort et r\u00e9duit le recul.<\/li>\n  <li><strong>Motif quadrill\u00e9 :<\/strong> Offre une prise en main s\u00fbre et confortable sur la poign\u00e9e pistolet et le devant.<\/li>\n  <li><strong>S\u00e9curit\u00e9 automatique :<\/strong> Emp\u00eache les tirs accidentels.<\/li>\n  <li><strong>Viseurs \u00e0 fibre optique :<\/strong> Am\u00e9liore la vis\u00e9e dans diverses conditions d'\u00e9clairage.<\/li>\n  <li><strong>Effort d'armement r\u00e9duit :<\/strong> Facilite l'armement de la carabine.<\/li>\n<\/ul>\n<h3>Sp\u00e9cifications<\/h3>\n<ul>\n  <li>Calibre : 4,5 mm (.177)<\/li>\n  <li>Poids : 3 kg<\/li>\n  <li>Longueur du canon : 484 mm<\/li>\n  <li>Longueur totale : 1 170 mm<\/li>\n  <li>Vitesse : 200 m\/s<\/li>\n  <li>Puissance : 10 J<\/li>\n<\/ul>\n<h3>D\u00e9tails de la lunette<\/h3>\n<ul>\n    <li>Optique enti\u00e8rement trait\u00e9e<\/li>\n    <li>R\u00e9sistant aux chocs<\/li>\n    <li>\u00c9tanche<\/li>\n    <li>Antibu\u00e9e<\/li>\n    <li>Rempli d'azote<\/li>\n    <li>Support monobloc 3\/8\" avec boulon d'arr\u00eat de recul inclus<\/li>\n<\/ul>\n<p>La lunette 4X32 AO incluse offre une vue claire et distincte de la cible. Son optique enti\u00e8rement trait\u00e9e, sa r\u00e9sistance aux chocs, son \u00e9tanch\u00e9it\u00e9 et ses caract\u00e9ristiques antibu\u00e9e garantissent que la carabine peut \u00eatre utilis\u00e9e dans diverses conditions. Am\u00e9liorez votre exp\u00e9rience de tir avec cette carabine \u00e0 air comprim\u00e9 Norica. D\u00e9couvrez d'autres <a href=\"https:\/\/ak47.nu\/fr\/butik\/\">carabines \u00e0 air comprim\u00e9 Norica<\/a> dans notre gamme. Visitez notre <a href=\"https:\/\/ak47.nu\/fr\/luftvapen\/brytpipa\/\">cat\u00e9gorie de carabines \u00e0 air comprim\u00e9<\/a> pour voir tous nos produits. Vous pouvez \u00e9galement visiter notre <a href=\"https:\/\/ak47.nu\/fr\/\">page d'accueil<\/a> pour plus d'informations et d'offres.<\/p>","protected":false},"excerpt":{"rendered":"<p>K\u00f6p Norica Spider GRS COMBO luftgev\u00e4r med 10 J effekt och 4.5MM kaliber. Perfekt f\u00f6r jakt och tr\u00e4ning. Best\u00e4ll nu och f\u00e5 snabb leverans.<\/p>","protected":false},"featured_media":17892,"template":"","meta":[],"product_brand":[],"product_cat":[428],"product_tag":[],"class_list":{"0":"post-17894","1":"product","2":"type-product","3":"status-publish","4":"has-post-thumbnail","6":"product_cat-gevar-brytpipa","7":"pa_brand-norica","9":"first","10":"outofstock","11":"taxable","12":"shipping-taxable","13":"purchasable","14":"product-type-simple"},"_links":{"self":[{"href":"https:\/\/ak47.nu\/fr\/wp-json\/wp\/v2\/product\/17894","targetHints":{"allow":["GET"]}}],"collection":[{"href":"https:\/\/ak47.nu\/fr\/wp-json\/wp\/v2\/product"}],"about":[{"href":"https:\/\/ak47.nu\/fr\/wp-json\/wp\/v2\/types\/product"}],"wp:featuredmedia":[{"embeddable":true,"href":"https:\/\/ak47.nu\/fr\/wp-json\/wp\/v2\/media\/17892"}],"wp:attachment":[{"href":"https:\/\/ak47.nu\/fr\/wp-json\/wp\/v2\/media?parent=17894"}],"wp:term":[{"taxonomy":"product_brand","embeddable":true,"href":"https:\/\/ak47.nu\/fr\/wp-json\/wp\/v2\/product_brand?post=17894"},{"taxonomy":"product_cat","embeddable":true,"href":"https:\/\/ak47.nu\/fr\/wp-json\/wp\/v2\/product_cat?post=17894"},{"taxonomy":"product_tag","embeddable":true,"href":"https:\/\/ak47.nu\/fr\/wp-json\/wp\/v2\/product_tag?post=17894"}],"curies":[{"name":"wp","href":"https:\/\/api.w.org\/{rel}","templated":true}]}}