{"id":17908,"date":"2022-05-05T14:51:29","date_gmt":"2022-05-05T12:51:29","guid":{"rendered":"https:\/\/ak47.nu\/produkt\/norica-phantom-grs-luftgevar-10-j-5-5mm\/"},"modified":"2025-08-21T11:21:40","modified_gmt":"2025-08-21T09:21:40","slug":"carabine-air-norica-phantom-grs-5-5mm","status":"publish","type":"product","link":"https:\/\/ak47.nu\/fr\/produit\/luftvapen\/brytpipa\/gevar-brytpipa\/carabine-air-norica-phantom-grs-5-5mm\/","title":{"rendered":"Carabine \u00e0 air Norica Phantom GRS 5.5MM | 10J"},"content":{"rendered":"<h1>Norica Phantom GRS - Carabine \u00e0 air - 10 J - 5.5MM<\/h1>\n<h2>Carabine \u00e0 air silencieuse et puissante avec technologie GRS<\/h2>\n<p>La Norica Phantom GRS combine la puissance et la qualit\u00e9 de la technologie GRS de Norica avec un silencieux SilentShot pour des s\u00e9ances de tir silencieuses. Ce mod\u00e8le est id\u00e9al pour le tireur qui appr\u00e9cie \u00e0 la fois la pr\u00e9cision et la discr\u00e9tion. Avec sa crosse synth\u00e9tique tout temps en camouflage et son rangement pratique dans la poign\u00e9e pistolet, la Phantom GRS est \u00e0 la fois fonctionnelle et \u00e9l\u00e9gante. Le coussin de recul ventil\u00e9 contribue \u00e0 un confort accru et \u00e0 une meilleure exp\u00e9rience de tir. D\u00e9couvrez notre gamme d'<a href=\"https:\/\/ak47.nu\/fr\/butik\/\">autres carabines \u00e0 air<\/a> pour trouver celle qui vous convient le mieux.<\/p>\n\n<h3>Conception et pr\u00e9cision am\u00e9lior\u00e9es<\/h3>\n<p>La culasse Pro en acier solide am\u00e9lior\u00e9e r\u00e9duit consid\u00e9rablement l'effort d'armement, ce qui facilite le rechargement de la carabine. La hausse microm\u00e9trique r\u00e9glable et le guidon, prot\u00e9g\u00e9s par un capot en acier, sont tous deux \u00e9quip\u00e9s de fibres optiques ultra-lumineuses pour une visibilit\u00e9 optimale, m\u00eame en basse lumi\u00e8re. Cela facilite l'atteinte de la cible et am\u00e9liore votre pr\u00e9cision. Explorez notre gamme d'<a href=\"https:\/\/ak47.nu\/fr\/luftvapen\/brytpipa\/\">accessoires pour carabines \u00e0 air<\/a> afin d'optimiser votre exp\u00e9rience de tir.<\/p>\n\n<h3>Sp\u00e9cifications qui font la diff\u00e9rence<\/h3>\n<ul>\n <li>Crosse en fibre antichoc et ambidextre<\/li>\n <li>Espace de rangement dans la poign\u00e9e<\/li>\n <li>Coussin de recul en caoutchouc ventil\u00e9<\/li>\n <li>Motif quadrill\u00e9 sur la poign\u00e9e pistolet et la poign\u00e9e avant<\/li>\n <li>S\u00e9curit\u00e9 automatique<\/li>\n <li>Hausse ouverte microm\u00e9trique \u00e0 fibre optique<\/li>\n <li>Guidon prot\u00e9g\u00e9 par un capot en acier<\/li>\n <li>Effort d'armement r\u00e9duit<\/li>\n <li>Mod\u00e9rateur de son<\/li>\n <li>Rail en queue d'aronde de 11 mm<\/li>\n<\/ul>\n\n<h3>Donn\u00e9es techniques<\/h3>\n<ul>\n <li>R\u00e9f\u00e9rence : 111.15.473<\/li>\n <li>Calibre (mm (pouces)) : 5,5 (.22)<\/li>\n <li>Poids (Kg) : 3<\/li>\n <li>Longueur du canon (mm) : 354<\/li>\n <li>Longueur totale (mm) : 1.170<\/li>\n <li>Vitesse (m\/s) : 153<\/li>\n <li>Puissance (J) : 10<\/li>\n<\/ul>\n\n<p>La Norica Phantom GRS est un excellent choix pour le tireur \u00e0 la recherche d'une carabine \u00e0 air silencieuse, puissante et fiable. Gr\u00e2ce \u00e0 sa technologie GRS et \u00e0 son silencieux SilentShot, vous b\u00e9n\u00e9ficiez d'une exp\u00e9rience de tir optimale. Visitez <a href=\"https:\/\/ak47.nu\/fr\/\">notre site web<\/a> pour d\u00e9couvrir d'autres produits et offres.<\/p>","protected":false},"excerpt":{"rendered":"<p>Norica Phantom GRS &#8211; Carabine \u00e0 air &#8211; 10 J &#8211; 5.5MM Carabine \u00e0 air silencieuse et puissante avec technologie GRS La Norica Phantom GRS combine la puissance et la qualit\u00e9 de la technologie GRS de Norica avec un silencieux SilentShot pour des s\u00e9ances de tir silencieuses. Ce mod\u00e8le est id\u00e9al pour le tireur qui [&#8230;]","protected":false},"featured_media":17898,"template":"","meta":[],"product_brand":[],"product_cat":[424,428,375],"product_tag":[],"class_list":{"0":"post-17908","1":"product","2":"type-product","3":"status-publish","4":"has-post-thumbnail","6":"product_cat-brytpipa","7":"product_cat-gevar-brytpipa","8":"product_cat-luftvapen","9":"pa_brand-norica","11":"first","12":"instock","13":"sale","14":"taxable","15":"shipping-taxable","16":"purchasable","17":"product-type-simple"},"_links":{"self":[{"href":"https:\/\/ak47.nu\/fr\/wp-json\/wp\/v2\/product\/17908","targetHints":{"allow":["GET"]}}],"collection":[{"href":"https:\/\/ak47.nu\/fr\/wp-json\/wp\/v2\/product"}],"about":[{"href":"https:\/\/ak47.nu\/fr\/wp-json\/wp\/v2\/types\/product"}],"wp:featuredmedia":[{"embeddable":true,"href":"https:\/\/ak47.nu\/fr\/wp-json\/wp\/v2\/media\/17898"}],"wp:attachment":[{"href":"https:\/\/ak47.nu\/fr\/wp-json\/wp\/v2\/media?parent=17908"}],"wp:term":[{"taxonomy":"product_brand","embeddable":true,"href":"https:\/\/ak47.nu\/fr\/wp-json\/wp\/v2\/product_brand?post=17908"},{"taxonomy":"product_cat","embeddable":true,"href":"https:\/\/ak47.nu\/fr\/wp-json\/wp\/v2\/product_cat?post=17908"},{"taxonomy":"product_tag","embeddable":true,"href":"https:\/\/ak47.nu\/fr\/wp-json\/wp\/v2\/product_tag?post=17908"}],"curies":[{"name":"wp","href":"https:\/\/api.w.org\/{rel}","templated":true}]}}