{"id":17933,"date":"2022-05-05T14:51:41","date_gmt":"2022-05-05T12:51:41","guid":{"rendered":"https:\/\/ak47.nu\/produkt\/norica-dream-hunter-luftgevar-10-j-5-5mm\/"},"modified":"2025-08-21T11:21:32","modified_gmt":"2025-08-21T09:21:32","slug":"carabine-air-comprime-norica-dream-hunter-2","status":"publish","type":"product","link":"https:\/\/ak47.nu\/fr\/produit\/luftvapen\/brytpipa\/gevar-brytpipa\/carabine-air-comprime-norica-dream-hunter-2\/","title":{"rendered":"Carabine \u00e0 air comprim\u00e9 Norica Dream Hunter - 5,5 mm - 10 J"},"content":{"rendered":"<h1>Carabine \u00e0 air comprim\u00e9 Norica Dream Hunter<\/h1>\n<h2>Canon fixe pour une pr\u00e9cision accrue<\/h2>\n<p>La Norica Dream Hunter est une carabine \u00e0 air comprim\u00e9 dot\u00e9e d'un canon fixe et d'un syst\u00e8me d'armement par levier inf\u00e9rieur, assurant une fiabilit\u00e9 et une pr\u00e9cision \u00e0 long terme. Cette conception \u00e9limine tout jeu ou d\u00e9salignement, garantissant la qualit\u00e9 Norica \u00e0 chaque tir. Cette carabine \u00e0 air comprim\u00e9 est parfaite pour les tireurs \u00e0 la recherche d'une arme fiable pour la pratique du tir sur cible.<\/p>\n\n<h3>Sp\u00e9cifications techniques :<\/h3>\n<ul>\n    <li>R\u00e9f\u00e9rence : 111.13.604<\/li>\n    <li>Calibre : 5,5 mm (.22)<\/li>\n    <li>Poids : 3,2 kg<\/li>\n    <li>Longueur du canon : 454 mm<\/li>\n    <li>Longueur totale : 1 160 mm<\/li>\n    <li>Vitesse : 153 m\/s<\/li>\n    <li>Puissance : 10 J<\/li>\n<\/ul>\n\n<p>Gr\u00e2ce \u00e0 son canon fixe, la Norica Dream Hunter offre une exp\u00e9rience de tir coh\u00e9rente et reproductible. Sa construction robuste et ses mat\u00e9riaux de haute qualit\u00e9 garantissent que la carabine \u00e0 air comprim\u00e9 conserve sa pr\u00e9cision m\u00eame apr\u00e8s une utilisation prolong\u00e9e. Elle est id\u00e9ale pour les d\u00e9butants et les tireurs exp\u00e9riment\u00e9s qui appr\u00e9cient la fiabilit\u00e9 et la pr\u00e9cision.<\/p>\n\n<p>D\u00e9couvrez notre gamme de\u00a0<a href=\"https:\/\/ak47.nu\/fr\/butik\/\">carabines \u00e0 air comprim\u00e9 Norica<\/a>\u00a0et trouvez le mod\u00e8le parfait pour vos besoins. Explorez \u00e9galement notre s\u00e9lection de\u00a0<a href=\"https:\/\/ak47.nu\/fr\/luftvapen\/brytpipa\/\">carabines \u00e0 air<\/a>\u00a0pour voir toutes les options disponibles. Visitez notre\u00a0<a href=\"https:\/\/ak47.nu\/fr\/\">page d'accueil<\/a>\u00a0pour plus d'informations et d'offres.<\/p>","protected":false},"excerpt":{"rendered":"<p>K\u00f6p Norica Dream Hunter luftgev\u00e4r med 10 J effekt och 5.5MM kaliber. Jaktutrustning av h\u00f6g kvalitet f\u00f6r dr\u00f6mj\u00e4gare.<\/p>","protected":false},"featured_media":17913,"template":"","meta":[],"product_brand":[],"product_cat":[424,428,375],"product_tag":[],"class_list":{"0":"post-17933","1":"product","2":"type-product","3":"status-publish","4":"has-post-thumbnail","6":"product_cat-brytpipa","7":"product_cat-gevar-brytpipa","8":"product_cat-luftvapen","9":"pa_brand-norica","11":"first","12":"instock","13":"sale","14":"taxable","15":"shipping-taxable","16":"purchasable","17":"product-type-simple"},"_links":{"self":[{"href":"https:\/\/ak47.nu\/fr\/wp-json\/wp\/v2\/product\/17933","targetHints":{"allow":["GET"]}}],"collection":[{"href":"https:\/\/ak47.nu\/fr\/wp-json\/wp\/v2\/product"}],"about":[{"href":"https:\/\/ak47.nu\/fr\/wp-json\/wp\/v2\/types\/product"}],"wp:featuredmedia":[{"embeddable":true,"href":"https:\/\/ak47.nu\/fr\/wp-json\/wp\/v2\/media\/17913"}],"wp:attachment":[{"href":"https:\/\/ak47.nu\/fr\/wp-json\/wp\/v2\/media?parent=17933"}],"wp:term":[{"taxonomy":"product_brand","embeddable":true,"href":"https:\/\/ak47.nu\/fr\/wp-json\/wp\/v2\/product_brand?post=17933"},{"taxonomy":"product_cat","embeddable":true,"href":"https:\/\/ak47.nu\/fr\/wp-json\/wp\/v2\/product_cat?post=17933"},{"taxonomy":"product_tag","embeddable":true,"href":"https:\/\/ak47.nu\/fr\/wp-json\/wp\/v2\/product_tag?post=17933"}],"curies":[{"name":"wp","href":"https:\/\/api.w.org\/{rel}","templated":true}]}}