{"id":17952,"date":"2022-05-05T14:51:50","date_gmt":"2022-05-05T12:51:50","guid":{"rendered":"https:\/\/ak47.nu\/produkt\/norica-combo-dead-eye-grs-luftgevar-10-j-4-5mm\/"},"modified":"2026-03-12T10:37:33","modified_gmt":"2026-03-12T09:37:33","slug":"carabine-plomb-norica-dead-eye-grs-4-5mm","status":"publish","type":"product","link":"https:\/\/ak47.nu\/fr\/produit\/luftvapen\/brytpipa\/gevar-brytpipa\/carabine-plomb-norica-dead-eye-grs-4-5mm\/","title":{"rendered":"Carabine \u00e0 Plomb Norica Dead Eye GRS 4.5mm - 10 J | Norica"},"content":{"rendered":"<h1>Norica - Combo Dead Eye GRS - Carabine \u00e0 Plomb - 10 J - 4.5MM<\/h1>\n<h2>Carabine \u00e0 plomb tactique de haute pr\u00e9cision<\/h2>\n<p>La Norica Dead Eye GRS est une carabine \u00e0 plomb \u00e0 l'allure tactique, \u00e9quip\u00e9e des technologies avanc\u00e9es de Norica. Le GRS (Gas Ram System) fournit une puissance lisse et constante, am\u00e9liorant la pr\u00e9cision en r\u00e9duisant les vibrations et en augmentant la dur\u00e9e de vie du syst\u00e8me d'alimentation et des composants internes.  <a href=\"https:\/\/ak47.nu\/fr\/butik\/\">D\u00e9couvrez la pr\u00e9cision am\u00e9lior\u00e9e<\/a> qu'offre ce syst\u00e8me. Le RAS (Recoil Absorption System) r\u00e9duit le recul de 40 %, offrant ainsi un contr\u00f4le accru.<\/p>\n<h3>Exp\u00e9rience de tir am\u00e9lior\u00e9e<\/h3>\n<p>Le syst\u00e8me de d\u00e9clenchement enti\u00e8rement r\u00e9glable de Norica, avec une lame en m\u00e9tal argent\u00e9, ainsi que le support d'effort d'armement facile, contribuent \u00e0 une exp\u00e9rience de tir personnalis\u00e9e. Avec une joue enti\u00e8rement r\u00e9glable pour un alignement facile de la cible, la mire ouverte \u00e0 fibre optique, le rail en queue d'aronde de 11 mm pour lunette de vis\u00e9e et deux rails picatinny, la <a href=\"https:\/\/ak47.nu\/fr\/luftvapen\/brytpipa\/\">Norica Dead Eye GRS<\/a> est pr\u00eate pour une vari\u00e9t\u00e9 d'accessoires.<\/p>\n<h3>Sp\u00e9cifications:<\/h3>\n<ul>\n <li>Crosse synth\u00e9tique antichoc<\/li>\n <li>Jouet enti\u00e8rement r\u00e9glable<\/li>\n <li>Canon en acier de haute qualit\u00e9 recouvert de polym\u00e8re<\/li>\n <li>D\u00e9clencheur enti\u00e8rement r\u00e9glable avec lame en m\u00e9tal argent\u00e9<\/li>\n <li>Mires ouvertes microm\u00e9triques \u00e0 fibre optique<\/li>\n <li>Guidon prot\u00e9g\u00e9 par un capot en acier<\/li>\n <li>Effort d'armement r\u00e9duit<\/li>\n <li>S\u00e9curit\u00e9 automatique<\/li>\n <li>Rail Picatinny des deux c\u00f4t\u00e9s<\/li>\n <li>Rail en queue d'aronde de 11 mm<\/li>\n<\/ul>\n<h3>Donn\u00e9es techniques:<\/h3>\n<ul>\n <li>R\u00e9f\u00e9rence : 111.25.024<\/li>\n <li>Calibre (mm (pouces)) : 4,5 (.177)<\/li>\n <li>Poids (kg) : 3<\/li>\n <li>Longueur du canon (mm) : 474<\/li>\n <li>Longueur totale (mm) : 1.155<\/li>\n <li>Vitesse (m\/s) : 200<\/li>\n <li>Puissance (J) : 10<\/li>\n<\/ul>\n<p>Gr\u00e2ce \u00e0 sa combinaison de technologie et d'options de personnalisation, la Norica Dead Eye GRS est un excellent choix pour les tireurs \u00e0 la recherche de performance et de flexibilit\u00e9. Visitez <a href=\"https:\/\/ak47.nu\/fr\/\">notre site Web<\/a> pour voir toute notre gamme.<\/p>","protected":false},"excerpt":{"rendered":"<p>K\u00f6p Norica Combo Dead Eye GRS Luftgev\u00e4r 10 J 4.5MM &#8211; h\u00f6gkvalitativt luftgev\u00e4r med precision och tr\u00e4ffs\u00e4kerhet. Perfekt f\u00f6r jakt och tr\u00e4ning. Best\u00e4ll nu f\u00f6r snabb leverans!<\/p>","protected":false},"featured_media":17948,"template":"","meta":[],"product_brand":[],"product_cat":[428],"product_tag":[],"class_list":{"0":"post-17952","1":"product","2":"type-product","3":"status-publish","4":"has-post-thumbnail","6":"product_cat-gevar-brytpipa","7":"pa_brand-norica","9":"first","10":"outofstock","11":"taxable","12":"shipping-taxable","13":"purchasable","14":"product-type-simple"},"_links":{"self":[{"href":"https:\/\/ak47.nu\/fr\/wp-json\/wp\/v2\/product\/17952","targetHints":{"allow":["GET"]}}],"collection":[{"href":"https:\/\/ak47.nu\/fr\/wp-json\/wp\/v2\/product"}],"about":[{"href":"https:\/\/ak47.nu\/fr\/wp-json\/wp\/v2\/types\/product"}],"wp:featuredmedia":[{"embeddable":true,"href":"https:\/\/ak47.nu\/fr\/wp-json\/wp\/v2\/media\/17948"}],"wp:attachment":[{"href":"https:\/\/ak47.nu\/fr\/wp-json\/wp\/v2\/media?parent=17952"}],"wp:term":[{"taxonomy":"product_brand","embeddable":true,"href":"https:\/\/ak47.nu\/fr\/wp-json\/wp\/v2\/product_brand?post=17952"},{"taxonomy":"product_cat","embeddable":true,"href":"https:\/\/ak47.nu\/fr\/wp-json\/wp\/v2\/product_cat?post=17952"},{"taxonomy":"product_tag","embeddable":true,"href":"https:\/\/ak47.nu\/fr\/wp-json\/wp\/v2\/product_tag?post=17952"}],"curies":[{"name":"wp","href":"https:\/\/api.w.org\/{rel}","templated":true}]}}