{"id":17984,"date":"2022-05-05T14:52:03","date_gmt":"2022-05-05T12:52:03","guid":{"rendered":"https:\/\/ak47.nu\/produkt\/norica-phantom-grs-luftgevar-10-j-4-5mm\/"},"modified":"2026-04-27T15:33:37","modified_gmt":"2026-04-27T13:33:37","slug":"carabine-air-comprime-norica-phantom-grs-4-5mm","status":"publish","type":"product","link":"https:\/\/ak47.nu\/fr\/produit\/luftvapen\/brytpipa\/gevar-brytpipa\/carabine-air-comprime-norica-phantom-grs-4-5mm\/","title":{"rendered":"Carabine \u00e0 air comprim\u00e9 Norica Phantom GRS 4.5mm - Silencieuse et puissante"},"content":{"rendered":"<h1>Norica Phantom GRS - Carabine \u00e0 air comprim\u00e9 pour des s\u00e9ances de tir silencieuses<\/h1>\n<h2>Carabine \u00e0 air comprim\u00e9 puissante et silencieuse avec technologie GRS<\/h2>\n<p>La Norica Phantom GRS combine puissance et qualit\u00e9 avec la technologie GRS (Gas Ram System) avanc\u00e9e de Norica et le silencieux SilentShot. Cela vous offre une exp\u00e9rience de tir plus silencieuse et plus agr\u00e9able. La crosse synth\u00e9tique durable est con\u00e7ue pour toutes les conditions m\u00e9t\u00e9orologiques et poss\u00e8de un motif de camouflage unique. De plus, il y a un espace de rangement pratique dans la poign\u00e9e pistolet et une plaque de couche ventil\u00e9e pour plus de confort.<\/p>\n<h3>Avantages de la Norica Phantom GRS<\/h3>\n<ul>\n <li><b>Technologie GRS :<\/b> Fournit une puissance et une pr\u00e9cision accrues \u00e0 chaque tir.<\/li>\n <li><b>Silencieux SilentShot :<\/b> R\u00e9duit les niveaux de bruit pour des s\u00e9ances de tir silencieuses.<\/li>\n <li><b>Crosse synth\u00e9tique tout temps :<\/b> Durable et r\u00e9sistante dans toutes les conditions m\u00e9t\u00e9orologiques.<\/li>\n <li><b>Espace de rangement dans la poign\u00e9e pistolet :<\/b> Rangement pratique des accessoires.<\/li>\n <li><b>Plaque de couche ventil\u00e9e :<\/b> Augmente le confort et r\u00e9duit le recul.<\/li>\n<\/ul>\n<h3>Caract\u00e9ristiques techniques<\/h3>\n<p>La Phantom GRS est \u00e9quip\u00e9e d'un Solid Steel Breech Pro am\u00e9lior\u00e9 qui r\u00e9duit consid\u00e9rablement l'effort d'armement. La hausse microm\u00e9trique r\u00e9glable et le guidon, prot\u00e9g\u00e9s par un capot en acier, sont dot\u00e9s de fibres optiques ultra-lumineuses pour une visibilit\u00e9 claire dans toutes les conditions d'\u00e9clairage.<\/p>\n<ul>\n <li>Piston en fibre antichoc et ambidextre<\/li>\n <li>Quadrillage molet\u00e9 sur la poign\u00e9e pistolet et la poign\u00e9e avant<\/li>\n <li>S\u00e9curit\u00e9 automatique<\/li>\n <li>Rail en queue d'aronde de 11 mm pour le montage de lunette<\/li>\n<\/ul>\n<h3>Sp\u00e9cifications<\/h3>\n<p>La Norica Phantom GRS offre une vitesse de 200 m\/s avec une puissance de 10 J. Elle a une Longueur de canon de 354 mm et une longueur totale de 1170 mm. Le poids est de 3 kg.<\/p>\n<p>D\u00e9couvrez la puissance et la pr\u00e9cision de la Norica Phantom GRS. <a href=\"https:\/\/ak47.nu\/fr\/butik\/\">Explorez notre gamme de carabines \u00e0 air comprim\u00e9 Norica<\/a> et trouvez la carabine parfaite pour vos besoins. Visitez \u00e9galement notre <a href=\"https:\/\/ak47.nu\/fr\/luftvapen\/brytpipa\/\">cat\u00e9gorie de carabines \u00e0 air comprim\u00e9<\/a> pour voir d'autres mod\u00e8les. Pour plus d'informations sur Norica et nos produits, visitez notre <a href=\"https:\/\/ak47.nu\/fr\/\">site web<\/a>.<\/p>","protected":false},"excerpt":{"rendered":"<p>Norica &#8211; Phantom GRS &#8211; Luftgev\u00e4r &#8211; 10 J &#8211; 4.5MM \u00e4r en h\u00f6gkvalitativ luftgev\u00e4r fr\u00e5n Norica med en kraft p\u00e5 10 J och kaliber 4.5MM. Utforska och k\u00f6p detta luftgev\u00e4r online f\u00f6r en fantastisk skjutarupplevelse.<\/p>","protected":false},"featured_media":17970,"template":"","meta":[],"product_brand":[],"product_cat":[428],"product_tag":[],"class_list":{"0":"post-17984","1":"product","2":"type-product","3":"status-publish","4":"has-post-thumbnail","6":"product_cat-gevar-brytpipa","7":"pa_brand-norica","9":"first","10":"outofstock","11":"sale","12":"taxable","13":"shipping-taxable","14":"purchasable","15":"product-type-simple"},"_links":{"self":[{"href":"https:\/\/ak47.nu\/fr\/wp-json\/wp\/v2\/product\/17984","targetHints":{"allow":["GET"]}}],"collection":[{"href":"https:\/\/ak47.nu\/fr\/wp-json\/wp\/v2\/product"}],"about":[{"href":"https:\/\/ak47.nu\/fr\/wp-json\/wp\/v2\/types\/product"}],"wp:featuredmedia":[{"embeddable":true,"href":"https:\/\/ak47.nu\/fr\/wp-json\/wp\/v2\/media\/17970"}],"wp:attachment":[{"href":"https:\/\/ak47.nu\/fr\/wp-json\/wp\/v2\/media?parent=17984"}],"wp:term":[{"taxonomy":"product_brand","embeddable":true,"href":"https:\/\/ak47.nu\/fr\/wp-json\/wp\/v2\/product_brand?post=17984"},{"taxonomy":"product_cat","embeddable":true,"href":"https:\/\/ak47.nu\/fr\/wp-json\/wp\/v2\/product_cat?post=17984"},{"taxonomy":"product_tag","embeddable":true,"href":"https:\/\/ak47.nu\/fr\/wp-json\/wp\/v2\/product_tag?post=17984"}],"curies":[{"name":"wp","href":"https:\/\/api.w.org\/{rel}","templated":true}]}}