{"id":17999,"date":"2022-05-05T14:52:10","date_gmt":"2022-05-05T12:52:10","guid":{"rendered":"https:\/\/ak47.nu\/produkt\/norica-spider-grs-combo-luftgevar-10-j-5-5mm\/"},"modified":"2025-08-21T11:21:00","modified_gmt":"2025-08-21T09:21:00","slug":"carabine-air-comprime-norica-spider-grs-combo-5-5mm","status":"publish","type":"product","link":"https:\/\/ak47.nu\/fr\/produit\/luftvapen\/brytpipa\/gevar-brytpipa\/carabine-air-comprime-norica-spider-grs-combo-5-5mm\/","title":{"rendered":"Carabine \u00e0 air comprim\u00e9 Norica Spider GRS Combo 5.5mm | 10J"},"content":{"rendered":"<h1>Norica Spider GRS COMBO - Carabine \u00e0 air comprim\u00e9<\/h1>\n<h2>Carabine \u00e0 air comprim\u00e9 puissante avec syst\u00e8me GRS<\/h2>\n<p>La Norica Spider GRS COMBO est une carabine \u00e0 air comprim\u00e9 puissante dot\u00e9e d'une crosse en fibre antichoc et d'un syst\u00e8me GRS (Gas Ram System) pour des performances am\u00e9lior\u00e9es et un recul r\u00e9duit. Cette carabine \u00e0 air comprim\u00e9 est livr\u00e9e avec une lunette 4x32 AO, ce qui la rend id\u00e9ale pour les tireurs d\u00e9butants et exp\u00e9riment\u00e9s. La plaque de couche ventil\u00e9e contribue au confort lors de l'utilisation.<\/p>\n\n<h3>Sp\u00e9cifications et avantages<\/h3>\n<ul>\n <li><strong>Crosse en fibre antichoc :<\/strong> Offre une durabilit\u00e9 et une dur\u00e9e de vie accrues.<\/li>\n <li><strong>GRS (Gas Ram System) :<\/strong> R\u00e9duit les vibrations et augmente la pr\u00e9cision. D\u00e9couvrez d'autres <a href=\"https:\/\/ak47.nu\/fr\/butik\/\">carabines \u00e0 air comprim\u00e9 avec syst\u00e8me GRS<\/a>.<\/li>\n <li><strong>Plaque de couche en caoutchouc ventil\u00e9e :<\/strong> Am\u00e9liore le confort et r\u00e9duit le recul.<\/li>\n <li><strong>Motif quadrill\u00e9 :<\/strong> Sur la poign\u00e9e pistolet et le devant pour une meilleure manipulation et un meilleur contr\u00f4le.<\/li>\n <li><strong>S\u00e9curit\u00e9 automatique :<\/strong> Emp\u00eache les tirs accidentels.<\/li>\n <li><strong>Organes de vis\u00e9e en fibre optique :<\/strong> \u00c0 l'arri\u00e8re et \u00e0 l'avant, pour une acquisition de cible facile et rapide.<\/li>\n <li><strong>Effort d'armement r\u00e9duit :<\/strong> Plus facile \u00e0 armer, ce qui la rend plus conviviale.<\/li>\n<\/ul>\n\n<h3>Donn\u00e9es techniques<\/h3>\n<ul>\n <li>R\u00e9f\u00e9rence : 111.15.434<\/li>\n <li>Calibre : 5,5 mm (.22)<\/li>\n <li>Poids : 3 kg<\/li>\n <li>Longueur du canon : 484 mm<\/li>\n <li>Longueur totale : 1 170 mm<\/li>\n <li>Vitesse : 153 m\/s<\/li>\n <li>Puissance : 10 J<\/li>\n<\/ul>\n\n<h3>D\u00e9tails de la lunette<\/h3>\n<ul>\n <li>Optique enti\u00e8rement trait\u00e9e<\/li>\n <li>R\u00e9sistant aux chocs, \u00e9tanche et antibu\u00e9e<\/li>\n <li>Rempli d'azote<\/li>\n <li>Monture monobloc 3\/8\" avec goupille d'arr\u00eat de recul incluse<\/li>\n<\/ul>\n<p>La lunette incluse (4x32 AO) poss\u00e8de une optique enti\u00e8rement trait\u00e9e et est r\u00e9sistante aux chocs, \u00e9tanche et antibu\u00e9e, et est \u00e9galement remplie d'azote pour \u00e9viter la condensation. Avec un support 3\/8\" et une goupille d'arr\u00eat de recul, elle est facile \u00e0 monter et \u00e0 r\u00e9gler. D\u00e9couvrez notre gamme de <a href=\"https:\/\/ak47.nu\/fr\/luftvapen\/brytpipa\/\">carabines \u00e0 air comprim\u00e9<\/a> sur notre <a href=\"https:\/\/ak47.nu\/fr\/\">page d'accueil<\/a>.<\/p>","protected":false},"excerpt":{"rendered":"<p>K\u00f6p Norica Spider GRS COMBO luftgev\u00e4r med 10 J och 5.5MM kaliber. H\u00f6gkvalitativt vapen f\u00f6r jakt och skytte. Best\u00e4ll nu och f\u00e5 snabb leverans.<\/p>","protected":false},"featured_media":17998,"template":"","meta":[],"product_brand":[],"product_cat":[424,428,375],"product_tag":[],"class_list":{"0":"post-17999","1":"product","2":"type-product","3":"status-publish","4":"has-post-thumbnail","6":"product_cat-brytpipa","7":"product_cat-gevar-brytpipa","8":"product_cat-luftvapen","9":"pa_brand-norica","11":"first","12":"instock","13":"sale","14":"taxable","15":"shipping-taxable","16":"purchasable","17":"product-type-simple"},"_links":{"self":[{"href":"https:\/\/ak47.nu\/fr\/wp-json\/wp\/v2\/product\/17999","targetHints":{"allow":["GET"]}}],"collection":[{"href":"https:\/\/ak47.nu\/fr\/wp-json\/wp\/v2\/product"}],"about":[{"href":"https:\/\/ak47.nu\/fr\/wp-json\/wp\/v2\/types\/product"}],"wp:featuredmedia":[{"embeddable":true,"href":"https:\/\/ak47.nu\/fr\/wp-json\/wp\/v2\/media\/17998"}],"wp:attachment":[{"href":"https:\/\/ak47.nu\/fr\/wp-json\/wp\/v2\/media?parent=17999"}],"wp:term":[{"taxonomy":"product_brand","embeddable":true,"href":"https:\/\/ak47.nu\/fr\/wp-json\/wp\/v2\/product_brand?post=17999"},{"taxonomy":"product_cat","embeddable":true,"href":"https:\/\/ak47.nu\/fr\/wp-json\/wp\/v2\/product_cat?post=17999"},{"taxonomy":"product_tag","embeddable":true,"href":"https:\/\/ak47.nu\/fr\/wp-json\/wp\/v2\/product_tag?post=17999"}],"curies":[{"name":"wp","href":"https:\/\/api.w.org\/{rel}","templated":true}]}}