{"id":18024,"date":"2022-05-05T14:52:20","date_gmt":"2022-05-05T12:52:20","guid":{"rendered":"https:\/\/ak47.nu\/produkt\/norica-combo-dead-eye-grs-camo-luftgevar-10-j-5-5mm\/"},"modified":"2025-12-03T20:31:36","modified_gmt":"2025-12-03T19:31:36","slug":"carabine-plomb-norica-dead-eye-grs-camo-5-5mm","status":"publish","type":"product","link":"https:\/\/ak47.nu\/fr\/produit\/luftvapen\/brytpipa\/gevar-brytpipa\/carabine-plomb-norica-dead-eye-grs-camo-5-5mm\/","title":{"rendered":"Carabine \u00e0 Plomb Norica Dead Eye GRS Camo 5.5MM | 10J"},"content":{"rendered":"<h1>Norica - Combo Dead Eye GRS Camo - Carabine \u00e0 Plomb - 10 J - 5.5MM<\/h1>\n<h2>Carabine avec Appuie-Joue R\u00e9glable et Rail Picatinny<\/h2>\n<p>La carabine \u00e0 plomb Norica Combo Dead Eye GRS Camo combine la derni\u00e8re technologie avec un design tactique. Cette carabine est dot\u00e9e d'une crosse synth\u00e9tique avec appuie-joue r\u00e9glable et un design camouflage num\u00e9rique militaire. Veuillez noter que la lunette de vis\u00e9e n'est PAS incluse.<\/p>\n<h3>Crosse Synth\u00e9tique et Appuie-Joue R\u00e9glable<\/h3>\n<p>La crosse synth\u00e9tique antichoc et l'appuie-joue enti\u00e8rement r\u00e9glable offrent un confort et un contr\u00f4le accrus. Avec deux rails Picatinny plac\u00e9s de chaque c\u00f4t\u00e9 de la crosse, vous pouvez facilement monter des accessoires. Ce mod\u00e8le dispose \u00e9galement d'un rail en queue d'aronde de 11 mm pour le montage de la lunette. Vous voulez voir plus de <a href=\"https:\/\/ak47.nu\/fr\/butik\/\">carabines \u00e0 plomb de Norica<\/a> ? Veuillez consulter notre assortiment.<\/p>\n<h3>Canon en Acier et Guidon Prot\u00e9g\u00e9<\/h3>\n<p>La carabine \u00e0 plomb a un canon en acier de haute qualit\u00e9 recouvert de polym\u00e8re et un guidon prot\u00e9g\u00e9 par un capot en acier. Le m\u00e9canisme contribue \u00e0 r\u00e9duire l'effort d'armement.<\/p>\n<h3>Sp\u00e9cifications Techniques :<\/h3>\n<ul>\n<li>R\u00e9f\u00e9rence : 111.25.026<\/li>\n<li>Calibre : 5,5 mm (.22)<\/li>\n<li>Poids : 3 kg<\/li>\n<li>Longueur du Canon : 474 mm<\/li>\n<li>Longueur Totale : 1 155 mm<\/li>\n<li>Vitesse : 153 m\/s<\/li>\n<li>Puissance : 10 J<\/li>\n<\/ul>\n<p>D\u00e9couvrez la pr\u00e9cision et la puissance de la Norica Dead Eye GRS Camo. Consultez notre gamme de <a href=\"https:\/\/ak47.nu\/fr\/luftvapen\/brytpipa\/\">carabines \u00e0 air comprim\u00e9<\/a> pour trouver le mod\u00e8le qui vous convient. Visitez <a href=\"https:\/\/ak47.nu\/fr\/\">notre site web<\/a> pour voir toute notre gamme.<\/p>","protected":false},"excerpt":{"rendered":"<p>Norica &#8211; Combo Dead Eye GRS Camo &#8211; Luftgev\u00e4r &#8211; 10 J &#8211; 5.5MM \u00e4r en h\u00f6gkvalitativ och kraftfull luftgev\u00e4r med en imponerande 10 J styrka och 5.5MM kaliber. Med sin unika GRS Camo-design \u00e4r detta vapen perfekt f\u00f6r jakt och tr\u00e4ning. Uppt\u00e4ck Norica Combo Dead Eye GRS Camo nu!<\/p>","protected":false},"featured_media":58304,"template":"","meta":[],"product_brand":[],"product_cat":[428],"product_tag":[],"class_list":{"0":"post-18024","1":"product","2":"type-product","3":"status-publish","4":"has-post-thumbnail","6":"product_cat-gevar-brytpipa","7":"pa_brand-norica","9":"first","10":"instock","11":"sale","12":"taxable","13":"shipping-taxable","14":"purchasable","15":"product-type-simple"},"_links":{"self":[{"href":"https:\/\/ak47.nu\/fr\/wp-json\/wp\/v2\/product\/18024","targetHints":{"allow":["GET"]}}],"collection":[{"href":"https:\/\/ak47.nu\/fr\/wp-json\/wp\/v2\/product"}],"about":[{"href":"https:\/\/ak47.nu\/fr\/wp-json\/wp\/v2\/types\/product"}],"wp:featuredmedia":[{"embeddable":true,"href":"https:\/\/ak47.nu\/fr\/wp-json\/wp\/v2\/media\/58304"}],"wp:attachment":[{"href":"https:\/\/ak47.nu\/fr\/wp-json\/wp\/v2\/media?parent=18024"}],"wp:term":[{"taxonomy":"product_brand","embeddable":true,"href":"https:\/\/ak47.nu\/fr\/wp-json\/wp\/v2\/product_brand?post=18024"},{"taxonomy":"product_cat","embeddable":true,"href":"https:\/\/ak47.nu\/fr\/wp-json\/wp\/v2\/product_cat?post=18024"},{"taxonomy":"product_tag","embeddable":true,"href":"https:\/\/ak47.nu\/fr\/wp-json\/wp\/v2\/product_tag?post=18024"}],"curies":[{"name":"wp","href":"https:\/\/api.w.org\/{rel}","templated":true}]}}