{"id":18059,"date":"2022-05-05T14:54:05","date_gmt":"2022-05-05T12:54:05","guid":{"rendered":"https:\/\/ak47.nu\/produkt\/gletcher-uzm-full-metal-co2-45mm-full-auto-bb-gun-airgun\/"},"modified":"2025-12-03T14:06:41","modified_gmt":"2025-12-03T13:06:41","slug":"gletcher-uzm-full-metal-co2-45mm-full-auto-bb-gun-airgun","status":"publish","type":"product","link":"https:\/\/ak47.nu\/fr\/produit\/luftvapen\/co2-airguns\/kulsprutor-co2-airguns\/gletcher-uzm-full-metal-co2-45mm-full-auto-bb-gun-airgun\/","title":{"rendered":"Gletcher UZM Full Metal CO2 4,5mm full auto bb-gun \/ Airgun"},"content":{"rendered":"<p><b>Vi vill stolt presentera UZM fr\u00e5n Gletcher!<\/b><br \/><b>Detta \u00e4r en rej\u00e4l pj\u00e4s i full metal konstruktion, hela 1715 gram utan magasin!<\/b><br \/><b>Inte nog med att den \u00e4r helt i metall den \u00e4r ocks\u00e5 helautomatisk! Detta \u00e4r helt unikt och<\/b><br \/><b>n\u00e5got f\u00e5 andra tillverkare erbjuder! Om man vill kan man ocks\u00e5 skjuta semiautomatiskt!<\/b><br \/><b>Den \u00e4r otroligt verklighetstrogen och bjuder p\u00e5 en rekyl med autentisk blowback f\u00e5 r\u00e4knar med!<\/b><\/p>\n<p><b>Dimensioner:<\/b> 560mm x 240mm<br \/><b>Utg\u00e5ngshastighet:<\/b> 328 FPS measured with 4.5mm BBs and CO2<br \/><b>Magasin:<\/b> 24 rounds<br \/><b>Drivtyp:<\/b> CO2 12g x 1<br \/><b>Firing Mode:<\/b> Semi Automatic, Full-auto, Safety<br \/><b>System:<\/b> Blowback<br \/><b>Inkluderar:<\/b> Gun, Magazine, and Manual<\/p>","protected":false},"excerpt":{"rendered":"<p>Vi vill stolt presentera UZM fr\u00e5n Gletcher!Detta \u00e4r en rej\u00e4l pj\u00e4s i full metal konstruktion, hela 1715 gram utan magasin!Inte nog med att den \u00e4r helt i metall den \u00e4r ocks\u00e5 helautomatisk! Detta \u00e4r helt unikt ochn\u00e5got f\u00e5 andra tillverkare erbjuder! Om man vill kan man ocks\u00e5 skjuta semiautomatiskt!Den \u00e4r otroligt verklighetstrogen och bjuder p\u00e5 [&#8230;]","protected":false},"featured_media":18054,"template":"","meta":[],"product_brand":[],"product_cat":[436],"product_tag":[],"class_list":{"0":"post-18059","1":"product","2":"type-product","3":"status-publish","4":"has-post-thumbnail","6":"product_cat-kulsprutor-co2-airguns","7":"pa_brand-gletcher","9":"first","10":"outofstock","11":"sale","12":"taxable","13":"shipping-taxable","14":"purchasable","15":"product-type-simple"},"_links":{"self":[{"href":"https:\/\/ak47.nu\/fr\/wp-json\/wp\/v2\/product\/18059","targetHints":{"allow":["GET"]}}],"collection":[{"href":"https:\/\/ak47.nu\/fr\/wp-json\/wp\/v2\/product"}],"about":[{"href":"https:\/\/ak47.nu\/fr\/wp-json\/wp\/v2\/types\/product"}],"wp:featuredmedia":[{"embeddable":true,"href":"https:\/\/ak47.nu\/fr\/wp-json\/wp\/v2\/media\/18054"}],"wp:attachment":[{"href":"https:\/\/ak47.nu\/fr\/wp-json\/wp\/v2\/media?parent=18059"}],"wp:term":[{"taxonomy":"product_brand","embeddable":true,"href":"https:\/\/ak47.nu\/fr\/wp-json\/wp\/v2\/product_brand?post=18059"},{"taxonomy":"product_cat","embeddable":true,"href":"https:\/\/ak47.nu\/fr\/wp-json\/wp\/v2\/product_cat?post=18059"},{"taxonomy":"product_tag","embeddable":true,"href":"https:\/\/ak47.nu\/fr\/wp-json\/wp\/v2\/product_tag?post=18059"}],"curies":[{"name":"wp","href":"https:\/\/api.w.org\/{rel}","templated":true}]}}