{"id":18095,"date":"2022-05-05T14:55:54","date_gmt":"2022-05-05T12:55:54","guid":{"rendered":"https:\/\/ak47.nu\/produkt\/umarex-beretta-m92-fs-xx-treme-45mm-co2-airgun\/"},"modified":"2025-12-03T19:47:45","modified_gmt":"2025-12-03T18:47:45","slug":"umarex-beretta-m92-fs-xx-treme-45mm-co2-airgun","status":"publish","type":"product","link":"https:\/\/ak47.nu\/fr\/produit\/luftvapen\/co2-airguns\/pistoler-co2-airguns\/umarex-beretta-m92-fs-xx-treme-45mm-co2-airgun\/","title":{"rendered":"Umarex Beretta M92 FS XX-Treme &#8211; 4,5mm Co2 airgun"},"content":{"rendered":"<p>Beretta M92 FS XX-TREME<\/p>\n<p>V\u00e4lk\u00e4nd italiensk modell som \u00e4r den mest anv\u00e4nda i amerikanska armen.<br \/>&#8221;Kolsyredriven pistol av mycket h\u00f6g kvalite. Licenstillverkad i Tyskland. Har snabbt blivit favoriten i denna exklusiva vapenserie fr\u00e5n Umarex bl. a. tack vare sin l\u00e5nga r\u00e4fflade pipa p\u00e5 4,5&#8221; kaliber 4,5mm. Kulorna laddas i fast action cylindermagasin (anv\u00e4nd ej spetskulor). Magasinet rymmer 8st kulor och sitter smidigt dolt under manteln. Manuell s\u00e4kring. f\u00f6rsedd med fast korn och justerbart bakre sikte. &#8221;<\/p>\n<p>Egenskaper<\/p>\n<p>Suver\u00e4n kvalite, tillverkade n\u00e4stan helt i metall<br \/>R\u00e4fflad precisionspipa<br \/>Pistolen g\u00e5r att avfyra b\u00e5de som Single Action and Double Action<br \/>R\u00f6dpunktsikte med justerbar ljusintensitet<br \/>Levereras tillsammans med tv\u00e5 magasin i en h\u00e5rd pistolv\u00e4ska<\/p>\n<p>Specifikationer<br \/>Vikt: 1700 g<br \/>Totall\u00e4ngd: 320 mm<br \/>Konstruktion: Metall<br \/>Material Mantel: Metall<br \/>Drivning: Co2<br \/>Mekanism: Fixed slide<br \/>Piptyp: R\u00e4fflad<br \/>Pipl\u00e4ngd: 114,6mm<br \/>Riktmedel: Justerbart, R\u00f6dpunkt<br \/>Kilsp\u00e5r: Weaver \/ Picatinny<br \/>Kaliber: 4,5 (.177) mm<br \/>Magasinkapacitet: 8 skott<br \/>Anslagsenergi: 3,5 J<br \/>Extra magasin 2280<br \/>Extra magasin ing\u00e5r: Ja<br \/>Manual: Ja, Engelsk<br \/>Utg\u00e5ngshastighet: diabol 118 m\/s<br \/>Avtryck: SA\/DA<br \/>Pipl\u00e4ngd: 4,5 &#8221;<br \/>S\u00e4kring Manuell<\/p>","protected":false},"excerpt":{"rendered":"<p>Beretta M92 FS XX-TREME V\u00e4lk\u00e4nd italiensk modell som \u00e4r den mest anv\u00e4nda i amerikanska armen.&#8221;Kolsyredriven pistol av mycket h\u00f6g kvalite. Licenstillverkad i Tyskland. Har snabbt blivit favoriten i denna exklusiva vapenserie fr\u00e5n Umarex bl. a. tack vare sin l\u00e5nga r\u00e4fflade pipa p\u00e5 4,5&#8221; kaliber 4,5mm. Kulorna laddas i fast action cylindermagasin (anv\u00e4nd ej spetskulor). Magasinet [&#8230;]","protected":false},"featured_media":18093,"template":"","meta":[],"product_brand":[],"product_cat":[432],"product_tag":[],"class_list":{"0":"post-18095","1":"product","2":"type-product","3":"status-publish","4":"has-post-thumbnail","6":"product_cat-pistoler-co2-airguns","7":"pa_brand-umarex","9":"first","10":"outofstock","11":"sale","12":"taxable","13":"shipping-taxable","14":"purchasable","15":"product-type-simple"},"_links":{"self":[{"href":"https:\/\/ak47.nu\/fr\/wp-json\/wp\/v2\/product\/18095","targetHints":{"allow":["GET"]}}],"collection":[{"href":"https:\/\/ak47.nu\/fr\/wp-json\/wp\/v2\/product"}],"about":[{"href":"https:\/\/ak47.nu\/fr\/wp-json\/wp\/v2\/types\/product"}],"wp:featuredmedia":[{"embeddable":true,"href":"https:\/\/ak47.nu\/fr\/wp-json\/wp\/v2\/media\/18093"}],"wp:attachment":[{"href":"https:\/\/ak47.nu\/fr\/wp-json\/wp\/v2\/media?parent=18095"}],"wp:term":[{"taxonomy":"product_brand","embeddable":true,"href":"https:\/\/ak47.nu\/fr\/wp-json\/wp\/v2\/product_brand?post=18095"},{"taxonomy":"product_cat","embeddable":true,"href":"https:\/\/ak47.nu\/fr\/wp-json\/wp\/v2\/product_cat?post=18095"},{"taxonomy":"product_tag","embeddable":true,"href":"https:\/\/ak47.nu\/fr\/wp-json\/wp\/v2\/product_tag?post=18095"}],"curies":[{"name":"wp","href":"https:\/\/api.w.org\/{rel}","templated":true}]}}