{"id":18104,"date":"2022-05-05T14:56:04","date_gmt":"2022-05-05T12:56:04","guid":{"rendered":"https:\/\/ak47.nu\/produkt\/colt-colt-m45-cqbp-black-45mm-airgun-bbgun\/"},"modified":"2025-12-03T19:47:32","modified_gmt":"2025-12-03T18:47:32","slug":"colt-colt-m45-cqbp-black-45mm-airgun-bbgun","status":"publish","type":"product","link":"https:\/\/ak47.nu\/fr\/produit\/luftvapen\/co2-airguns\/pistoler-co2-airguns\/colt-colt-m45-cqbp-black-45mm-airgun-bbgun\/","title":{"rendered":"Colt M45 CQBP Black 4,5mm Airgun BBgun"},"content":{"rendered":"<p>5.8176 Colt M45 CQBP Black<br \/>cal. 4,5mm (.177) BB<br \/>licensed replica of the latest M1911 Close Quarter Battle Pistol for the US Marines<br \/>heavy all-metal construction with realistic blowback effect<br \/>Commander Hammer, Memory Beaver Tail and ambidextrous safety<br \/>frame with Picatinny rail according to Mil-Spec 1913<\/p>\n<p>Technical data<br \/>Caliber: 4,5mm (.177) BB<br \/>Power Source: CO2<br \/>Magazine capacity: 19 shot(s)<br \/>Length: 220 mm<br \/>Weight: 930 g<br \/>Special feature(s): Full metal, Blowback system<br \/>Velocity: 90 m\/s<br \/>Trigger: Single Action<br \/>Overall Length: 220 mm<\/p>","protected":false},"excerpt":{"rendered":"<p>K\u00f6p Colt Colt M45 CQBP BLACK 4,5MM Airgun BBgun hos oss. En kraftfull och p\u00e5litlig luftpistol med en kaliber p\u00e5 4,5 mm. Perfekt f\u00f6r tr\u00e4ning och skjut\u00f6vningar. Best\u00e4ll idag och f\u00e5 en autentisk och h\u00f6gkvalitativ produkt till ett bra pris.<\/p>","protected":false},"featured_media":18102,"template":"","meta":[],"product_brand":[],"product_cat":[432],"product_tag":[],"class_list":{"0":"post-18104","1":"product","2":"type-product","3":"status-publish","4":"has-post-thumbnail","6":"product_cat-pistoler-co2-airguns","7":"pa_brand-umarex","9":"first","10":"outofstock","11":"sale","12":"taxable","13":"shipping-taxable","14":"purchasable","15":"product-type-simple"},"_links":{"self":[{"href":"https:\/\/ak47.nu\/fr\/wp-json\/wp\/v2\/product\/18104","targetHints":{"allow":["GET"]}}],"collection":[{"href":"https:\/\/ak47.nu\/fr\/wp-json\/wp\/v2\/product"}],"about":[{"href":"https:\/\/ak47.nu\/fr\/wp-json\/wp\/v2\/types\/product"}],"wp:featuredmedia":[{"embeddable":true,"href":"https:\/\/ak47.nu\/fr\/wp-json\/wp\/v2\/media\/18102"}],"wp:attachment":[{"href":"https:\/\/ak47.nu\/fr\/wp-json\/wp\/v2\/media?parent=18104"}],"wp:term":[{"taxonomy":"product_brand","embeddable":true,"href":"https:\/\/ak47.nu\/fr\/wp-json\/wp\/v2\/product_brand?post=18104"},{"taxonomy":"product_cat","embeddable":true,"href":"https:\/\/ak47.nu\/fr\/wp-json\/wp\/v2\/product_cat?post=18104"},{"taxonomy":"product_tag","embeddable":true,"href":"https:\/\/ak47.nu\/fr\/wp-json\/wp\/v2\/product_tag?post=18104"}],"curies":[{"name":"wp","href":"https:\/\/api.w.org\/{rel}","templated":true}]}}