{"id":18107,"date":"2022-05-05T14:56:09","date_gmt":"2022-05-05T12:56:09","guid":{"rendered":"https:\/\/ak47.nu\/produkt\/norica-pack-n-a-c-1702-luftpistol-4-5mm\/"},"modified":"2025-12-08T12:25:33","modified_gmt":"2025-12-08T11:25:33","slug":"norica-nac-1702-pistolet-air-45mm-pack-complet","status":"publish","type":"product","link":"https:\/\/ak47.nu\/fr\/produit\/luftvapen\/co2-airguns\/pistoler-co2-airguns\/norica-nac-1702-pistolet-air-45mm-pack-complet\/","title":{"rendered":"Norica N.A.C. 1702 Pistolet Air 4.5mm - Pack Complet"},"content":{"rendered":"<h1>Norica N.A.C. 1702 Pistolet \u00e0 Air - Pack Complet<\/h1>\n<h2>Un kit de d\u00e9marrage complet pour le tir au pistolet<\/h2>\n<p>Le pistolet \u00e0 air Norica N.A.C. 1702 est livr\u00e9 dans un ensemble complet, pr\u00eat \u00e0 \u00eatre utilis\u00e9 d\u00e8s sa sortie du sac. Cette r\u00e9plique est riche en d\u00e9tails et comprend une glissi\u00e8re en m\u00e9tal, un rail int\u00e9gr\u00e9 pour les accessoires et tire des billes BB de 4,5 mm. Un excellent choix pour les tireurs d\u00e9butants et exp\u00e9riment\u00e9s.<\/p>\n<ul>\n <li><b>Nouveau sac de pistolet :<\/b> Dimensions 25 x 18 x 6 cm.<\/li>\n <li><b>Pack complet :<\/b> Comprend un sac, un pistolet, des accessoires, 5 cartouches de CO2 et des billes BB.<\/li>\n<\/ul>\n\n<h3>R\u00e9plique r\u00e9aliste et haute performance<\/h3>\n<p>Cette r\u00e9plique lourde est cr\u00e9\u00e9e avec pr\u00e9cision et souci du d\u00e9tail, offrant une sensation authentique. La glissi\u00e8re en m\u00e9tal et le rail int\u00e9gr\u00e9 pour les accessoires tactiques la rendent polyvalente. De plus, la g\u00e2chette peut \u00eatre verrouill\u00e9e via un dispositif de s\u00e9curit\u00e9, tout comme l'original. La poign\u00e9e a une structure antid\u00e9rapante pour une manipulation s\u00fbre. Vous pouvez trouver plus de <a href=\"https:\/\/ak47.nu\/fr\/butik\/\">pistolets \u00e0 air de Norica<\/a> dans notre gamme.<\/p>\n\n<h3>Utilis\u00e9 par les forces de l'ordre<\/h3>\n<p>Le N.A.C. 1702 est un classique parmi les forces de l'ordre europ\u00e9ennes et mondiales qui comptent sur sa fiabilit\u00e9. Par exemple, la police fran\u00e7aise et la police militaire suisse. Vous pouvez d\u00e9sormais profiter de la m\u00eame qualit\u00e9 et des m\u00eames performances.<\/p>\n\n<h3>Sp\u00e9cifications techniques<\/h3>\n<ul>\n <li>Tire des billes BB de 4,5 mm<\/li>\n <li>Aliment\u00e9 par une cartouche de CO2 de 12 g<\/li>\n <li>Capacit\u00e9 du chargeur : 21 billes BB<\/li>\n <li>Vitesse : 120 m\/s<\/li>\n<\/ul>\n\n<h3>Inclus dans l'ensemble :<\/h3>\n<ul>\n <li>Pistolet<\/li>\n <li>Chargeur<\/li>\n <li>BB speedloader<\/li>\n <li>Paquet de 250 billes BB en acier<\/li>\n <li>Cl\u00e9 hexagonale<\/li>\n<\/ul>\n<p>D\u00e9couvrez notre large gamme de <a href=\"https:\/\/ak47.nu\/fr\/luftvapen\/co2-airguns\/\">pistolets \u00e0 air<\/a> et trouvez le mod\u00e8le parfait pour vous. Visitez \u00e9galement notre <a href=\"https:\/\/ak47.nu\/fr\/\">site web<\/a> pour voir tous nos produits.<\/p>\n\n<h3>D\u00e9tails<\/h3>\n<ul>\n <li>Mod\u00e8le : N.A.C. 1702<\/li>\n <li>D\u00e9clencheur : Double action uniquement<\/li>\n <li>S\u00e9curit\u00e9 : Manuelle<\/li>\n <li>Glissi\u00e8re en m\u00e9tal fixe<\/li>\n <li>Canon en acier<\/li>\n<\/ul>\n\n<h3>Sp\u00e9cifications<\/h3>\n<ul>\n <li>Calibre : 4,5 \/ .177 BB<\/li>\n <li>Longueur : 190 mm<\/li>\n <li>Poids : 750 g<\/li>\n <li>Vitesse : 120 m\/s<\/li>\n<\/ul>","protected":false},"excerpt":{"rendered":"<p>K\u00f6p Norica Pack N.A.C. 1702 luftpistol i kaliber 4.5MM online. Utforska v\u00e5rt breda sortiment av luftpistoler och hitta den perfekta modellen f\u00f6r dig. Best\u00e4ll idag f\u00f6r snabb leverans och h\u00f6gkvalitativa produkter.<\/p>","protected":false},"featured_media":18105,"template":"","meta":[],"product_brand":[],"product_cat":[432],"product_tag":[],"class_list":{"0":"post-18107","1":"product","2":"type-product","3":"status-publish","4":"has-post-thumbnail","6":"product_cat-pistoler-co2-airguns","7":"pa_brand-norica","9":"first","10":"outofstock","11":"sale","12":"taxable","13":"shipping-taxable","14":"purchasable","15":"product-type-simple"},"_links":{"self":[{"href":"https:\/\/ak47.nu\/fr\/wp-json\/wp\/v2\/product\/18107","targetHints":{"allow":["GET"]}}],"collection":[{"href":"https:\/\/ak47.nu\/fr\/wp-json\/wp\/v2\/product"}],"about":[{"href":"https:\/\/ak47.nu\/fr\/wp-json\/wp\/v2\/types\/product"}],"wp:featuredmedia":[{"embeddable":true,"href":"https:\/\/ak47.nu\/fr\/wp-json\/wp\/v2\/media\/18105"}],"wp:attachment":[{"href":"https:\/\/ak47.nu\/fr\/wp-json\/wp\/v2\/media?parent=18107"}],"wp:term":[{"taxonomy":"product_brand","embeddable":true,"href":"https:\/\/ak47.nu\/fr\/wp-json\/wp\/v2\/product_brand?post=18107"},{"taxonomy":"product_cat","embeddable":true,"href":"https:\/\/ak47.nu\/fr\/wp-json\/wp\/v2\/product_cat?post=18107"},{"taxonomy":"product_tag","embeddable":true,"href":"https:\/\/ak47.nu\/fr\/wp-json\/wp\/v2\/product_tag?post=18107"}],"curies":[{"name":"wp","href":"https:\/\/api.w.org\/{rel}","templated":true}]}}