{"id":18113,"date":"2022-05-05T14:56:19","date_gmt":"2022-05-05T12:56:19","guid":{"rendered":"https:\/\/ak47.nu\/produkt\/norica-pack-n-a-c-1701-luftpistol-4-5mm\/"},"modified":"2025-08-21T11:19:11","modified_gmt":"2025-08-21T09:19:11","slug":"pack-pistolet-air-norica-nac-1701-4-5-mm","status":"publish","type":"product","link":"https:\/\/ak47.nu\/fr\/produit\/luftvapen\/co2-airguns\/pistoler-co2-airguns\/pack-pistolet-air-norica-nac-1701-4-5-mm\/","title":{"rendered":"Pack Pistolet \u00e0 air Norica N.A.C. 1701 - 4,5 mm | Norica"},"content":{"rendered":"<h1>Pack Pistolet \u00e0 air Norica N.A.C. 1701 - 4,5 mm<\/h1>\n<h2>Pack complet de pistolet \u00e0 air avec accessoires<\/h2>\n<p>La r\u00e9plique Norica N.A.C. 1701 est dot\u00e9e d'une armature en polym\u00e8re moul\u00e9e par injection avec une glissi\u00e8re en m\u00e9tal solide. Ce pack comprend une nouvelle mallette pour pistolet d'une dimension de 25 x 18 x 6 cm. Le pack comprend \u00e9galement le pistolet, les accessoires, 5 cartouches de CO2 et des billes BB. Obtenez votre pack complet de pistolet \u00e0 air d\u00e8s aujourd'hui ! Consultez nos autres <a href=\"https:\/\/ak47.nu\/fr\/butik\/\">pistolets \u00e0 air<\/a>.<\/p>\n<h3>Poign\u00e9e ergonomique pour une pr\u00e9cision accrue<\/h3>\n<p>Ce pistolet est dot\u00e9 d'une poign\u00e9e moderne et ergonomique qui permet une prise en main confortable, ce qui se traduit par une pr\u00e9cision accrue, m\u00eame pour les tireurs inexp\u00e9riment\u00e9s. Le <a href=\"https:\/\/ak47.nu\/fr\/luftvapen\/co2-airguns\/\">pistolet \u00e0 air<\/a> est con\u00e7u avec des rainures pour les doigts et du caoutchouc molet\u00e9 structur\u00e9 pour am\u00e9liorer davantage la prise en main. Vous ne voudrez plus arr\u00eater de tirer avec ce pistolet bien \u00e9quilibr\u00e9 et confortable. Visitez notre <a href=\"https:\/\/ak47.nu\/fr\/\">page d'accueil<\/a> pour consulter notre gamme compl\u00e8te.<\/p>\n<h3>Caract\u00e9ristiques et sp\u00e9cifications<\/h3>\n<ul>\n<li>Mod\u00e8le : N.A.C. 1701<\/li>\n<li>Calibre : 4,5 \/ .177 BB<\/li>\n<li>Vitesse : 120 m\/s<\/li>\n<li>Capacit\u00e9 du chargeur : 21 billes BB<\/li>\n<li>D\u00e9tente : Double action uniquement<\/li>\n<li>S\u00e9curit\u00e9 : Manuelle<\/li>\n<li>Glissi\u00e8re m\u00e9tallique fixe<\/li>\n<li>Canon en acier<\/li>\n<li>Longueur : 180 mm<\/li>\n<li>Poids : 720 g<\/li>\n<\/ul>\n<h3>Rail tactique pour accessoires<\/h3>\n<p>Le rail int\u00e9gr\u00e9 vous permet de fixer des accessoires tactiques tels qu'un laser ou une lampe de poche compatible avec les supports Picatinny. Le pistolet tire des billes BB de 4,5 mm et est aliment\u00e9 par une cartouche de CO2 de 12 g plac\u00e9e dans un chargeur de 21 billes BB. L'ensemble comprend : le pistolet, le chargeur, le chargeur rapide de billes BB, un paquet de 250 billes BB en acier et une cl\u00e9 hexagonale.<\/p>","protected":false},"excerpt":{"rendered":"<p>K\u00f6p Norica Pack N.A.C. 1701 luftpistol i 4.5MM &#8211; B\u00e4sta pris p\u00e5 marknaden. Utforska v\u00e5rt sortiment av luftvapen av h\u00f6g kvalitet och hitta den perfekta luftpistolen f\u00f6r dig. Best\u00e4ll idag och f\u00e5 snabb leverans.<\/p>","protected":false},"featured_media":18111,"template":"","meta":[],"product_brand":[],"product_cat":[431,375,432],"product_tag":[],"class_list":{"0":"post-18113","1":"product","2":"type-product","3":"status-publish","4":"has-post-thumbnail","6":"product_cat-co2-airguns","7":"product_cat-luftvapen","8":"product_cat-pistoler-co2-airguns","9":"pa_brand-norica","11":"first","12":"outofstock","13":"sale","14":"taxable","15":"shipping-taxable","16":"purchasable","17":"product-type-simple"},"_links":{"self":[{"href":"https:\/\/ak47.nu\/fr\/wp-json\/wp\/v2\/product\/18113","targetHints":{"allow":["GET"]}}],"collection":[{"href":"https:\/\/ak47.nu\/fr\/wp-json\/wp\/v2\/product"}],"about":[{"href":"https:\/\/ak47.nu\/fr\/wp-json\/wp\/v2\/types\/product"}],"wp:featuredmedia":[{"embeddable":true,"href":"https:\/\/ak47.nu\/fr\/wp-json\/wp\/v2\/media\/18111"}],"wp:attachment":[{"href":"https:\/\/ak47.nu\/fr\/wp-json\/wp\/v2\/media?parent=18113"}],"wp:term":[{"taxonomy":"product_brand","embeddable":true,"href":"https:\/\/ak47.nu\/fr\/wp-json\/wp\/v2\/product_brand?post=18113"},{"taxonomy":"product_cat","embeddable":true,"href":"https:\/\/ak47.nu\/fr\/wp-json\/wp\/v2\/product_cat?post=18113"},{"taxonomy":"product_tag","embeddable":true,"href":"https:\/\/ak47.nu\/fr\/wp-json\/wp\/v2\/product_tag?post=18113"}],"curies":[{"name":"wp","href":"https:\/\/api.w.org\/{rel}","templated":true}]}}