{"id":18115,"date":"2022-05-05T14:56:23","date_gmt":"2022-05-05T12:56:23","guid":{"rendered":"https:\/\/ak47.nu\/produkt\/norica-n-a-c-2020-luftpistol-4-5mm\/"},"modified":"2025-08-21T11:19:10","modified_gmt":"2025-08-21T09:19:10","slug":"norica-nac-2020-pack-pistolet-air-4-5mm","status":"publish","type":"product","link":"https:\/\/ak47.nu\/fr\/produit\/luftvapen\/co2-airguns\/pistoler-co2-airguns\/norica-nac-2020-pack-pistolet-air-4-5mm\/","title":{"rendered":"Norica N.A.C. 2020 Pack Pistolet \u00e0 Air - 4.5mm"},"content":{"rendered":"<h1>Norica N.A.C. 2020 Pack Pistolet \u00e0 Air - 4.5mm<\/h1>\n<h2>Kit de d\u00e9marrage complet pour le tir au pistolet \u00e0 air<\/h2>\n<p>Le pack Norica N.A.C. 2020 comprend tout ce dont vous avez besoin pour d\u00e9marrer le tir au pistolet \u00e0 air. Ce pack comprend une nouvelle mallette de pistolet (25 x 18 x 6 cm), le pistolet, des accessoires, 5 cartouches de CO2 et des plombs de match. Parfait pour les d\u00e9butants comme pour les tireurs exp\u00e9riment\u00e9s. D\u00e9couvrez nos <a href=\"https:\/\/ak47.nu\/fr\/butik\/\">produits similaires authentiques<\/a>.<\/p>\n<h3>Design Makarov Authentique<\/h3>\n<p>Le N.A.C. 2020 conserve l'esth\u00e9tique et les caract\u00e9ristiques de s\u00e9curit\u00e9 du Makarov PM original, un pistolet semi-automatique con\u00e7u \u00e0 la fin des ann\u00e9es 40. Cette version de pistolet \u00e0 air tire des plombs diabolo de 4,5 mm avec une grande pr\u00e9cision gr\u00e2ce \u00e0 un canon en acier fabriqu\u00e9 en Allemagne.<\/p>\n<h3>Performance et Caract\u00e9ristiques<\/h3>\n<p>Ce pistolet offre une vitesse constante de 100 m\/s pour plus de 60 tirs par cartouche de CO2. Le chargeur rotatif contient 12 tirs (2 x 6). Le chargeur et l'ouverture pour les cartouches de CO2 sont id\u00e9alement situ\u00e9s entre les poign\u00e9es structur\u00e9es. Tout comme l'original, le N.A.C. 2020 n'a qu'une seule action.<\/p>\n<ul>\n <li><strong>Mod\u00e8le:<\/strong> N. A. C. 2020<\/li>\n <li><strong>Calibre:<\/strong> .177 (4,5 MM)<\/li>\n <li><strong>Mat\u00e9riau:<\/strong> Culasse en m\u00e9tal<\/li>\n <li><strong>Capacit\u00e9:<\/strong> 2\u00d76<\/li>\n <li><strong>Vitesse:<\/strong> 100 m\/s<\/li>\n<\/ul>\n<h3>Sp\u00e9cifications<\/h3>\n<ul>\n <li><strong>Calibre:<\/strong> 4,5 \/ .177<\/li>\n <li><strong>Capacit\u00e9:<\/strong> 2 x 6<\/li>\n <li><strong>Longueur:<\/strong> 165 mm<\/li>\n <li><strong>Poids:<\/strong> 760 g<\/li>\n <li><strong>Vitesse:<\/strong> 100 m\/s<\/li>\n<\/ul>\n<p>D\u00e9couvrez la pr\u00e9cision et le design authentique avec le Norica N.A.C. 2020.  <a href=\"https:\/\/ak47.nu\/fr\/\">Visitez notre site web<\/a> pour plus de produits et d'offres. Ne manquez pas l'occasion de poss\u00e9der ce fantastique pistolet \u00e0 air - commandez le v\u00f4tre d\u00e8s aujourd'hui ! Visualisez tous nos <a href=\"https:\/\/ak47.nu\/fr\/luftvapen\/co2-airguns\/\">pistolets \u00e0 air ici<\/a>.<\/p>","protected":false},"excerpt":{"rendered":"<p>Norica N.A.C. 2020 Pack Pistolet \u00e0 Air &#8211; 4.5mm Kit de d\u00e9marrage complet pour le tir au pistolet \u00e0 air Le pack Norica N.A.C. 2020 comprend tout ce dont vous avez besoin pour d\u00e9marrer le tir au pistolet \u00e0 air. Ce pack comprend une nouvelle mallette de pistolet (25 x 18 x 6 cm), le [&#8230;]","protected":false},"featured_media":56317,"template":"","meta":[],"product_brand":[],"product_cat":[431,375,432],"product_tag":[],"class_list":{"0":"post-18115","1":"product","2":"type-product","3":"status-publish","4":"has-post-thumbnail","6":"product_cat-co2-airguns","7":"product_cat-luftvapen","8":"product_cat-pistoler-co2-airguns","9":"pa_brand-norica","11":"first","12":"outofstock","13":"sale","14":"taxable","15":"shipping-taxable","16":"purchasable","17":"product-type-simple"},"_links":{"self":[{"href":"https:\/\/ak47.nu\/fr\/wp-json\/wp\/v2\/product\/18115","targetHints":{"allow":["GET"]}}],"collection":[{"href":"https:\/\/ak47.nu\/fr\/wp-json\/wp\/v2\/product"}],"about":[{"href":"https:\/\/ak47.nu\/fr\/wp-json\/wp\/v2\/types\/product"}],"wp:featuredmedia":[{"embeddable":true,"href":"https:\/\/ak47.nu\/fr\/wp-json\/wp\/v2\/media\/56317"}],"wp:attachment":[{"href":"https:\/\/ak47.nu\/fr\/wp-json\/wp\/v2\/media?parent=18115"}],"wp:term":[{"taxonomy":"product_brand","embeddable":true,"href":"https:\/\/ak47.nu\/fr\/wp-json\/wp\/v2\/product_brand?post=18115"},{"taxonomy":"product_cat","embeddable":true,"href":"https:\/\/ak47.nu\/fr\/wp-json\/wp\/v2\/product_cat?post=18115"},{"taxonomy":"product_tag","embeddable":true,"href":"https:\/\/ak47.nu\/fr\/wp-json\/wp\/v2\/product_tag?post=18115"}],"curies":[{"name":"wp","href":"https:\/\/api.w.org\/{rel}","templated":true}]}}