{"id":18207,"date":"2022-05-06T08:27:32","date_gmt":"2022-05-06T06:27:32","guid":{"rendered":"https:\/\/ak47.nu\/produkt\/daisy-luftgevar-powerline-multipump-4-5mm-177-diaboler-och-rundkulor\/"},"modified":"2025-12-03T20:20:57","modified_gmt":"2025-12-03T19:20:57","slug":"daisy-luftgevar-powerline-multipump-4-5mm-177-diaboler-och-rundkulor","status":"publish","type":"product","link":"https:\/\/ak47.nu\/fr\/produit\/luftvapen\/pump\/gevar-pump\/daisy-luftgevar-powerline-multipump-4-5mm-177-diaboler-och-rundkulor\/","title":{"rendered":"Daisy Luftgev\u00e4r Powerline &#8211; multipump &#8211; 4.5mm .177 \/ diaboler och rundkulor"},"content":{"rendered":"<p>KALIBER:<br \/>.177 BB och pellets<\/p>\n<p>HASTIGHET:<br \/>800 fot per sekund (fps).<\/p>\n<p>HANDLING:<br \/>Multi-Pump Pneumatic<\/p>\n<p>STOCK:<br \/>Gjuten med rutning och vedkorn<\/p>\n<p>KRAFTVERK:<br \/>Multi-Pump Pneumatic<\/p>\n<p>TUNNA:<br \/>Rifled Steel<\/p>\n<p>MAXIMAL SKYTDISTANS:<br \/>291 g&aring;rdar<\/p>\n<p>L&Auml;NGD:<br \/>37.6 tum<\/p>\n<p>DRAGL&Auml;NGD<br \/>13,5 tum<\/p>\n<p>VIKT:<br \/>4,75 lbs<\/p>\n<p>OPTIK:<br \/>Iron Sights<\/p>\n<p>J&Auml;RNV&Auml;G:<br \/>Standard<\/p>\n<p>Sev&auml;rdheter:<br \/>Blad och ramp fram \/ Justerbar bak<\/p>\n<p>S&Auml;KERHET:<br \/>Crossbolt Trigger Block<\/p>","protected":false},"excerpt":{"rendered":"<p>K\u00f6p Daisy Luftgev\u00e4r Powerline &#8211; multipump &#8211; 4.5mm .177 \/ diaboler och rundkulor online. Utforska v\u00e5rt sortiment av luftgev\u00e4r f\u00f6r precisionsskytte och n\u00f6jesjakt. Vi erbjuder h\u00f6gkvalitativa luftgev\u00e4r fr\u00e5n Daisy med multipumpfunktion f\u00f6r \u00f6kad kraft och precision. Best\u00e4ll idag och njut av en fantastisk skjutupplevelse!<\/p>","protected":false},"featured_media":18206,"template":"","meta":[],"product_brand":[],"product_cat":[440],"product_tag":[],"class_list":{"0":"post-18207","1":"product","2":"type-product","3":"status-publish","4":"has-post-thumbnail","6":"product_cat-gevar-pump","7":"pa_brand-daisy","9":"first","10":"outofstock","11":"taxable","12":"shipping-taxable","13":"purchasable","14":"product-type-simple"},"_links":{"self":[{"href":"https:\/\/ak47.nu\/fr\/wp-json\/wp\/v2\/product\/18207","targetHints":{"allow":["GET"]}}],"collection":[{"href":"https:\/\/ak47.nu\/fr\/wp-json\/wp\/v2\/product"}],"about":[{"href":"https:\/\/ak47.nu\/fr\/wp-json\/wp\/v2\/types\/product"}],"wp:featuredmedia":[{"embeddable":true,"href":"https:\/\/ak47.nu\/fr\/wp-json\/wp\/v2\/media\/18206"}],"wp:attachment":[{"href":"https:\/\/ak47.nu\/fr\/wp-json\/wp\/v2\/media?parent=18207"}],"wp:term":[{"taxonomy":"product_brand","embeddable":true,"href":"https:\/\/ak47.nu\/fr\/wp-json\/wp\/v2\/product_brand?post=18207"},{"taxonomy":"product_cat","embeddable":true,"href":"https:\/\/ak47.nu\/fr\/wp-json\/wp\/v2\/product_cat?post=18207"},{"taxonomy":"product_tag","embeddable":true,"href":"https:\/\/ak47.nu\/fr\/wp-json\/wp\/v2\/product_tag?post=18207"}],"curies":[{"name":"wp","href":"https:\/\/api.w.org\/{rel}","templated":true}]}}