{"id":18304,"date":"2022-05-06T08:39:00","date_gmt":"2022-05-06T06:39:00","guid":{"rendered":"https:\/\/ak47.nu\/produkt\/fire-power-rodpunktssikte-21mm-picatinny\/"},"modified":"2025-12-03T20:25:13","modified_gmt":"2025-12-03T19:25:13","slug":"fire-power-rodpunktssikte-21mm-picatinny","status":"publish","type":"product","link":"https:\/\/ak47.nu\/fr\/produit\/tillbehor-2\/optik\/rodpunktssikten\/fire-power-rodpunktssikte-21mm-picatinny\/","title":{"rendered":"FIRE POWER &#8211; R\u00f6dpunktssikte &#8211; 21mm picatinny"},"content":{"rendered":"<p>Prisv&auml;rt r&ouml;dpunktssikte f&ouml;r nyb&ouml;rjare. tar skyttet till en ny niv&aring;<br \/>passar alla 21mm picatinny f&auml;sten<\/p>","protected":false},"excerpt":{"rendered":"<p>F\u00e5 \u00f6verl\u00e4gsen precision med FIRE POWER r\u00f6dpunktssikte f\u00f6r 21mm picatinny<\/p>","protected":false},"featured_media":18302,"template":"","meta":[],"product_brand":[],"product_cat":[470],"product_tag":[],"class_list":{"0":"post-18304","1":"product","2":"type-product","3":"status-publish","4":"has-post-thumbnail","6":"product_cat-rodpunktssikten","7":"pa_brand-swiss-arms","8":"pa_farg-svart","10":"first","11":"outofstock","12":"sale","13":"taxable","14":"shipping-taxable","15":"purchasable","16":"product-type-simple"},"_links":{"self":[{"href":"https:\/\/ak47.nu\/fr\/wp-json\/wp\/v2\/product\/18304","targetHints":{"allow":["GET"]}}],"collection":[{"href":"https:\/\/ak47.nu\/fr\/wp-json\/wp\/v2\/product"}],"about":[{"href":"https:\/\/ak47.nu\/fr\/wp-json\/wp\/v2\/types\/product"}],"wp:featuredmedia":[{"embeddable":true,"href":"https:\/\/ak47.nu\/fr\/wp-json\/wp\/v2\/media\/18302"}],"wp:attachment":[{"href":"https:\/\/ak47.nu\/fr\/wp-json\/wp\/v2\/media?parent=18304"}],"wp:term":[{"taxonomy":"product_brand","embeddable":true,"href":"https:\/\/ak47.nu\/fr\/wp-json\/wp\/v2\/product_brand?post=18304"},{"taxonomy":"product_cat","embeddable":true,"href":"https:\/\/ak47.nu\/fr\/wp-json\/wp\/v2\/product_cat?post=18304"},{"taxonomy":"product_tag","embeddable":true,"href":"https:\/\/ak47.nu\/fr\/wp-json\/wp\/v2\/product_tag?post=18304"}],"curies":[{"name":"wp","href":"https:\/\/api.w.org\/{rel}","templated":true}]}}