{"id":18326,"date":"2022-05-06T08:39:27","date_gmt":"2022-05-06T06:39:27","guid":{"rendered":"https:\/\/ak47.nu\/produkt\/holo-weapon-sight-mod-6-pcs\/"},"modified":"2026-04-23T16:27:48","modified_gmt":"2026-04-23T14:27:48","slug":"holo-weapon-sight-mod-6-pcs","status":"publish","type":"product","link":"https:\/\/ak47.nu\/fr\/produit\/tillbehor-2\/optik\/rodpunktssikten\/holo-weapon-sight-mod-6-pcs\/","title":{"rendered":"Holo Weapon Sight Mod.6 - PCS"},"content":{"rendered":"<h1>Holo Weapon Sight Mod.6 - PCS<\/h1>\n<h2>Acquisition de Cible Plus Rapide et Contr\u00f4le Am\u00e9lior\u00e9<\/h2>\n<p>Le Holo Weapon Sight Mod.6 de PCS est con\u00e7u pour le tir avec les deux yeux ouverts, id\u00e9al lorsque la vitesse et la pr\u00e9cision sont cruciales. Ce viseur garantit une acquisition de cible plus rapide et offre \u00e0 l'op\u00e9rateur un meilleur contr\u00f4le de zone.<\/p>\n<h3>Caract\u00e9ristiques et Avantages :<\/h3>\n<ul>\n<li><strong>Acquisition de Cible Plus Rapide :<\/strong> Minimise le temps n\u00e9cessaire pour trouver et se concentrer sur la cible.<\/li>\n<li><strong>Contr\u00f4le de Zone Am\u00e9lior\u00e9 :<\/strong> Offre au tireur une meilleure vue d'ensemble et un meilleur contr\u00f4le dans le feu de l'action.<\/li>\n<li><strong>Compatible Picatinny :<\/strong> S'adapte \u00e0 tous les rails Picatinny standard pour un montage facile.<\/li>\n<li><strong>\u00c9clairage R\u00e9glable :<\/strong> \u00c9clairage rouge ou vert s\u00e9lectionnable pour une visibilit\u00e9 optimale dans diverses conditions d'\u00e9clairage.<\/li>\n<li><strong>Construction Durable :<\/strong> Fabriqu\u00e9 en aluminium robuste pour une utilisation \u00e0 long terme.<\/li>\n<\/ul>\n<p>Ce viseur est id\u00e9al pour les situations o\u00f9 des r\u00e9actions rapides et la pr\u00e9cision sont primordiales. Avec son anneau avec point comme instrument de vis\u00e9e, il offre une m\u00e9thode de vis\u00e9e claire et rapide.<\/p>\n<h3>Sp\u00e9cifications Techniques :<\/h3>\n<ul>\n<li>Alimentation : 4 piles LR44<\/li>\n<li>Poids : 270 g<\/li>\n<li>Mat\u00e9riau : Aluminium<\/li>\n<li>Couleur : Noir<\/li>\n<li>Longueur : 105 mm<\/li>\n<li>Couleur d'\u00c9clairage : Rouge, Vert<\/li>\n<li>Instrument de Vis\u00e9e : Anneau avec Point<\/li>\n<\/ul>\n<p>Achetez votre Holo Weapon Sight Mod.6 d\u00e8s aujourd'hui et d\u00e9couvrez la diff\u00e9rence en termes de vitesse et de pr\u00e9cision. D\u00e9couvrez d'autres <a href=\"https:\/\/ak47.nu\/fr\/butik\/\">accessoires d'armes de haute qualit\u00e9 de PCS<\/a> et explorez notre large gamme de <a href=\"https:\/\/ak47.nu\/fr\/tillbehor-2\/optik\/\">dispositifs de vis\u00e9e<\/a>. Visitez <a href=\"https:\/\/ak47.nu\/fr\/\">notre site web<\/a> pour voir notre s\u00e9lection compl\u00e8te.<\/p>","protected":false},"excerpt":{"rendered":"<p>Holo Weapon Sight Mod.6 &#8211; PCS Acquisition de Cible Plus Rapide et Contr\u00f4le Am\u00e9lior\u00e9 Le Holo Weapon Sight Mod.6 de PCS est con\u00e7u pour le tir avec les deux yeux ouverts, id\u00e9al lorsque la vitesse et la pr\u00e9cision sont cruciales. Ce viseur garantit une acquisition de cible plus rapide et offre \u00e0 l&#8217;op\u00e9rateur un meilleur [&#8230;]","protected":false},"featured_media":18321,"template":"","meta":[],"product_brand":[],"product_cat":[470],"product_tag":[],"class_list":{"0":"post-18326","1":"product","2":"type-product","3":"status-publish","4":"has-post-thumbnail","6":"product_cat-rodpunktssikten","7":"pa_brand-pcs","8":"pa_farg-svart","10":"first","11":"outofstock","12":"sale","13":"taxable","14":"shipping-taxable","15":"purchasable","16":"product-type-simple"},"_links":{"self":[{"href":"https:\/\/ak47.nu\/fr\/wp-json\/wp\/v2\/product\/18326","targetHints":{"allow":["GET"]}}],"collection":[{"href":"https:\/\/ak47.nu\/fr\/wp-json\/wp\/v2\/product"}],"about":[{"href":"https:\/\/ak47.nu\/fr\/wp-json\/wp\/v2\/types\/product"}],"wp:featuredmedia":[{"embeddable":true,"href":"https:\/\/ak47.nu\/fr\/wp-json\/wp\/v2\/media\/18321"}],"wp:attachment":[{"href":"https:\/\/ak47.nu\/fr\/wp-json\/wp\/v2\/media?parent=18326"}],"wp:term":[{"taxonomy":"product_brand","embeddable":true,"href":"https:\/\/ak47.nu\/fr\/wp-json\/wp\/v2\/product_brand?post=18326"},{"taxonomy":"product_cat","embeddable":true,"href":"https:\/\/ak47.nu\/fr\/wp-json\/wp\/v2\/product_cat?post=18326"},{"taxonomy":"product_tag","embeddable":true,"href":"https:\/\/ak47.nu\/fr\/wp-json\/wp\/v2\/product_tag?post=18326"}],"curies":[{"name":"wp","href":"https:\/\/api.w.org\/{rel}","templated":true}]}}