{"id":18336,"date":"2022-05-06T08:39:39","date_gmt":"2022-05-06T06:39:39","guid":{"rendered":"https:\/\/ak47.nu\/produkt\/jj-airsoft-mini-red-dot-tan\/"},"modified":"2025-08-21T11:15:17","modified_gmt":"2025-08-21T09:15:17","slug":"jj-airsoft-mini-viseur-point-rouge-tan","status":"publish","type":"product","link":"https:\/\/ak47.nu\/fr\/produit\/tillbehor-2\/optik\/rodpunktssikten\/jj-airsoft-mini-viseur-point-rouge-tan\/","title":{"rendered":"JJ Airsoft Mini Viseur Point Rouge - Tan"},"content":{"rendered":"<h1>JJ Airsoft - Mini Point Rouge - Tan<\/h1>\n<h2>Viseur Point Rouge Compact et Robuste<\/h2>\n<p>Le JJ Airsoft Mini Point Rouge en couleur Tan est un excellent choix pour une acquisition de cible rapide et pr\u00e9cise. Fabriqu\u00e9 en m\u00e9tal durable et con\u00e7u pour r\u00e9sister aux chocs et au recul, il est id\u00e9al pour une utilisation dans des conditions exigeantes. Ne pesant que 0,060 kg (sans batterie), il n'ajoutera pas de poids inutile \u00e0 votre arme.<\/p>\n<h3>Caract\u00e9ristiques :<\/h3>\n<ul>\n <li><strong>Couleur :<\/strong> Tan<\/li>\n <li><strong>Mat\u00e9riau :<\/strong> M\u00e9tal<\/li>\n <li><strong>Poids :<\/strong> 0,060 kg (batterie non incluse)<\/li>\n <li><strong>R\u00e9sistant aux chocs et au recul :<\/strong> Supporte une utilisation intensive<\/li>\n <li><strong>Antibu\u00e9e :<\/strong> Emp\u00eache la formation de bu\u00e9e pour une vision claire<\/li>\n <li><strong>Grossissement :<\/strong> 1x (aucun grossissement)<\/li>\n <li><strong>Batterie :<\/strong> 1*CR2032 (non incluse)<\/li>\n <li><strong>Adapt\u00e9 pour :<\/strong> Rail de 20 mm<\/li>\n<\/ul>\n<p>Gr\u00e2ce \u00e0 sa capacit\u00e9 \u00e0 r\u00e9sister aux chocs et au recul, ainsi qu'\u00e0 sa propri\u00e9t\u00e9 antibu\u00e9e, ce viseur point rouge offre des performances fiables quelles que soient les conditions m\u00e9t\u00e9orologiques et la situation. Parfait pour ceux qui recherchent un viseur l\u00e9ger et maniable capable de r\u00e9sister \u00e0 des conditions difficiles. S'adapte parfaitement aux rails de 20 mm. Compl\u00e9tez votre \u00e9quipement avec ce viseur de haute qualit\u00e9 de <a href=\"https:\/\/ak47.nu\/fr\/butik\/\">JJ Airsoft<\/a>. Explorez notre large gamme d'<a href=\"https:\/\/ak47.nu\/fr\/tillbehor-2\/optik\/\">accessoires pour armes<\/a> pour trouver tout ce dont vous avez besoin pour votre loisir d'airsoft. Visitez <a href=\"https:\/\/ak47.nu\/fr\/\">notre site web<\/a> pour consulter les derni\u00e8res actualit\u00e9s et offres.<\/p>","protected":false},"excerpt":{"rendered":"<p>JJ Airsoft &#8211; Mini Red Dot &#8211; Tan \u00e4r en h\u00f6gkvalitativ r\u00f6dpunktsikte i tan-f\u00e4rg fr\u00e5n JJ Airsoft. Perfekt f\u00f6r airsoft-entusiaster som vill f\u00f6rb\u00e4ttra sin precision och tr\u00e4ffs\u00e4kerhet. K\u00f6p nu f\u00f6r en \u00f6verl\u00e4gsen spelupplevelse.<\/p>","protected":false},"featured_media":18334,"template":"","meta":[],"product_brand":[],"product_cat":[468,470,450],"product_tag":[],"class_list":{"0":"post-18336","1":"product","2":"type-product","3":"status-publish","4":"has-post-thumbnail","6":"product_cat-optik","7":"product_cat-rodpunktssikten","8":"product_cat-tillbehor-2","9":"pa_brand-jj-airsoft","10":"pa_farg-gron","12":"first","13":"instock","14":"sale","15":"taxable","16":"shipping-taxable","17":"purchasable","18":"product-type-simple"},"_links":{"self":[{"href":"https:\/\/ak47.nu\/fr\/wp-json\/wp\/v2\/product\/18336","targetHints":{"allow":["GET"]}}],"collection":[{"href":"https:\/\/ak47.nu\/fr\/wp-json\/wp\/v2\/product"}],"about":[{"href":"https:\/\/ak47.nu\/fr\/wp-json\/wp\/v2\/types\/product"}],"wp:featuredmedia":[{"embeddable":true,"href":"https:\/\/ak47.nu\/fr\/wp-json\/wp\/v2\/media\/18334"}],"wp:attachment":[{"href":"https:\/\/ak47.nu\/fr\/wp-json\/wp\/v2\/media?parent=18336"}],"wp:term":[{"taxonomy":"product_brand","embeddable":true,"href":"https:\/\/ak47.nu\/fr\/wp-json\/wp\/v2\/product_brand?post=18336"},{"taxonomy":"product_cat","embeddable":true,"href":"https:\/\/ak47.nu\/fr\/wp-json\/wp\/v2\/product_cat?post=18336"},{"taxonomy":"product_tag","embeddable":true,"href":"https:\/\/ak47.nu\/fr\/wp-json\/wp\/v2\/product_tag?post=18336"}],"curies":[{"name":"wp","href":"https:\/\/api.w.org\/{rel}","templated":true}]}}