{"id":18344,"date":"2022-05-06T08:39:44","date_gmt":"2022-05-06T06:39:44","guid":{"rendered":"https:\/\/ak47.nu\/produkt\/theta-optics-spider-red-dot-sight-replika\/"},"modified":"2026-01-16T10:34:32","modified_gmt":"2026-01-16T09:34:32","slug":"replique-de-viseur-point-rouge-theta-optics-spider","status":"publish","type":"product","link":"https:\/\/ak47.nu\/fr\/produit\/tillbehor-2\/optik\/rodpunktssikten\/replique-de-viseur-point-rouge-theta-optics-spider\/","title":{"rendered":"R\u00e9plique de Viseur Point Rouge Theta Optics Spider"},"content":{"rendered":"<h1>R\u00e9plique de Viseur Point Rouge Theta Optics Spider<\/h1>\n<h2>Acquisition de cible rapide avec ce viseur point rouge<\/h2>\n<p>La r\u00e9plique de viseur point rouge Theta Optics Spider permet un ciblage rapide et pr\u00e9cis. Aliment\u00e9e par une pile LR41, elle permet l'utilisation d'un r\u00e9ticule vert ou rouge, commutable selon les pr\u00e9f\u00e9rences de l'utilisateur. Gr\u00e2ce au r\u00e9tro\u00e9clairage, le produit peut \u00eatre utilis\u00e9 de jour comme de nuit. Le point de vis\u00e9e peut \u00eatre facilement r\u00e9gl\u00e9 verticalement et horizontalement, assurant ainsi une bonne remise \u00e0 z\u00e9ro. L'utilisateur peut choisir entre quatre types de r\u00e9ticules, ce qui lui permet de personnaliser son exp\u00e9rience. Con\u00e7u pour \u00eatre mont\u00e9 sur un rail RIS standard de 22 mm, le viseur vous aidera \u00e0 viser rapidement et avec pr\u00e9cision. D\u00e9couvrez d'autres options dans notre collection de <a href=\"https:\/\/ak47.nu\/fr\/tillbehor-2\/optik\/\">viseurs point rouge<\/a>.<\/p>\n<h3>Caract\u00e9ristiques : R\u00e9ticules multiples et intensit\u00e9 r\u00e9glable<\/h3>\n<p>Il poss\u00e8de \u00e9galement plusieurs degr\u00e9s d'intensit\u00e9, permettant \u00e0 l'utilisateur de s'adapter \u00e0 toutes les conditions d'\u00e9clairage. <a href=\"https:\/\/ak47.nu\/fr\/\">Theta Optics<\/a> est con\u00e7u pour fournir aux utilisateurs une optique de haute qualit\u00e9 \u00e0 un prix raisonnable. N'oubliez pas d'entretenir votre viseur avec les produits disponibles <a href=\"https:\/\/ak47.nu\/fr\/butik\/\">ici<\/a>.<\/p>\n<ul>\n<li>Point rouge\/vert r\u00e9glable<\/li>\n<li>R\u00e9glages d'intensit\u00e9 multiples<\/li>\n<li>Quatre options de r\u00e9ticule<\/li>\n<li>Monture RIS standard de 22 mm<\/li>\n<\/ul>\n<h3>Theta Optics : La qualit\u00e9 \u00e0 un prix \u00e9quitable<\/h3>\n<p>L'objectif de Theta Optics\u2122 n'est pas seulement de fournir des \u00e9quipements optiques de haute qualit\u00e9, mais aussi d'\u00e9largir continuellement sa gamme avec des solutions innovantes que l'on retrouve couramment dans les produits de qualit\u00e9 sup\u00e9rieure. Avant d'\u00eatre mis sur le march\u00e9, chaque produit est soumis \u00e0 une s\u00e9rie de tests. Theta Optics\u2122 est une proposition pour les utilisateurs \u00e0 la recherche d'un produit de haute qualit\u00e9 \u00e0 un prix raisonnable.<\/p>\n<p><strong>Sp\u00e9cifications :<\/strong><\/p>\n<ul>\n<li>Mat\u00e9riau : M\u00e9tal<\/li>\n<li>Longueur : 80 mm<\/li>\n<li>Poids : 135 g<\/li>\n<li>Couleur : Noir<\/li>\n<li>Couleur du point de vis\u00e9e : Rouge\/Vert<\/li>\n<li>Montage : RIS 22 mm<\/li>\n<\/ul>\n\n<p><strong>Inclus dans le set :<\/strong><\/p>\n<ul>\n<li>Lunette de vis\u00e9e<\/li>\n<li>Cl\u00e9 Allen<\/li>\n<li>Manuel d'utilisation<\/li>\n<li>Chiffon de nettoyage<\/li>\n<li>Piles<\/li>\n<\/ul>","protected":false},"excerpt":{"rendered":"<p>Theta Optics &#8211; Spider Red Dot Sight Replika \u00e4r en h\u00f6gkvalitativ replika av den popul\u00e4ra Spider Red Dot Sight fr\u00e5n Theta Optics. Med enast\u00e5ende precision och h\u00e5llbarhet \u00e4r denna replika perfekt f\u00f6r b\u00e5de professionella skyttar och entusiaster. Uppt\u00e4ck den ultimata sikten f\u00f6r dina vapen med Theta Optics &#8211; Spider Red Dot Sight Replika.<\/p>","protected":false},"featured_media":18341,"template":"","meta":[],"product_brand":[],"product_cat":[470],"product_tag":[],"class_list":{"0":"post-18344","1":"product","2":"type-product","3":"status-publish","4":"has-post-thumbnail","6":"product_cat-rodpunktssikten","7":"pa_brand-theta-optics","8":"pa_farg-svart","10":"first","11":"outofstock","12":"sale","13":"taxable","14":"shipping-taxable","15":"purchasable","16":"product-type-simple"},"_links":{"self":[{"href":"https:\/\/ak47.nu\/fr\/wp-json\/wp\/v2\/product\/18344","targetHints":{"allow":["GET"]}}],"collection":[{"href":"https:\/\/ak47.nu\/fr\/wp-json\/wp\/v2\/product"}],"about":[{"href":"https:\/\/ak47.nu\/fr\/wp-json\/wp\/v2\/types\/product"}],"wp:featuredmedia":[{"embeddable":true,"href":"https:\/\/ak47.nu\/fr\/wp-json\/wp\/v2\/media\/18341"}],"wp:attachment":[{"href":"https:\/\/ak47.nu\/fr\/wp-json\/wp\/v2\/media?parent=18344"}],"wp:term":[{"taxonomy":"product_brand","embeddable":true,"href":"https:\/\/ak47.nu\/fr\/wp-json\/wp\/v2\/product_brand?post=18344"},{"taxonomy":"product_cat","embeddable":true,"href":"https:\/\/ak47.nu\/fr\/wp-json\/wp\/v2\/product_cat?post=18344"},{"taxonomy":"product_tag","embeddable":true,"href":"https:\/\/ak47.nu\/fr\/wp-json\/wp\/v2\/product_tag?post=18344"}],"curies":[{"name":"wp","href":"https:\/\/api.w.org\/{rel}","templated":true}]}}