{"id":18413,"date":"2022-05-06T08:40:21","date_gmt":"2022-05-06T06:40:21","guid":{"rendered":"https:\/\/ak47.nu\/produkt\/theta-optics-battle-reflexsikte-replika-tan\/"},"modified":"2025-08-21T11:14:39","modified_gmt":"2025-08-21T09:14:39","slug":"replique-viseur-reflex-battle-theta-optics-tan","status":"publish","type":"product","link":"https:\/\/ak47.nu\/fr\/produit\/tillbehor-2\/optik\/rodpunktssikten\/replique-viseur-reflex-battle-theta-optics-tan\/","title":{"rendered":"R\u00e9plique Viseur Reflex Battle Theta Optics - Tan"},"content":{"rendered":"<h1>R\u00e9plique Viseur Reflex Battle Theta Optics - Tan<\/h1>\n<h2>Vis\u00e9e rapide et pr\u00e9cise avec le viseur reflex Battle Theta Optics<\/h2>\n<p>Le viseur reflex Battle Theta Optics\u2122 , enferm\u00e9 dans un bo\u00eetier m\u00e9tallique robuste, vous offre une vis\u00e9e rapide et pr\u00e9cise dans toutes les situations. Aliment\u00e9 par trois piles AG13, il offre des options de points verts et rouges pour une visibilit\u00e9 optimale de jour comme de nuit. Ajustez le point de vis\u00e9e en douceur verticalement et horizontalement pour r\u00e9pondre \u00e0 vos besoins. Gr\u00e2ce \u00e0 plusieurs r\u00e9glages de luminosit\u00e9, vous pouvez personnaliser la vis\u00e9e en fonction des conditions d'\u00e9clairage ambiantes.<\/p>\n<p>Ce viseur reflex se monte facilement sur un rail RIS standard de 22 mm, ce qui en fait un accessoire polyvalent pour vos armes d'airsoft et d'entra\u00eenement. Vous voulez voir d'autres <a href=\"https:\/\/ak47.nu\/fr\/butik\/\">viseurs similaires<\/a> ? Ne manquez pas notre gamme d'<a href=\"https:\/\/ak47.nu\/fr\/tillbehor-2\/optik\/\">accessoires optiques<\/a> de haute qualit\u00e9. Explorez notre gamme et am\u00e9liorez votre \u00e9quipement d\u00e8s aujourd'hui !<\/p>\n\n<h3>Caract\u00e9ristiques et avantages :<\/h3>\n<ul>\n <li><strong>Bo\u00eetier m\u00e9tallique :<\/strong> Protection durable pour une utilisation \u00e0 long terme.<\/li>\n <li><strong>Point rouge\/vert :<\/strong> Choisissez la couleur qui convient le mieux aux conditions d'\u00e9clairage actuelles.<\/li>\n <li><strong>Luminosit\u00e9 r\u00e9glable :<\/strong> Personnalisez la luminosit\u00e9 pour une visibilit\u00e9 optimale dans diff\u00e9rents environnements.<\/li>\n <li><strong>Montage RIS 22 mm :<\/strong> Montage facile et s\u00fbr sur les rails RIS standard.<\/li>\n <li><strong>Vis\u00e9e rapide :<\/strong> Am\u00e9liorez votre temps de r\u00e9action et votre pr\u00e9cision.<\/li>\n<\/ul>\n\n<h3>Theta Optics\u2122 - La qualit\u00e9 \u00e0 un prix abordable<\/h3>\n<p>Theta Optics\u2122 s'efforce de proposer des \u00e9quipements optiques de haute qualit\u00e9 et d'\u00e9largir sa gamme avec des solutions innovantes. Chaque produit est soigneusement test\u00e9 avant son lancement afin de garantir la meilleure qualit\u00e9 possible. Si vous recherchez un produit de haute qualit\u00e9 \u00e0 un prix abordable, Theta Optics\u2122 est le bon choix. Visitez <a href=\"https:\/\/ak47.nu\/fr\/\">notre site web<\/a> pour d\u00e9couvrir toute notre gamme.<\/p>\n\n<h3>Sp\u00e9cifications :<\/h3>\n<ul>\n <li>Mat\u00e9riau : M\u00e9tal<\/li>\n <li>Longueur : 130 mm<\/li>\n <li>Poids : 305 g<\/li>\n <li>Couleur : Tan<\/li>\n <li>Couleur du point : Rouge\/Vert<\/li>\n <li>Montage : RIS 22 mm<\/li>\n<\/ul>\n\n<h3>Inclus dans le set :<\/h3>\n<ul>\n <li>Viseur reflex Battle<\/li>\n <li>Cache-objectifs rabattables<\/li>\n <li>Cl\u00e9 Allen<\/li>\n <li>Manuel d'utilisation<\/li>\n <li>Chiffon de nettoyage<\/li>\n <li>Trois piles AG13<\/li>\n<\/ul>","protected":false},"excerpt":{"rendered":"<p>Theta Optics &#8211; Battle Reflexsikte Replika &#8211; Tan \u00e4r en h\u00f6gkvalitativ och prisv\u00e4rd replika av ett reflexsikte fr\u00e5n Theta Optics. Med sin tan-f\u00e4rgade design och avancerade funktioner \u00e4r detta reflexsikte perfekt f\u00f6r taktiska strider och \u00f6kar precisionen och tr\u00e4ffs\u00e4kerheten f\u00f6r skyttar. K\u00f6p Theta Optics &#8211; Battle Reflexsikte Replika &#8211; Tan till ett f\u00f6rm\u00e5nligt pris f\u00f6r att f\u00f6rb\u00e4ttra ditt vapen och optimera din skjutupplevelse.<\/p>","protected":false},"featured_media":18406,"template":"","meta":[],"product_brand":[],"product_cat":[468,470,450],"product_tag":[],"class_list":{"0":"post-18413","1":"product","2":"type-product","3":"status-publish","4":"has-post-thumbnail","6":"product_cat-optik","7":"product_cat-rodpunktssikten","8":"product_cat-tillbehor-2","9":"pa_brand-theta-optics","11":"first","12":"outofstock","13":"sale","14":"taxable","15":"shipping-taxable","16":"purchasable","17":"product-type-simple"},"_links":{"self":[{"href":"https:\/\/ak47.nu\/fr\/wp-json\/wp\/v2\/product\/18413","targetHints":{"allow":["GET"]}}],"collection":[{"href":"https:\/\/ak47.nu\/fr\/wp-json\/wp\/v2\/product"}],"about":[{"href":"https:\/\/ak47.nu\/fr\/wp-json\/wp\/v2\/types\/product"}],"wp:featuredmedia":[{"embeddable":true,"href":"https:\/\/ak47.nu\/fr\/wp-json\/wp\/v2\/media\/18406"}],"wp:attachment":[{"href":"https:\/\/ak47.nu\/fr\/wp-json\/wp\/v2\/media?parent=18413"}],"wp:term":[{"taxonomy":"product_brand","embeddable":true,"href":"https:\/\/ak47.nu\/fr\/wp-json\/wp\/v2\/product_brand?post=18413"},{"taxonomy":"product_cat","embeddable":true,"href":"https:\/\/ak47.nu\/fr\/wp-json\/wp\/v2\/product_cat?post=18413"},{"taxonomy":"product_tag","embeddable":true,"href":"https:\/\/ak47.nu\/fr\/wp-json\/wp\/v2\/product_tag?post=18413"}],"curies":[{"name":"wp","href":"https:\/\/api.w.org\/{rel}","templated":true}]}}